{"id":6802,"date":"2024-09-24T17:15:45","date_gmt":"2024-09-24T15:15:45","guid":{"rendered":"https:\/\/healingofsouls.com\/no\/?post_type=product&#038;p=6802"},"modified":"2024-09-24T17:35:10","modified_gmt":"2024-09-24T15:35:10","slug":"pendulering-til-ja-nei-sporsmal-med-en-liten-veiledning","status":"publish","type":"product","link":"https:\/\/healingofsouls.com\/no\/produkt\/pendulering-til-ja-nei-sporsmal-med-en-liten-veiledning\/","title":{"rendered":"Pendulering til ja\/nei sp\u00f8rsm\u00e5l med en liten veiledning"},"content":{"rendered":"","protected":false},"excerpt":{"rendered":"<p>Har du ulike sp\u00f8rsm\u00e5l du vil ha enkle svar p\u00e5? Dette er et rimelig alternativ for deg som har ja\/nei sp\u00f8rsm\u00e5l og trenger tydelige og korte svar + en liten veiledning.<\/p>\n","protected":false},"featured_media":6793,"template":"","meta":[],"product_brand":[],"product_cat":[59],"product_tag":[],"class_list":{"0":"post-6802","1":"product","2":"type-product","3":"status-publish","4":"has-post-thumbnail","6":"product_cat-mine-tjenester","8":"first","9":"instock","10":"shipping-taxable","11":"purchasable","12":"product-type-variable"},"_links":{"self":[{"href":"https:\/\/healingofsouls.com\/no\/wp-json\/wp\/v2\/product\/6802","targetHints":{"allow":["GET"]}}],"collection":[{"href":"https:\/\/healingofsouls.com\/no\/wp-json\/wp\/v2\/product"}],"about":[{"href":"https:\/\/healingofsouls.com\/no\/wp-json\/wp\/v2\/types\/product"}],"version-history":[{"count":1,"href":"https:\/\/healingofsouls.com\/no\/wp-json\/wp\/v2\/product\/6802\/revisions"}],"predecessor-version":[{"id":6807,"href":"https:\/\/healingofsouls.com\/no\/wp-json\/wp\/v2\/product\/6802\/revisions\/6807"}],"wp:featuredmedia":[{"embeddable":true,"href":"https:\/\/healingofsouls.com\/no\/wp-json\/wp\/v2\/media\/6793"}],"wp:attachment":[{"href":"https:\/\/healingofsouls.com\/no\/wp-json\/wp\/v2\/media?parent=6802"}],"wp:term":[{"taxonomy":"product_brand","embeddable":true,"href":"https:\/\/healingofsouls.com\/no\/wp-json\/wp\/v2\/product_brand?post=6802"},{"taxonomy":"product_cat","embeddable":true,"href":"https:\/\/healingofsouls.com\/no\/wp-json\/wp\/v2\/product_cat?post=6802"},{"taxonomy":"product_tag","embeddable":true,"href":"https:\/\/healingofsouls.com\/no\/wp-json\/wp\/v2\/product_tag?post=6802"}],"curies":[{"name":"wp","href":"https:\/\/api.w.org\/{rel}","templated":true}]}}