{"id":6786,"date":"2024-09-24T17:08:46","date_gmt":"2024-09-24T15:08:46","guid":{"rendered":"https:\/\/healingofsouls.com\/no\/?post_type=product&#038;p=6786"},"modified":"2024-09-24T17:11:52","modified_gmt":"2024-09-24T15:11:52","slug":"kortlegg","status":"publish","type":"product","link":"https:\/\/healingofsouls.com\/no\/produkt\/kortlegg\/","title":{"rendered":"KORTLEGG"},"content":{"rendered":"","protected":false},"excerpt":{"rendered":"<p>Jeg legger kortlegg for deg. Jeg bruker tarot, Lenormand og andre orakelkort.<\/p>\n<p>Det mest effektive er at du forteller spesifikt hva du lurer p\u00e5 og jeg vil se p\u00e5 temaet \/ temaene. Jo mer spesifikt sp\u00f8rsm\u00e5l, jo mer spesifikt svar f\u00e5r du. Jo flere ting du lurer p\u00e5, jo lurere er det for deg \u00e5 ta et st\u00f8rre kortlegg. Jeg forteller deg om energien som kommer opp per dags dato om du fortsetter p\u00e5 den veien du for tiden g\u00e5r. Vi mennesker har fri vilje og kan lett endre veien v\u00e5r. Derfor er det viktig du tar kortlegget som en veiledning om hvordan st\u00e5a ser ut energimessig, men ikke glemmer at du har fri vilje og mulighet til \u00e5 forbedre\/ forverre situasjonen din.<\/p>\n<p>Du kan sende meg en bestilling p\u00e5 hello@healingofsouls.com og del med meg hva du \u00f8nsker jeg skal se p\u00e5 og du vil f\u00e5 en dato der du mottar tjenesten. Du kan ogs\u00e5 bestille via produktsiden her. Skriv i notatfeltet i bestillingen grundig hva du lurer p\u00e5 og jeg vil ta kontakt med deg p\u00e5 e-post innen 24 timer for \u00e5 f\u00e5 oppklaring \/ avtale dato du f\u00e5r kortlegget. I enkelte perioder har jeg det travelt og det vil ta noen dager f\u00f8r du f\u00e5r kortlesningen, i andre perioder kan jeg gi deg kortlesningen raskt. Ta derfor kontakt om du lurer p\u00e5 noe eller lurer p\u00e5 n\u00e5r jeg er ledig.<\/p>\n","protected":false},"featured_media":6792,"template":"","meta":[],"product_brand":[],"product_cat":[59],"product_tag":[],"class_list":{"0":"post-6786","1":"product","2":"type-product","3":"status-publish","4":"has-post-thumbnail","6":"product_cat-mine-tjenester","8":"first","9":"instock","10":"shipping-taxable","11":"purchasable","12":"product-type-variable"},"_links":{"self":[{"href":"https:\/\/healingofsouls.com\/no\/wp-json\/wp\/v2\/product\/6786","targetHints":{"allow":["GET"]}}],"collection":[{"href":"https:\/\/healingofsouls.com\/no\/wp-json\/wp\/v2\/product"}],"about":[{"href":"https:\/\/healingofsouls.com\/no\/wp-json\/wp\/v2\/types\/product"}],"version-history":[{"count":2,"href":"https:\/\/healingofsouls.com\/no\/wp-json\/wp\/v2\/product\/6786\/revisions"}],"predecessor-version":[{"id":6801,"href":"https:\/\/healingofsouls.com\/no\/wp-json\/wp\/v2\/product\/6786\/revisions\/6801"}],"wp:featuredmedia":[{"embeddable":true,"href":"https:\/\/healingofsouls.com\/no\/wp-json\/wp\/v2\/media\/6792"}],"wp:attachment":[{"href":"https:\/\/healingofsouls.com\/no\/wp-json\/wp\/v2\/media?parent=6786"}],"wp:term":[{"taxonomy":"product_brand","embeddable":true,"href":"https:\/\/healingofsouls.com\/no\/wp-json\/wp\/v2\/product_brand?post=6786"},{"taxonomy":"product_cat","embeddable":true,"href":"https:\/\/healingofsouls.com\/no\/wp-json\/wp\/v2\/product_cat?post=6786"},{"taxonomy":"product_tag","embeddable":true,"href":"https:\/\/healingofsouls.com\/no\/wp-json\/wp\/v2\/product_tag?post=6786"}],"curies":[{"name":"wp","href":"https:\/\/api.w.org\/{rel}","templated":true}]}}