{"id":6708,"date":"2024-09-24T17:45:12","date_gmt":"2024-09-24T15:45:12","guid":{"rendered":"https:\/\/healingofsouls.com\/no\/?post_type=product&#038;p=6708"},"modified":"2024-09-24T17:45:30","modified_gmt":"2024-09-24T15:45:30","slug":"chakrabalansering","status":"publish","type":"product","link":"https:\/\/healingofsouls.com\/no\/produkt\/chakrabalansering\/","title":{"rendered":"2 x Chakra balansering med healing"},"content":{"rendered":"","protected":false},"excerpt":{"rendered":"<p>Trenger du \u00e5 f\u00e5 mer balanse? Har du ubalanse og grums i kroppen? Kanskje du er syk og trenger litt drahjelp for \u00e5 bli kvitt grums i kroppen raskere? Eller trenger du hjelp til \u00e5 gi slipp p\u00e5 gammelt grums som har satt seg i kroppen?<\/p>\n<p>Da kan det hende chakrabalansering er noe for deg. Vi avtaler tid der jeg begynner \u00e5 jobbe med deg. Jeg jorder deg, kaller inn hjelperne v\u00e5re og jobber med chakraene. Deretter sender jeg deg en melding n\u00e5r jeg er ferdig med en liten rapport om det som dukket opp og r\u00e5d videre.<\/p>\n<p>Etter to ukers tid kan jeg sjekke chakraene dine igjen. Om du \u00f8nsker dette, sender du is\u00e5fall en melding.<\/p>\n","protected":false},"featured_media":6794,"template":"","meta":[],"product_brand":[],"product_cat":[59],"product_tag":[],"class_list":{"0":"post-6708","1":"product","2":"type-product","3":"status-publish","4":"has-post-thumbnail","6":"product_cat-mine-tjenester","8":"first","9":"instock","10":"virtual","11":"purchasable","12":"product-type-simple"},"_links":{"self":[{"href":"https:\/\/healingofsouls.com\/no\/wp-json\/wp\/v2\/product\/6708","targetHints":{"allow":["GET"]}}],"collection":[{"href":"https:\/\/healingofsouls.com\/no\/wp-json\/wp\/v2\/product"}],"about":[{"href":"https:\/\/healingofsouls.com\/no\/wp-json\/wp\/v2\/types\/product"}],"version-history":[{"count":1,"href":"https:\/\/healingofsouls.com\/no\/wp-json\/wp\/v2\/product\/6708\/revisions"}],"predecessor-version":[{"id":6818,"href":"https:\/\/healingofsouls.com\/no\/wp-json\/wp\/v2\/product\/6708\/revisions\/6818"}],"wp:featuredmedia":[{"embeddable":true,"href":"https:\/\/healingofsouls.com\/no\/wp-json\/wp\/v2\/media\/6794"}],"wp:attachment":[{"href":"https:\/\/healingofsouls.com\/no\/wp-json\/wp\/v2\/media?parent=6708"}],"wp:term":[{"taxonomy":"product_brand","embeddable":true,"href":"https:\/\/healingofsouls.com\/no\/wp-json\/wp\/v2\/product_brand?post=6708"},{"taxonomy":"product_cat","embeddable":true,"href":"https:\/\/healingofsouls.com\/no\/wp-json\/wp\/v2\/product_cat?post=6708"},{"taxonomy":"product_tag","embeddable":true,"href":"https:\/\/healingofsouls.com\/no\/wp-json\/wp\/v2\/product_tag?post=6708"}],"curies":[{"name":"wp","href":"https:\/\/api.w.org\/{rel}","templated":true}]}}