{"id":6567,"date":"2024-03-03T19:28:45","date_gmt":"2024-03-03T18:28:45","guid":{"rendered":"https:\/\/healingofsouls.com\/no\/?post_type=product&#038;p=6567"},"modified":"2024-03-03T19:30:54","modified_gmt":"2024-03-03T18:30:54","slug":"hekseruner-betydning-e-bok","status":"publish","type":"product","link":"https:\/\/healingofsouls.com\/no\/produkt\/hekseruner-betydning-e-bok\/","title":{"rendered":"Hekseruner betydning e-bok"},"content":{"rendered":"","protected":false},"excerpt":{"rendered":"<p>Har du hekseruner og vil bli mer komfortabel n\u00e5r du tolker dem for deg selv eller klienter? Da kan dette heftet hjelpe deg. Dette heftet tar for seg hva hver enkel av de 13 hekserunene betyr i temaene kj\u00e6rlighet for single, kj\u00e6rlighet for de i forhold, \u00f8konomi, karriere, generell betydning og velv\u00e6re. Dette gj\u00f8r at du f\u00e5r et utmerket utgangspunkt n\u00e5r du skal trekke hekseruner for deg selv og du slipper \u00e5 bruke lang tid p\u00e5 \u00e5 finne tolkninger. Du bare tar disse hekserunebetydningene og gj\u00f8r de til ditt eget.<\/p>\n<p>Dette heftet kan du laste ned og bruke til personlig bruk n\u00e5r betalingen er registrert i systemet.<\/p>\n","protected":false},"featured_media":6568,"template":"","meta":[],"product_brand":[],"product_cat":[56],"product_tag":[],"class_list":{"0":"post-6567","1":"product","2":"type-product","3":"status-publish","4":"has-post-thumbnail","6":"product_cat-hekseruner-e-bok","8":"first","9":"instock","10":"downloadable","11":"shipping-taxable","12":"purchasable","13":"product-type-simple"},"_links":{"self":[{"href":"https:\/\/healingofsouls.com\/no\/wp-json\/wp\/v2\/product\/6567","targetHints":{"allow":["GET"]}}],"collection":[{"href":"https:\/\/healingofsouls.com\/no\/wp-json\/wp\/v2\/product"}],"about":[{"href":"https:\/\/healingofsouls.com\/no\/wp-json\/wp\/v2\/types\/product"}],"version-history":[{"count":1,"href":"https:\/\/healingofsouls.com\/no\/wp-json\/wp\/v2\/product\/6567\/revisions"}],"predecessor-version":[{"id":6570,"href":"https:\/\/healingofsouls.com\/no\/wp-json\/wp\/v2\/product\/6567\/revisions\/6570"}],"wp:featuredmedia":[{"embeddable":true,"href":"https:\/\/healingofsouls.com\/no\/wp-json\/wp\/v2\/media\/6568"}],"wp:attachment":[{"href":"https:\/\/healingofsouls.com\/no\/wp-json\/wp\/v2\/media?parent=6567"}],"wp:term":[{"taxonomy":"product_brand","embeddable":true,"href":"https:\/\/healingofsouls.com\/no\/wp-json\/wp\/v2\/product_brand?post=6567"},{"taxonomy":"product_cat","embeddable":true,"href":"https:\/\/healingofsouls.com\/no\/wp-json\/wp\/v2\/product_cat?post=6567"},{"taxonomy":"product_tag","embeddable":true,"href":"https:\/\/healingofsouls.com\/no\/wp-json\/wp\/v2\/product_tag?post=6567"}],"curies":[{"name":"wp","href":"https:\/\/api.w.org\/{rel}","templated":true}]}}