{"id":6151,"date":"2024-02-24T23:29:03","date_gmt":"2024-02-24T22:29:03","guid":{"rendered":"https:\/\/healingofsouls.com\/no\/?post_type=product&#038;p=6151"},"modified":"2024-09-24T18:24:08","modified_gmt":"2024-09-24T16:24:08","slug":"lenormandkurs","status":"publish","type":"product","link":"https:\/\/healingofsouls.com\/no\/produkt\/lenormandkurs\/","title":{"rendered":"Lenormandkurs"},"content":{"rendered":"","protected":false},"excerpt":{"rendered":"<p><strong>Om kurset:<\/strong><br \/>\nI dette kurset l\u00e6rer du om Lenormandkort systemet, som er et helt annet system enn tarot og andre orakelkort. Alle videoene er tekstet.<\/p>\n<p><strong>Dette Lenormandkurset passer for deg:<\/strong><br \/>\n-som vil l\u00e6re Lenormand.<br \/>\n-som syns tarot er vanskelig og vil bruke et mye enklere alternativ.<br \/>\n-som har pr\u00f8vd \u00e5 studere Lenormand p\u00e5 egenh\u00e5nd og vil ha litt ekstra hjelp.<br \/>\n-som er selvdreven og forst\u00e5r at \u00f8velse gj\u00f8r mester.<\/p>\n<p><strong>Kursets innhold:<\/strong><br \/>\n\u2013 Introduksjon av kortene.<br \/>\n\u2013 Tips og triks om hvordan lese Lenormand.<br \/>\n\u2013 Mange kortlegg eksempler med 3, 5, 9 og 36 kort, i tillegg til positive, negative og n\u00f8ytrale kort og fokuskort\/n\u00f8kkelkort kortlegg.<br \/>\n\u2013 Diverse kortlesnings triks og tips.<br \/>\n\u2013 Mulighet til \u00e5 laste ned kortleggmaler.<\/p>\n<p><strong>Varighet:<\/strong><br \/>\nDu har tilgang til kurset i <strong>hele 12 m\u00e5neder<\/strong> fra datoen ditt kj\u00f8p blir registrert i systemet.<\/p>\n<p><strong>Hvordan f\u00e5r du tilgang til kurset:<\/strong><br \/>\nN\u00e5r du kj\u00f8per kurset, kan du trykke p\u00e5 Opprett en konto (dersom du ikke allerede har det). Har du ikke f\u00e5tt kurstilgang innen 48 timer, ta kontakt p\u00e5 e-post hello@healingofsouls.com eller p\u00e5 <u><a href=\"http:\/\/www.facebook.com\/healingofsoulsnorge\">Facebook.\u00a0 <\/a><\/u>Deretter logger du deg inn via forsiden og klikker p\u00e5 <u><a href=\"https:\/\/healingofsouls.com\/no\/min-konto\/\">Kontoinnlogging<\/a><\/u> og <u><a href=\"https:\/\/healingofsouls.com\/no\/kurs\/\">Dine p\u00e5meldte kurs<\/a><\/u>. Da vil du se en oversikt over kursene du har tilgang p\u00e5.<\/p>\n<p>Dette kurset er laget i samarbeid med <a href=\"https:\/\/wisdomfromthecards.com\">Wisdom from the cards<\/a>.<\/p>\n","protected":false},"featured_media":6822,"template":"","meta":[],"product_brand":[],"product_cat":[54],"product_tag":[],"class_list":{"0":"post-6151","1":"product","2":"type-product","3":"status-publish","4":"has-post-thumbnail","6":"product_cat-lenormandkurs","8":"first","9":"instock","10":"sale","11":"virtual","12":"purchasable","13":"product-type-simple"},"_links":{"self":[{"href":"https:\/\/healingofsouls.com\/no\/wp-json\/wp\/v2\/product\/6151","targetHints":{"allow":["GET"]}}],"collection":[{"href":"https:\/\/healingofsouls.com\/no\/wp-json\/wp\/v2\/product"}],"about":[{"href":"https:\/\/healingofsouls.com\/no\/wp-json\/wp\/v2\/types\/product"}],"version-history":[{"count":4,"href":"https:\/\/healingofsouls.com\/no\/wp-json\/wp\/v2\/product\/6151\/revisions"}],"predecessor-version":[{"id":6614,"href":"https:\/\/healingofsouls.com\/no\/wp-json\/wp\/v2\/product\/6151\/revisions\/6614"}],"wp:featuredmedia":[{"embeddable":true,"href":"https:\/\/healingofsouls.com\/no\/wp-json\/wp\/v2\/media\/6822"}],"wp:attachment":[{"href":"https:\/\/healingofsouls.com\/no\/wp-json\/wp\/v2\/media?parent=6151"}],"wp:term":[{"taxonomy":"product_brand","embeddable":true,"href":"https:\/\/healingofsouls.com\/no\/wp-json\/wp\/v2\/product_brand?post=6151"},{"taxonomy":"product_cat","embeddable":true,"href":"https:\/\/healingofsouls.com\/no\/wp-json\/wp\/v2\/product_cat?post=6151"},{"taxonomy":"product_tag","embeddable":true,"href":"https:\/\/healingofsouls.com\/no\/wp-json\/wp\/v2\/product_tag?post=6151"}],"curies":[{"name":"wp","href":"https:\/\/api.w.org\/{rel}","templated":true}]}}