{"id":6094,"date":"2024-02-24T21:41:09","date_gmt":"2024-02-24T20:41:09","guid":{"rendered":"https:\/\/healingofsouls.com\/no\/?post_type=product&#038;p=6094"},"modified":"2024-02-27T19:47:47","modified_gmt":"2024-02-27T18:47:47","slug":"lenormand-e-boker-pakkepris","status":"publish","type":"product","link":"https:\/\/healingofsouls.com\/no\/produkt\/lenormand-e-boker-pakkepris\/","title":{"rendered":"Lenormand e-b\u00f8ker pakkepris"},"content":{"rendered":"","protected":false},"excerpt":{"rendered":"<p>Her finner du alle de tre ulike PDF-ene til pakkepris.<\/p>\n<p>Dette er alts\u00e5 tre PDF dokumenter til en rabattert pris. Du f\u00e5r tilgang til e-b\u00f8kene n\u00e5r betalingen er registrert i systemet.<\/p>\n","protected":false},"featured_media":6295,"template":"","meta":[],"product_brand":[],"product_cat":[52,53],"product_tag":[],"class_list":{"0":"post-6094","1":"product","2":"type-product","3":"status-publish","4":"has-post-thumbnail","6":"product_cat-lenormand","7":"product_cat-lenormand-e-boker","9":"first","10":"instock","11":"sale","12":"downloadable","13":"shipping-taxable","14":"purchasable","15":"product-type-simple"},"_links":{"self":[{"href":"https:\/\/healingofsouls.com\/no\/wp-json\/wp\/v2\/product\/6094","targetHints":{"allow":["GET"]}}],"collection":[{"href":"https:\/\/healingofsouls.com\/no\/wp-json\/wp\/v2\/product"}],"about":[{"href":"https:\/\/healingofsouls.com\/no\/wp-json\/wp\/v2\/types\/product"}],"version-history":[{"count":2,"href":"https:\/\/healingofsouls.com\/no\/wp-json\/wp\/v2\/product\/6094\/revisions"}],"predecessor-version":[{"id":6098,"href":"https:\/\/healingofsouls.com\/no\/wp-json\/wp\/v2\/product\/6094\/revisions\/6098"}],"wp:featuredmedia":[{"embeddable":true,"href":"https:\/\/healingofsouls.com\/no\/wp-json\/wp\/v2\/media\/6295"}],"wp:attachment":[{"href":"https:\/\/healingofsouls.com\/no\/wp-json\/wp\/v2\/media?parent=6094"}],"wp:term":[{"taxonomy":"product_brand","embeddable":true,"href":"https:\/\/healingofsouls.com\/no\/wp-json\/wp\/v2\/product_brand?post=6094"},{"taxonomy":"product_cat","embeddable":true,"href":"https:\/\/healingofsouls.com\/no\/wp-json\/wp\/v2\/product_cat?post=6094"},{"taxonomy":"product_tag","embeddable":true,"href":"https:\/\/healingofsouls.com\/no\/wp-json\/wp\/v2\/product_tag?post=6094"}],"curies":[{"name":"wp","href":"https:\/\/api.w.org\/{rel}","templated":true}]}}