{"id":6089,"date":"2024-02-24T21:17:39","date_gmt":"2024-02-24T20:17:39","guid":{"rendered":"https:\/\/healingofsouls.com\/no\/?post_type=product&#038;p=6089"},"modified":"2024-02-27T19:48:45","modified_gmt":"2024-02-27T18:48:45","slug":"laer-lenormand-kortlegg-teknikker-76-sider","status":"publish","type":"product","link":"https:\/\/healingofsouls.com\/no\/produkt\/laer-lenormand-kortlegg-teknikker-76-sider\/","title":{"rendered":"L\u00e6r Lenormand kortlegg teknikker, 76 sider"},"content":{"rendered":"","protected":false},"excerpt":{"rendered":"<p>I denne PDF-en l\u00e6rer du om Lenormandkortene og hvordan du kan lese ulike kortlegg med 3 kort, 5 kort, 9, kort, fortid-n\u00e5tid-fremtid og Grand tableau og diverse kortlegg teknikker. Dette er et omfattende PDF som l\u00e6rer deg \u00e5 legge Lenormandkort med grundig forklaring og kortlegg eksempler med tolkninger.<\/p>\n<p>Du f\u00e5r umiddelbar tilgang til dokumentet etter at betaling er registrert i systemet. Dokumentet er p\u00e5 totalt 76 sider. Dette er et dokument for deg som vil l\u00e6re \u00e5 legge og tolke Lenormand.<\/p>\n","protected":false},"featured_media":6292,"template":"","meta":[],"product_brand":[],"product_cat":[52,53],"product_tag":[],"class_list":{"0":"post-6089","1":"product","2":"type-product","3":"status-publish","4":"has-post-thumbnail","6":"product_cat-lenormand","7":"product_cat-lenormand-e-boker","9":"first","10":"instock","11":"downloadable","12":"shipping-taxable","13":"purchasable","14":"product-type-simple"},"_links":{"self":[{"href":"https:\/\/healingofsouls.com\/no\/wp-json\/wp\/v2\/product\/6089","targetHints":{"allow":["GET"]}}],"collection":[{"href":"https:\/\/healingofsouls.com\/no\/wp-json\/wp\/v2\/product"}],"about":[{"href":"https:\/\/healingofsouls.com\/no\/wp-json\/wp\/v2\/types\/product"}],"version-history":[{"count":1,"href":"https:\/\/healingofsouls.com\/no\/wp-json\/wp\/v2\/product\/6089\/revisions"}],"predecessor-version":[{"id":6091,"href":"https:\/\/healingofsouls.com\/no\/wp-json\/wp\/v2\/product\/6089\/revisions\/6091"}],"wp:featuredmedia":[{"embeddable":true,"href":"https:\/\/healingofsouls.com\/no\/wp-json\/wp\/v2\/media\/6292"}],"wp:attachment":[{"href":"https:\/\/healingofsouls.com\/no\/wp-json\/wp\/v2\/media?parent=6089"}],"wp:term":[{"taxonomy":"product_brand","embeddable":true,"href":"https:\/\/healingofsouls.com\/no\/wp-json\/wp\/v2\/product_brand?post=6089"},{"taxonomy":"product_cat","embeddable":true,"href":"https:\/\/healingofsouls.com\/no\/wp-json\/wp\/v2\/product_cat?post=6089"},{"taxonomy":"product_tag","embeddable":true,"href":"https:\/\/healingofsouls.com\/no\/wp-json\/wp\/v2\/product_tag?post=6089"}],"curies":[{"name":"wp","href":"https:\/\/api.w.org\/{rel}","templated":true}]}}