{"id":6067,"date":"2024-02-24T20:54:25","date_gmt":"2024-02-24T19:54:25","guid":{"rendered":"https:\/\/healingofsouls.com\/no\/?post_type=product&#038;p=6067"},"modified":"2024-02-27T19:49:54","modified_gmt":"2024-02-27T18:49:54","slug":"lenormand-kortkombinasjon-i-pdf","status":"publish","type":"product","link":"https:\/\/healingofsouls.com\/no\/produkt\/lenormand-kortkombinasjon-i-pdf\/","title":{"rendered":"Lenormand kortkombinasjon, 110 sider"},"content":{"rendered":"","protected":false},"excerpt":{"rendered":"<p>Alle som kan \/ l\u00e6rer Lenormand, vet at kortene tolkes i par, men det er ikke alltid s\u00e5 enkelt \u00e5 forst\u00e5 hva kortene i par betyr selv om du forst\u00e5r hva de betyr hver for seg.<\/p>\n<p>I denne PDF-en f\u00e5r du en oversikt over ulike ting kortkombinasjonene kan st\u00e5 for og den passer utmerket for deg som er litt usikker p\u00e5 Lenormand eller holder p\u00e5 \u00e5 l\u00e6re deg Lenormand og trenger litt drahjelp.<\/p>\n<p>Du f\u00e5r umiddelbart tilgang til dokumentet etter kj\u00f8p. Dokumentet inneholder totalt 110 sider.<\/p>\n","protected":false},"featured_media":6294,"template":"","meta":[],"product_brand":[],"product_cat":[52,53],"product_tag":[],"class_list":{"0":"post-6067","1":"product","2":"type-product","3":"status-publish","4":"has-post-thumbnail","6":"product_cat-lenormand","7":"product_cat-lenormand-e-boker","9":"first","10":"instock","11":"downloadable","12":"shipping-taxable","13":"purchasable","14":"product-type-simple"},"_links":{"self":[{"href":"https:\/\/healingofsouls.com\/no\/wp-json\/wp\/v2\/product\/6067","targetHints":{"allow":["GET"]}}],"collection":[{"href":"https:\/\/healingofsouls.com\/no\/wp-json\/wp\/v2\/product"}],"about":[{"href":"https:\/\/healingofsouls.com\/no\/wp-json\/wp\/v2\/types\/product"}],"version-history":[{"count":3,"href":"https:\/\/healingofsouls.com\/no\/wp-json\/wp\/v2\/product\/6067\/revisions"}],"predecessor-version":[{"id":6081,"href":"https:\/\/healingofsouls.com\/no\/wp-json\/wp\/v2\/product\/6067\/revisions\/6081"}],"wp:featuredmedia":[{"embeddable":true,"href":"https:\/\/healingofsouls.com\/no\/wp-json\/wp\/v2\/media\/6294"}],"wp:attachment":[{"href":"https:\/\/healingofsouls.com\/no\/wp-json\/wp\/v2\/media?parent=6067"}],"wp:term":[{"taxonomy":"product_brand","embeddable":true,"href":"https:\/\/healingofsouls.com\/no\/wp-json\/wp\/v2\/product_brand?post=6067"},{"taxonomy":"product_cat","embeddable":true,"href":"https:\/\/healingofsouls.com\/no\/wp-json\/wp\/v2\/product_cat?post=6067"},{"taxonomy":"product_tag","embeddable":true,"href":"https:\/\/healingofsouls.com\/no\/wp-json\/wp\/v2\/product_tag?post=6067"}],"curies":[{"name":"wp","href":"https:\/\/api.w.org\/{rel}","templated":true}]}}