{"id":5711,"date":"2024-01-02T14:47:46","date_gmt":"2024-01-02T13:47:46","guid":{"rendered":"https:\/\/healingofsouls.com\/no\/?post_type=product&#038;p=5711"},"modified":"2025-06-06T17:31:29","modified_gmt":"2025-06-06T15:31:29","slug":"intuitiv-i-tarot-abonnement-149-per-maned","status":"publish","type":"product","link":"https:\/\/healingofsouls.com\/no\/produkt\/intuitiv-i-tarot-abonnement-149-per-maned\/","title":{"rendered":"Intuitiv i tarot abonnement, 149,- per m\u00e5ned"},"content":{"rendered":"","protected":false},"excerpt":{"rendered":"<p><em>Dette kurset er abonnementet til selvstudium <a href=\"https:\/\/healingofsouls.com\/no\/produkt\/intuitivitarot\">Intuitiv i tarot kurset<\/a>, det mindre selvstudiumkurset til <a href=\"https:\/\/healingofsouls.com\/no\/produkt\/merintuitivitarot\/\">Mer intuitiv i tarot kurset <\/a><\/em><\/p>\n<p>Er du selvdreven og har lyst til \u00e5 l\u00e6re tarot, men har ikke mye penger \/ har god tid og kan studere hardt i en kort periode? Da kan denne abonnementsl\u00f8sningen v\u00e6re noe for deg. Med dette abonnementet f\u00e5r du tilgang til HELE kurset og du kan kansellere medlemskapet ditt n\u00e5r du \u00f8nsker ved \u00e5 sende TAROT STOPP i emnefelt p\u00e5 e-post hello@healingofsouls.com.<\/p>\n<p><strong>Er du for avhengig av tarotboka, lei av at alle tarotb\u00f8ker har ulik betydning og vil trene p\u00e5 \u00e5 lese tarotkort intuitivt ved \u00e5 l\u00e6re om symbolikken i kortene?<\/strong> Da er dette kurset for deg. Du kan starte kurset n\u00e5r p\u00e5meldingen er registrert.<\/p>\n<p><strong>Om kurset:<\/strong><br \/>\nI dette kurset g\u00e5r vi igjennom litt basiskunnskap om tarot for \u00e5 hjelpe deg \u00e5 velge riktige tarotkort, hjelpe deg \u00e5 f\u00e5 et forhold til tarotkortene og rense kortene dine. S\u00e5 har vi ogs\u00e5 egne Store Arkana-, Mynter-, Sverd-, Staver-, Beger- og hoffkort moduler der vi ser p\u00e5 detaljene i kortet. Det er ogs\u00e5 egne moduler der jeg viser sm\u00e5 og st\u00f8rre kortlegg, kortlegg i rett posisjon, kortlegg i omvendt posisjon (opp-ned kort) og kortlegg med hoffkort.<\/p>\n<p><strong>Dette tarotkurset passer for deg:<\/strong><br \/>\n-som er helt fersk i tarot, men vil l\u00e6re litt mer<br \/>\n-som allerede kan noe tarot, men vil l\u00e6re mer<br \/>\n-som med tid og stunder faktisk vil tolke kort selv i stedet for \u00e5 v\u00e6re totalt avhengig av veiledningsboka (selv om den er fin \u00e5 ha p\u00e5 lager)<br \/>\n-som er selvdreven og forst\u00e5r at studier\/\u00f8velse gj\u00f8r mester<\/p>\n<p><strong>Kursets innhold:<\/strong><br \/>\n\u2013 12 moduler om Store Arkana, Stavene, Myntene, Sverdene, Beger, Hoffkort, numerologi, omvendt tarot og kortlegg eksempler.<br \/>\n\u2013 Quizzer<br \/>\n\u2013 Mulighet til \u00e5 laste ned videodokumenter, videomanus og kortlegg mal.<br \/>\n\u2013 Mulighet til \u00e5 laste ned et lite repetisjonshefte med de viktigste punktene<\/p>\n<p><strong>Mer om kurset:<\/strong><br \/>\nDette kurset gj\u00f8r tarot enkelt, men er likevel stort. Kurset best\u00e5r av flere timer med tarotvideoer der vi g\u00e5r igjennom hvert eneste kort, symbolene, fargene i kortene og hvordan du kan tolke kortene + flere tarotlegg og tarot tolkning eksempler. Du f\u00e5r ogs\u00e5 tilgang til en Facebook gruppe der andre kursdeltakere (kanskje) melder seg inn, der du kan finne noen som du kan legge kort p\u00e5 andre (dersom folk melder seg inn i gruppa, selvsagt). Du f\u00e5r ogs\u00e5 laste ned videodokumentene brukt i videoene dersom du vil printe dem ut og ta notater p\u00e5 dem og du f\u00e5r ogs\u00e5 laste ned teksten til videoene, dersom du heller vil lese teksten i stedet for \u00e5 se p\u00e5 videoene.<\/p>\n<p><strong>Kurset bakgrunn:<br \/>\n<\/strong>Jeg ble s\u00e5 lei av tarotkurs der du fikk servert massevis av un\u00f8dvendig informasjon om kortene. Hvordan skulle det hjelpe meg \u00e5 l\u00e6re om kortene og tolke f.eks et kj\u00e6rlighetslegg? I tillegg fikk du servert hva kortene betydde i ulike settinger, som f.eks \u00f8konomi, kj\u00e6rlighet osv. Leser du i tarotb\u00f8ker, s\u00e5 vil du se at de samme kortene har ulik forklaring i ulike b\u00f8ker. Derfor fungerte det ikke for meg \u00e5 f\u00e5 servert hva kortet betyr n\u00e5r det endrer seg fra bok til bok. Dessuten f\u00f8lte jeg det ble feil \u00e5 m\u00e5tte pugge betydningene til alle kortene, i rett posisjon og omvendt posisjon (kort som trekkes reverserte). Jeg bestemte meg for \u00e5 studere tarot n\u00e6rmere og ble kjent med symbolene i tarotkortene, fargene og flere tips og l\u00e6rte meg triks om hvordan du kan tolke tarot intuitivt. De sier det tar \u00e5revis \u00e5 l\u00e6re tarot, men da jeg l\u00e6rte dette, fikk min tarotreise en ordentlig kickstart. I dette kurset deler jeg dette med dere og det krever minimalt med pugging. Har du skrevet notater p\u00e5 ditt eget vis, forst\u00e5r oppsettet og er villig til \u00e5 lytte til intuisjonen din, s\u00e5 klarer du \u00e5 tolke kort i alle slags situasjoner uten \u00e5 m\u00e5tte alltid bruke tarotboka som veiledning. Det er helt i orden \u00e5 bruke tarotboka, men n\u00e5r du klarer \u00e5 forst\u00e5 kortene dine, s\u00e5 trenger du boka i mindre grad.<\/p>\n<p><strong>Varighet:<\/strong><br \/>\nDu har tilgang til kurset i s\u00e5 lenge du \u00f8nsker fra datoen ditt kj\u00f8p blir registrert i systemet.<\/p>\n<p><strong>Hvordan f\u00e5r du tilgang til kurset:<\/strong><br \/>\nN\u00e5r du kj\u00f8per kurset, kan du trykke p\u00e5 Opprett en konto (dersom du ikke allerede har gjort det). Du vil motta en e-post n\u00e5r du er registrert i systemet og har f\u00e5tt tilgang til kurset. Har du ikke f\u00e5tt kurstilgang innen 48 timer, ta kontakt p\u00e5 e-post hello@healingofsouls.com eller p\u00e5 <u><a href=\"http:\/\/www.facebook.com\/healingofsoulsnorge\">Facebook.\u00a0 <\/a><\/u>Deretter logger du deg inn via forsiden og klikker p\u00e5 <u><a href=\"https:\/\/healingofsouls.com\/no\/min-konto\/\">Kontoinnlogging<\/a><\/u> og <u><a href=\"https:\/\/healingofsouls.com\/no\/kurs\/\">Dine p\u00e5meldte kurs<\/a><\/u>. Da vil du se en oversikt over kursene du har tilgang p\u00e5.<\/p>\n<p>Dette kurset er selvstudium kurset til <a href=\"https:\/\/healingofsouls.com\/no\/produkt\/merintuitivitarot\/\">Mer intuitiv i tarot kurset<\/a>. Det er kurset for deg som vil ha personlig hjelp i tarotoppl\u00e6ringen. Om du kj\u00f8per dette selvstudium kurset og finner ut at du vil ha personlig hjelp og vil oppgradere kurset, s\u00e5 har du muligheten til det i kursportalen.<\/p>\n[swpm_payment_button id=\"5712\"]\n","protected":false},"featured_media":6823,"template":"","meta":[],"product_brand":[],"product_cat":[49,31],"product_tag":[],"class_list":{"0":"post-5711","1":"product","2":"type-product","3":"status-publish","4":"has-post-thumbnail","6":"product_cat-abonnement","7":"product_cat-tarotkurs","9":"first","10":"instock","11":"virtual","12":"product-type-simple"},"_links":{"self":[{"href":"https:\/\/healingofsouls.com\/no\/wp-json\/wp\/v2\/product\/5711","targetHints":{"allow":["GET"]}}],"collection":[{"href":"https:\/\/healingofsouls.com\/no\/wp-json\/wp\/v2\/product"}],"about":[{"href":"https:\/\/healingofsouls.com\/no\/wp-json\/wp\/v2\/types\/product"}],"version-history":[{"count":2,"href":"https:\/\/healingofsouls.com\/no\/wp-json\/wp\/v2\/product\/5711\/revisions"}],"predecessor-version":[{"id":6849,"href":"https:\/\/healingofsouls.com\/no\/wp-json\/wp\/v2\/product\/5711\/revisions\/6849"}],"wp:featuredmedia":[{"embeddable":true,"href":"https:\/\/healingofsouls.com\/no\/wp-json\/wp\/v2\/media\/6823"}],"wp:attachment":[{"href":"https:\/\/healingofsouls.com\/no\/wp-json\/wp\/v2\/media?parent=5711"}],"wp:term":[{"taxonomy":"product_brand","embeddable":true,"href":"https:\/\/healingofsouls.com\/no\/wp-json\/wp\/v2\/product_brand?post=5711"},{"taxonomy":"product_cat","embeddable":true,"href":"https:\/\/healingofsouls.com\/no\/wp-json\/wp\/v2\/product_cat?post=5711"},{"taxonomy":"product_tag","embeddable":true,"href":"https:\/\/healingofsouls.com\/no\/wp-json\/wp\/v2\/product_tag?post=5711"}],"curies":[{"name":"wp","href":"https:\/\/api.w.org\/{rel}","templated":true}]}}