{"id":5691,"date":"2024-01-02T08:04:50","date_gmt":"2024-01-02T07:04:50","guid":{"rendered":"https:\/\/healingofsouls.com\/no\/?post_type=product&#038;p=5691"},"modified":"2024-09-24T18:26:33","modified_gmt":"2024-09-24T16:26:33","slug":"tarotfacebook","status":"publish","type":"product","link":"https:\/\/healingofsouls.com\/no\/produkt\/tarotfacebook\/","title":{"rendered":"Tarotkurs Facebook, 59,- pr mnd"},"content":{"rendered":"","protected":false},"excerpt":{"rendered":"<p>Vil du oppleve en smakebit av tarotvideoene til Healing of Souls sine tarotkurs? Eller har du mye tid til overs, men lite penger og vil bruke en m\u00e5ned eller to p\u00e5 \u00e5 studere tarot til en billig penge?<\/p>\n<p><strong>I dette selvstudium abonnementet vil du, i <a href=\"https:\/\/www.facebook.com\/groups\/tarotfacebook\">Facebook gruppen<\/a>, f\u00e5 tilgang til:<br \/>\n<\/strong><\/p>\n<div dir=\"auto\">&#8211;\u00a0Video om Store Arkana der vi ser p\u00e5 detaljene i kortene og l\u00e6rer om kortene<\/div>\n<div dir=\"auto\">&#8211; Videoer om Lille Arkana kortene der vi ser p\u00e5 detaljene i kortene og l\u00e6rer om kortene<\/div>\n<div dir=\"auto\">&#8211; Videoer om diverse hoffkort tips<\/div>\n<div dir=\"auto\">&#8211; Videoer om diverse omvendt tarot (kort i opp-ned posisjon) tips<\/div>\n<div dir=\"auto\">&#8211; Numerologi video med mitt personlige numerologi tips for \u00e5 huske numerologien<\/div>\n<div dir=\"auto\">&#8211; Kortlegg eksempler med tolkning fra 2-36 kort.<br \/>\n&#8211; Quizzer.<\/div>\n<p><strong>Du vil ikke f\u00e5 tilgang til:<\/strong><br \/>\n&#8211; Nedlastninger\/PDF (av repetisjonshefte, kortleggmal, videodokument, tekster til videoene) som du vil f\u00e5 hvis du kj\u00f8per tarotkursene.<br \/>\n&#8211; Personlig hjelp og kortlegg utfordringer (som du vil f\u00e5 hvis du kj\u00f8per <strong><a href=\"https:\/\/healingofsouls.com\/no\/produkt\/merintuitivitarot\/\">Mer intuitiv i tarot<\/a>.<\/strong>)<br \/>\n&#8211; Refleksjoner.<\/p>\n<p><strong>Hvordan stoppe abonnementet:<\/strong><br \/>\nDet er ingen bindingstid. Meld deg av n\u00e5r som helst ved \u00e5 sende kodeord &raquo;FBTAROT STOPP&raquo; i emnefeltet p\u00e5 e-post til hello@healingofsouls.com. Du vil bli meldt av innen 48 timer. Ved teknisk feil, ta kontakt og vi vil melde deg av manuelt og eventuelt refundere betaling dersom du i mellomtiden er blitt trukket.<\/p>\n<p><strong>Etter p\u00e5melding:<\/strong><br \/>\nN\u00e5r du har betalt, meld deg inn i <a href=\"https:\/\/www.facebook.com\/groups\/tarotfacebook\">gruppen<\/a> og du vil bli godkjent raskt, i l\u00f8pet av maks 24 timer.<\/p>\n<p><strong>OBS 1 : Hvis du velger \u00e5 oppgradere fra Facebook abonnement til selvstudium kurset <a href=\"https:\/\/healingofsouls.com\/no\/produkt\/nettkursintuitivtarot\/\">Intuitiv i tarot<\/a> eller kurset <a href=\"https:\/\/healingofsouls.com\/no\/produkt\/merintuitivitarot\/\">Mer intuitiv i tarot<\/a>, vil du f\u00e5 refundert pengene for innev\u00e6rende m\u00e5ned \ud83d\ude42<br \/>\n<\/strong><br \/>\n[swpm_payment_button id=5693]<strong><br \/>\n<\/strong><\/p>\n","protected":false},"featured_media":6825,"template":"","meta":[],"product_brand":[],"product_cat":[49,31],"product_tag":[],"class_list":{"0":"post-5691","1":"product","2":"type-product","3":"status-publish","4":"has-post-thumbnail","6":"product_cat-abonnement","7":"product_cat-tarotkurs","9":"first","10":"instock","11":"virtual","12":"product-type-simple"},"_links":{"self":[{"href":"https:\/\/healingofsouls.com\/no\/wp-json\/wp\/v2\/product\/5691","targetHints":{"allow":["GET"]}}],"collection":[{"href":"https:\/\/healingofsouls.com\/no\/wp-json\/wp\/v2\/product"}],"about":[{"href":"https:\/\/healingofsouls.com\/no\/wp-json\/wp\/v2\/types\/product"}],"version-history":[{"count":11,"href":"https:\/\/healingofsouls.com\/no\/wp-json\/wp\/v2\/product\/5691\/revisions"}],"predecessor-version":[{"id":5743,"href":"https:\/\/healingofsouls.com\/no\/wp-json\/wp\/v2\/product\/5691\/revisions\/5743"}],"wp:featuredmedia":[{"embeddable":true,"href":"https:\/\/healingofsouls.com\/no\/wp-json\/wp\/v2\/media\/6825"}],"wp:attachment":[{"href":"https:\/\/healingofsouls.com\/no\/wp-json\/wp\/v2\/media?parent=5691"}],"wp:term":[{"taxonomy":"product_brand","embeddable":true,"href":"https:\/\/healingofsouls.com\/no\/wp-json\/wp\/v2\/product_brand?post=5691"},{"taxonomy":"product_cat","embeddable":true,"href":"https:\/\/healingofsouls.com\/no\/wp-json\/wp\/v2\/product_cat?post=5691"},{"taxonomy":"product_tag","embeddable":true,"href":"https:\/\/healingofsouls.com\/no\/wp-json\/wp\/v2\/product_tag?post=5691"}],"curies":[{"name":"wp","href":"https:\/\/api.w.org\/{rel}","templated":true}]}}