{"id":5534,"date":"2023-11-30T13:39:35","date_gmt":"2023-11-30T12:39:35","guid":{"rendered":"https:\/\/healingofsouls.com\/no\/?post_type=product&#038;p=5534"},"modified":"2024-09-24T18:27:20","modified_gmt":"2024-09-24T16:27:20","slug":"nettkurs-hoffkort-kurs","status":"publish","type":"product","link":"https:\/\/healingofsouls.com\/no\/produkt\/nettkurs-hoffkort-kurs\/","title":{"rendered":"NETTKURS: Hoffkort kurs"},"content":{"rendered":"","protected":false},"excerpt":{"rendered":"<p>Dette kurset inneholder hoffkort modulen til tarotkursene.<\/p>\n<p><strong>Om kurset:<\/strong><br \/>\nI dette kurset g\u00e5r vi igjennom litt basiskunnskap om hoffkort for \u00e5 bli kjent med symbolene i kortene. I tillegg viser jeg triks om hvordan du kan bli bedre kjent med hoffkortene og hvordan du kan bruke hoffkortene i ulike situasjoner.<\/p>\n<p><strong>Dette tarotkurset passer for deg:<\/strong><br \/>\n-som allerede kan litt tarot, men sliter med hoffkort<br \/>\n-som vil l\u00e6re ulike m\u00e5ter \u00e5 bruke hoffkort p\u00e5<br \/>\n-som er selvdreven og forst\u00e5r at studier\/\u00f8velse gj\u00f8r mester<\/p>\n<p><strong>Kursets innhold:<\/strong><br \/>\n\u2013 Detaljene i hoffkortene<br \/>\n\u2013 Ulike tips og triks om hvordan du kan bruke hoffkort i ulike situasjoner<br \/>\n\u2013 Ulike tips og triks om hvordan du kan bruke hoffkort som mennesker<br \/>\n\u2013 Sm\u00e5 kortlegg eksempler<br \/>\n\u2013 Quiz<br \/>\n\u2013 Mulighet til \u00e5 laste ned videodokumenter og videomanus.<\/p>\n<p><strong>Varighet:<\/strong><br \/>\nDu har tilgang til kurset i <strong>hele 12 m\u00e5neder<\/strong> fra datoen ditt kj\u00f8p blir registrert i systemet.<\/p>\n<p><strong>Hvordan f\u00e5r du tilgang til kurset:<\/strong><br \/>\nN\u00e5r du kj\u00f8per kurset, kan du trykke p\u00e5 Opprett en konto (dersom du ikke allerede har det). Du vil motta en e-post n\u00e5r du er registrert i systemet og har f\u00e5tt tilgang til kurset. Har du ikke f\u00e5tt kurstilgang innen 48 timer, ta kontakt p\u00e5 e-post hello@healingofsouls.com eller p\u00e5 <u><a href=\"http:\/\/www.facebook.com\/healingofsoulsnorge\">Facebook.\u00a0 <\/a><\/u>Deretter logger du deg inn via forsiden og klikker p\u00e5 <u><a href=\"https:\/\/healingofsouls.com\/no\/min-konto\/\">Kontoinnlogging<\/a><\/u> og <u><a href=\"https:\/\/healingofsouls.com\/no\/kurs\/\">Dine p\u00e5meldte kurs<\/a><\/u>. Da vil du se en oversikt over kursene du har tilgang p\u00e5.<\/p>\n<p>Dette kurset trenger du ikke \u00e5 kj\u00f8pe hvis du allerede har kj\u00f8pt en av de andre hovedtarot kursene.<\/p>\n","protected":false},"featured_media":6826,"template":"","meta":[],"product_brand":[],"product_cat":[31],"product_tag":[],"class_list":{"0":"post-5534","1":"product","2":"type-product","3":"status-publish","4":"has-post-thumbnail","6":"product_cat-tarotkurs","8":"first","9":"instock","10":"virtual","11":"purchasable","12":"product-type-simple"},"_links":{"self":[{"href":"https:\/\/healingofsouls.com\/no\/wp-json\/wp\/v2\/product\/5534","targetHints":{"allow":["GET"]}}],"collection":[{"href":"https:\/\/healingofsouls.com\/no\/wp-json\/wp\/v2\/product"}],"about":[{"href":"https:\/\/healingofsouls.com\/no\/wp-json\/wp\/v2\/types\/product"}],"version-history":[{"count":3,"href":"https:\/\/healingofsouls.com\/no\/wp-json\/wp\/v2\/product\/5534\/revisions"}],"predecessor-version":[{"id":5538,"href":"https:\/\/healingofsouls.com\/no\/wp-json\/wp\/v2\/product\/5534\/revisions\/5538"}],"wp:featuredmedia":[{"embeddable":true,"href":"https:\/\/healingofsouls.com\/no\/wp-json\/wp\/v2\/media\/6826"}],"wp:attachment":[{"href":"https:\/\/healingofsouls.com\/no\/wp-json\/wp\/v2\/media?parent=5534"}],"wp:term":[{"taxonomy":"product_brand","embeddable":true,"href":"https:\/\/healingofsouls.com\/no\/wp-json\/wp\/v2\/product_brand?post=5534"},{"taxonomy":"product_cat","embeddable":true,"href":"https:\/\/healingofsouls.com\/no\/wp-json\/wp\/v2\/product_cat?post=5534"},{"taxonomy":"product_tag","embeddable":true,"href":"https:\/\/healingofsouls.com\/no\/wp-json\/wp\/v2\/product_tag?post=5534"}],"curies":[{"name":"wp","href":"https:\/\/api.w.org\/{rel}","templated":true}]}}