{"id":5221,"date":"2023-11-26T12:47:22","date_gmt":"2023-11-26T11:47:22","guid":{"rendered":"https:\/\/healingofsouls.com\/no\/?post_type=product&#038;p=5221"},"modified":"2024-01-07T12:02:44","modified_gmt":"2024-01-07T11:02:44","slug":"forlenget-kurstilgang","status":"publish","type":"product","link":"https:\/\/healingofsouls.com\/no\/produkt\/forlenget-kurstilgang\/","title":{"rendered":"Fornyet kurstilgang"},"content":{"rendered":"","protected":false},"excerpt":{"rendered":"<p>Har du kj\u00f8pt kurs med Healing of Souls (Sjelehealing) f\u00f8r og kurstilgangen din har utl\u00f8pt?<br \/>\nEller mister du snart tilgang til kurset du har for \u00f8yeblikket tilgangen?<\/p>\n<p>Da kan du fornye \/ forlenge kurstilgangen.<\/p>\n<p>Har du for tiden tilgang til kurset, vil det bli automatisk forlenget n\u00e5r din n\u00e5v\u00e6rende tilgang g\u00e5r ut. Dersom du vil fornye tilgangen til et kurs du tidligere har kj\u00f8pt (fra 2019), s\u00e5 starter ny tilgang n\u00e5r du betalingen er registrert i systemet. Lag en bruker n\u00e5r du skal betale eller motta en generelt bruker i e-post.<\/p>\n<p>Merk at fornyelse av Mer intuitiv i tarot kurset inneb\u00e6rer IKKE personlig hjelp, men kun videre tilgang til portalen.<\/p>\n","protected":false},"featured_media":5222,"template":"","meta":[],"product_brand":[],"product_cat":[46],"product_tag":[],"class_list":{"0":"post-5221","1":"product","2":"type-product","3":"status-publish","4":"has-post-thumbnail","6":"product_cat-kursforlengelse-og-oppgradering","8":"first","9":"instock","10":"shipping-taxable","11":"purchasable","12":"product-type-variable"},"_links":{"self":[{"href":"https:\/\/healingofsouls.com\/no\/wp-json\/wp\/v2\/product\/5221","targetHints":{"allow":["GET"]}}],"collection":[{"href":"https:\/\/healingofsouls.com\/no\/wp-json\/wp\/v2\/product"}],"about":[{"href":"https:\/\/healingofsouls.com\/no\/wp-json\/wp\/v2\/types\/product"}],"version-history":[{"count":7,"href":"https:\/\/healingofsouls.com\/no\/wp-json\/wp\/v2\/product\/5221\/revisions"}],"predecessor-version":[{"id":5778,"href":"https:\/\/healingofsouls.com\/no\/wp-json\/wp\/v2\/product\/5221\/revisions\/5778"}],"wp:featuredmedia":[{"embeddable":true,"href":"https:\/\/healingofsouls.com\/no\/wp-json\/wp\/v2\/media\/5222"}],"wp:attachment":[{"href":"https:\/\/healingofsouls.com\/no\/wp-json\/wp\/v2\/media?parent=5221"}],"wp:term":[{"taxonomy":"product_brand","embeddable":true,"href":"https:\/\/healingofsouls.com\/no\/wp-json\/wp\/v2\/product_brand?post=5221"},{"taxonomy":"product_cat","embeddable":true,"href":"https:\/\/healingofsouls.com\/no\/wp-json\/wp\/v2\/product_cat?post=5221"},{"taxonomy":"product_tag","embeddable":true,"href":"https:\/\/healingofsouls.com\/no\/wp-json\/wp\/v2\/product_tag?post=5221"}],"curies":[{"name":"wp","href":"https:\/\/api.w.org\/{rel}","templated":true}]}}