{"id":4345,"date":"2023-11-22T16:43:29","date_gmt":"2023-11-22T15:43:29","guid":{"rendered":"https:\/\/healingofsouls.com\/no\/?post_type=product&#038;p=4345"},"modified":"2024-04-08T15:12:46","modified_gmt":"2024-04-08T13:12:46","slug":"fluoritt-armband-2","status":"publish","type":"product","link":"https:\/\/healingofsouls.com\/no\/produkt\/fluoritt-armband-2\/","title":{"rendered":"Fluoritt armb\u00e5nd"},"content":{"rendered":"","protected":false},"excerpt":{"rendered":"<p><strong>GRATIS FRAKT!<\/strong><br \/>\nFluoritt kan gi stress og angst lindring og hjelpe deg \u00e5 f\u00e5 en sunn balansegang i livet. Fluoritt er en stein kjent for klarhet og mental forbedring. Den har evne til \u00e5 hjelpe til med \u00e5 fjerne negativ energi og hjelpe til med beslutninger man m\u00e5 ta. Denne kraftige krystallen er kjent som en absorber av negativ energi, spesielt innenfor ens aura og sinn.<\/p>\n","protected":false},"featured_media":4338,"template":"","meta":[],"product_brand":[],"product_cat":[42,57,58],"product_tag":[],"class_list":{"0":"post-4345","1":"product","2":"type-product","3":"status-publish","4":"has-post-thumbnail","6":"product_cat-krystallarmband","7":"product_cat-krystallsmykker","8":"product_cat-runde-krystallarmband","10":"first","11":"instock","12":"shipping-taxable","13":"purchasable","14":"product-type-simple"},"_links":{"self":[{"href":"https:\/\/healingofsouls.com\/no\/wp-json\/wp\/v2\/product\/4345","targetHints":{"allow":["GET"]}}],"collection":[{"href":"https:\/\/healingofsouls.com\/no\/wp-json\/wp\/v2\/product"}],"about":[{"href":"https:\/\/healingofsouls.com\/no\/wp-json\/wp\/v2\/types\/product"}],"version-history":[{"count":1,"href":"https:\/\/healingofsouls.com\/no\/wp-json\/wp\/v2\/product\/4345\/revisions"}],"predecessor-version":[{"id":4346,"href":"https:\/\/healingofsouls.com\/no\/wp-json\/wp\/v2\/product\/4345\/revisions\/4346"}],"wp:featuredmedia":[{"embeddable":true,"href":"https:\/\/healingofsouls.com\/no\/wp-json\/wp\/v2\/media\/4338"}],"wp:attachment":[{"href":"https:\/\/healingofsouls.com\/no\/wp-json\/wp\/v2\/media?parent=4345"}],"wp:term":[{"taxonomy":"product_brand","embeddable":true,"href":"https:\/\/healingofsouls.com\/no\/wp-json\/wp\/v2\/product_brand?post=4345"},{"taxonomy":"product_cat","embeddable":true,"href":"https:\/\/healingofsouls.com\/no\/wp-json\/wp\/v2\/product_cat?post=4345"},{"taxonomy":"product_tag","embeddable":true,"href":"https:\/\/healingofsouls.com\/no\/wp-json\/wp\/v2\/product_tag?post=4345"}],"curies":[{"name":"wp","href":"https:\/\/api.w.org\/{rel}","templated":true}]}}