{"id":4328,"date":"2023-11-22T15:56:03","date_gmt":"2023-11-22T14:56:03","guid":{"rendered":"https:\/\/healingofsouls.com\/no\/?post_type=product&#038;p=4328"},"modified":"2024-04-08T15:14:39","modified_gmt":"2024-04-08T13:14:39","slug":"sort-turmalin-armband","status":"publish","type":"product","link":"https:\/\/healingofsouls.com\/no\/produkt\/sort-turmalin-armband\/","title":{"rendered":"Sort turmalin armb\u00e5nd"},"content":{"rendered":"","protected":false},"excerpt":{"rendered":"<p><strong>GRATIS FRAKT!<\/strong><br \/>\nSvart turmalin suger til seg negativ energi og kommer med beskyttelse, spesielt for \u00e5ndelige angrep. Dette er en sterk krystall som kan v\u00e6re beskyttende, rensende og kan ta vare p\u00e5 deg.<\/p>\n","protected":false},"featured_media":4329,"template":"","meta":[],"product_brand":[],"product_cat":[42,57,58],"product_tag":[],"class_list":{"0":"post-4328","1":"product","2":"type-product","3":"status-publish","4":"has-post-thumbnail","6":"product_cat-krystallarmband","7":"product_cat-krystallsmykker","8":"product_cat-runde-krystallarmband","10":"first","11":"instock","12":"shipping-taxable","13":"purchasable","14":"product-type-simple"},"_links":{"self":[{"href":"https:\/\/healingofsouls.com\/no\/wp-json\/wp\/v2\/product\/4328","targetHints":{"allow":["GET"]}}],"collection":[{"href":"https:\/\/healingofsouls.com\/no\/wp-json\/wp\/v2\/product"}],"about":[{"href":"https:\/\/healingofsouls.com\/no\/wp-json\/wp\/v2\/types\/product"}],"version-history":[{"count":1,"href":"https:\/\/healingofsouls.com\/no\/wp-json\/wp\/v2\/product\/4328\/revisions"}],"predecessor-version":[{"id":4330,"href":"https:\/\/healingofsouls.com\/no\/wp-json\/wp\/v2\/product\/4328\/revisions\/4330"}],"wp:featuredmedia":[{"embeddable":true,"href":"https:\/\/healingofsouls.com\/no\/wp-json\/wp\/v2\/media\/4329"}],"wp:attachment":[{"href":"https:\/\/healingofsouls.com\/no\/wp-json\/wp\/v2\/media?parent=4328"}],"wp:term":[{"taxonomy":"product_brand","embeddable":true,"href":"https:\/\/healingofsouls.com\/no\/wp-json\/wp\/v2\/product_brand?post=4328"},{"taxonomy":"product_cat","embeddable":true,"href":"https:\/\/healingofsouls.com\/no\/wp-json\/wp\/v2\/product_cat?post=4328"},{"taxonomy":"product_tag","embeddable":true,"href":"https:\/\/healingofsouls.com\/no\/wp-json\/wp\/v2\/product_tag?post=4328"}],"curies":[{"name":"wp","href":"https:\/\/api.w.org\/{rel}","templated":true}]}}