{"id":4322,"date":"2023-11-22T14:36:10","date_gmt":"2023-11-22T13:36:10","guid":{"rendered":"https:\/\/healingofsouls.com\/no\/?post_type=product&#038;p=4322"},"modified":"2024-04-08T14:29:24","modified_gmt":"2024-04-08T12:29:24","slug":"rhodonitt-armband","status":"publish","type":"product","link":"https:\/\/healingofsouls.com\/no\/produkt\/rhodonitt-armband\/","title":{"rendered":"Rhodonitt armb\u00e5nd"},"content":{"rendered":"","protected":false},"excerpt":{"rendered":"<p><strong>GRATIS FRAKT!<br \/>\n<\/strong>Rhodonitt er en krystall som balanserer f\u00f8lelser, gir n\u00e6ring til kj\u00e6rligheten og hjelper deg med s\u00e5r i hjertechakra.<\/p>\n","protected":false},"featured_media":4323,"template":"","meta":[],"product_brand":[],"product_cat":[40,57],"product_tag":[],"class_list":{"0":"post-4322","1":"product","2":"type-product","3":"status-publish","4":"has-post-thumbnail","6":"product_cat-krystallchip-armband","7":"product_cat-krystallsmykker","9":"first","10":"instock","11":"sale","12":"shipping-taxable","13":"purchasable","14":"product-type-simple"},"_links":{"self":[{"href":"https:\/\/healingofsouls.com\/no\/wp-json\/wp\/v2\/product\/4322","targetHints":{"allow":["GET"]}}],"collection":[{"href":"https:\/\/healingofsouls.com\/no\/wp-json\/wp\/v2\/product"}],"about":[{"href":"https:\/\/healingofsouls.com\/no\/wp-json\/wp\/v2\/types\/product"}],"version-history":[{"count":1,"href":"https:\/\/healingofsouls.com\/no\/wp-json\/wp\/v2\/product\/4322\/revisions"}],"predecessor-version":[{"id":4324,"href":"https:\/\/healingofsouls.com\/no\/wp-json\/wp\/v2\/product\/4322\/revisions\/4324"}],"wp:featuredmedia":[{"embeddable":true,"href":"https:\/\/healingofsouls.com\/no\/wp-json\/wp\/v2\/media\/4323"}],"wp:attachment":[{"href":"https:\/\/healingofsouls.com\/no\/wp-json\/wp\/v2\/media?parent=4322"}],"wp:term":[{"taxonomy":"product_brand","embeddable":true,"href":"https:\/\/healingofsouls.com\/no\/wp-json\/wp\/v2\/product_brand?post=4322"},{"taxonomy":"product_cat","embeddable":true,"href":"https:\/\/healingofsouls.com\/no\/wp-json\/wp\/v2\/product_cat?post=4322"},{"taxonomy":"product_tag","embeddable":true,"href":"https:\/\/healingofsouls.com\/no\/wp-json\/wp\/v2\/product_tag?post=4322"}],"curies":[{"name":"wp","href":"https:\/\/api.w.org\/{rel}","templated":true}]}}