{"id":3751,"date":"2023-11-06T19:48:00","date_gmt":"2023-11-06T18:48:00","guid":{"rendered":"https:\/\/healingofsouls.com\/no\/?post_type=product&#038;p=3751"},"modified":"2024-04-08T14:30:18","modified_gmt":"2024-04-08T12:30:18","slug":"3751","status":"publish","type":"product","link":"https:\/\/healingofsouls.com\/no\/produkt\/3751\/","title":{"rendered":"Ametyst armb\u00e5nd"},"content":{"rendered":"","protected":false},"excerpt":{"rendered":"<p class=\"tm6\"><strong>GRATIS FRAKT!<\/strong><br \/>\nAmetyst er en \u00e5ndelig krystall, som sies at kan fremme \u00e5ndelighet, roe ned vanskelige f\u00f8lelser og gi deg dypere forst\u00e5else for hva som skjer.<\/p>\n<p>Armb\u00e5ndet lages i standard st\u00f8rrelse 17-18 cm, men kan lages i valgfri st\u00f8rrelse uten ekstra kostnader. Skriv i ordrefeltet om hvor lang armb\u00e5ndet skal v\u00e6re med minst en cm m\u00e5l (f.eks 20-21 cm eller 15-17 cm) da krystallene er ulike og st\u00f8rrelsen vil dermed variere litt. Alle armb\u00e5nd vil se ulike ut fordi krystallene har ulik form og farge.<\/p>\n","protected":false},"featured_media":3753,"template":"","meta":[],"product_brand":[],"product_cat":[40,57],"product_tag":[],"class_list":{"0":"post-3751","1":"product","2":"type-product","3":"status-publish","4":"has-post-thumbnail","6":"product_cat-krystallchip-armband","7":"product_cat-krystallsmykker","9":"first","10":"instock","11":"sale","12":"shipping-taxable","13":"purchasable","14":"product-type-simple"},"_links":{"self":[{"href":"https:\/\/healingofsouls.com\/no\/wp-json\/wp\/v2\/product\/3751","targetHints":{"allow":["GET"]}}],"collection":[{"href":"https:\/\/healingofsouls.com\/no\/wp-json\/wp\/v2\/product"}],"about":[{"href":"https:\/\/healingofsouls.com\/no\/wp-json\/wp\/v2\/types\/product"}],"version-history":[{"count":4,"href":"https:\/\/healingofsouls.com\/no\/wp-json\/wp\/v2\/product\/3751\/revisions"}],"predecessor-version":[{"id":6666,"href":"https:\/\/healingofsouls.com\/no\/wp-json\/wp\/v2\/product\/3751\/revisions\/6666"}],"wp:featuredmedia":[{"embeddable":true,"href":"https:\/\/healingofsouls.com\/no\/wp-json\/wp\/v2\/media\/3753"}],"wp:attachment":[{"href":"https:\/\/healingofsouls.com\/no\/wp-json\/wp\/v2\/media?parent=3751"}],"wp:term":[{"taxonomy":"product_brand","embeddable":true,"href":"https:\/\/healingofsouls.com\/no\/wp-json\/wp\/v2\/product_brand?post=3751"},{"taxonomy":"product_cat","embeddable":true,"href":"https:\/\/healingofsouls.com\/no\/wp-json\/wp\/v2\/product_cat?post=3751"},{"taxonomy":"product_tag","embeddable":true,"href":"https:\/\/healingofsouls.com\/no\/wp-json\/wp\/v2\/product_tag?post=3751"}],"curies":[{"name":"wp","href":"https:\/\/api.w.org\/{rel}","templated":true}]}}