{"id":3732,"date":"2023-11-06T19:09:51","date_gmt":"2023-11-06T18:09:51","guid":{"rendered":"https:\/\/healingofsouls.com\/no\/?post_type=product&#038;p=3732"},"modified":"2024-04-08T14:31:16","modified_gmt":"2024-04-08T12:31:16","slug":"lys-rosenkvarts-armband","status":"publish","type":"product","link":"https:\/\/healingofsouls.com\/no\/produkt\/lys-rosenkvarts-armband\/","title":{"rendered":"Lys rosenkvarts armb\u00e5nd"},"content":{"rendered":"","protected":false},"excerpt":{"rendered":"<p class=\"tm6\"><strong>GRATIS FRAKT!<br \/>\n<\/strong>Rosenkvarts er en stein som oser kj\u00e6rlighet til deg selv og kj\u00e6rlighet til andre. Dette er den ultimate kj\u00e6rlighetssteinen og fin \u00e5 bruke om du jobber med egenkj\u00e6rlighet, \u00e5pne opp for kj\u00e6rlighet og tilgivelse.<\/p>\n<p class=\"tm6\">Armb\u00e5ndet lages i standard st\u00f8rrelse 17-18 cm, men kan lages i valgfri st\u00f8rrelse uten ekstra kostnader. Skriv i ordrefeltet om hvor lang armb\u00e5ndet skal v\u00e6re med minst en cm m\u00e5l (f.eks 20-21 cm eller 15-17 cm) da krystallene er ulike og st\u00f8rrelsen vil dermed variere litt. Alle armb\u00e5nd vil se ulike ut fordi krystallene har ulik form og farge.<\/p>\n","protected":false},"featured_media":3723,"template":"","meta":[],"product_brand":[],"product_cat":[40,57],"product_tag":[],"class_list":{"0":"post-3732","1":"product","2":"type-product","3":"status-publish","4":"has-post-thumbnail","6":"product_cat-krystallchip-armband","7":"product_cat-krystallsmykker","9":"first","10":"instock","11":"sale","12":"shipping-taxable","13":"purchasable","14":"product-type-simple"},"_links":{"self":[{"href":"https:\/\/healingofsouls.com\/no\/wp-json\/wp\/v2\/product\/3732","targetHints":{"allow":["GET"]}}],"collection":[{"href":"https:\/\/healingofsouls.com\/no\/wp-json\/wp\/v2\/product"}],"about":[{"href":"https:\/\/healingofsouls.com\/no\/wp-json\/wp\/v2\/types\/product"}],"version-history":[{"count":1,"href":"https:\/\/healingofsouls.com\/no\/wp-json\/wp\/v2\/product\/3732\/revisions"}],"predecessor-version":[{"id":3733,"href":"https:\/\/healingofsouls.com\/no\/wp-json\/wp\/v2\/product\/3732\/revisions\/3733"}],"wp:featuredmedia":[{"embeddable":true,"href":"https:\/\/healingofsouls.com\/no\/wp-json\/wp\/v2\/media\/3723"}],"wp:attachment":[{"href":"https:\/\/healingofsouls.com\/no\/wp-json\/wp\/v2\/media?parent=3732"}],"wp:term":[{"taxonomy":"product_brand","embeddable":true,"href":"https:\/\/healingofsouls.com\/no\/wp-json\/wp\/v2\/product_brand?post=3732"},{"taxonomy":"product_cat","embeddable":true,"href":"https:\/\/healingofsouls.com\/no\/wp-json\/wp\/v2\/product_cat?post=3732"},{"taxonomy":"product_tag","embeddable":true,"href":"https:\/\/healingofsouls.com\/no\/wp-json\/wp\/v2\/product_tag?post=3732"}],"curies":[{"name":"wp","href":"https:\/\/api.w.org\/{rel}","templated":true}]}}