{"id":3707,"date":"2023-11-06T17:27:33","date_gmt":"2023-11-06T16:27:33","guid":{"rendered":"https:\/\/healingofsouls.com\/no\/?post_type=product&#038;p=3707"},"modified":"2024-04-08T14:31:49","modified_gmt":"2024-04-08T12:31:49","slug":"fluoritt-armband","status":"publish","type":"product","link":"https:\/\/healingofsouls.com\/no\/produkt\/fluoritt-armband\/","title":{"rendered":"Fluroitt armb\u00e5nd"},"content":{"rendered":"","protected":false},"excerpt":{"rendered":"<p class=\"tm6\"><strong>GRATIS FRAKT!<br \/>\n<\/strong>Fluoritt kan gi stress og angst lindring og hjelpe deg \u00e5 f\u00e5 en sunn balansegang i livet. Fluoritt er en stein kjent for klarhet og mental forbedring. Den har evne til \u00e5 hjelpe til med \u00e5 fjerne negativ energi og hjelpe til med beslutninger man m\u00e5 ta. Denne kraftige krystallen er kjent som en absorber av negativ energi, spesielt innenfor ens aura og sinn.<\/p>\n<p class=\"tm6\">Armb\u00e5ndet lages i standard st\u00f8rrelse 17-18 cm, men kan lages i valgfri st\u00f8rrelse uten ekstra kostnader. Skriv i ordrefeltet om hvor lang armb\u00e5ndet skal v\u00e6re med minst en cm m\u00e5l (f.eks 20-21 cm eller 15-17 cm) da krystallene er ulike og st\u00f8rrelsen vil dermed variere litt. Alle armb\u00e5nd vil se ulike ut fordi krystallene har ulik form og farge.<\/p>\n","protected":false},"featured_media":3712,"template":"","meta":[],"product_brand":[],"product_cat":[40,57],"product_tag":[],"class_list":{"0":"post-3707","1":"product","2":"type-product","3":"status-publish","4":"has-post-thumbnail","6":"product_cat-krystallchip-armband","7":"product_cat-krystallsmykker","9":"first","10":"instock","11":"sale","12":"shipping-taxable","13":"purchasable","14":"product-type-simple"},"_links":{"self":[{"href":"https:\/\/healingofsouls.com\/no\/wp-json\/wp\/v2\/product\/3707","targetHints":{"allow":["GET"]}}],"collection":[{"href":"https:\/\/healingofsouls.com\/no\/wp-json\/wp\/v2\/product"}],"about":[{"href":"https:\/\/healingofsouls.com\/no\/wp-json\/wp\/v2\/types\/product"}],"version-history":[{"count":3,"href":"https:\/\/healingofsouls.com\/no\/wp-json\/wp\/v2\/product\/3707\/revisions"}],"predecessor-version":[{"id":3755,"href":"https:\/\/healingofsouls.com\/no\/wp-json\/wp\/v2\/product\/3707\/revisions\/3755"}],"wp:featuredmedia":[{"embeddable":true,"href":"https:\/\/healingofsouls.com\/no\/wp-json\/wp\/v2\/media\/3712"}],"wp:attachment":[{"href":"https:\/\/healingofsouls.com\/no\/wp-json\/wp\/v2\/media?parent=3707"}],"wp:term":[{"taxonomy":"product_brand","embeddable":true,"href":"https:\/\/healingofsouls.com\/no\/wp-json\/wp\/v2\/product_brand?post=3707"},{"taxonomy":"product_cat","embeddable":true,"href":"https:\/\/healingofsouls.com\/no\/wp-json\/wp\/v2\/product_cat?post=3707"},{"taxonomy":"product_tag","embeddable":true,"href":"https:\/\/healingofsouls.com\/no\/wp-json\/wp\/v2\/product_tag?post=3707"}],"curies":[{"name":"wp","href":"https:\/\/api.w.org\/{rel}","templated":true}]}}