{"id":3677,"date":"2023-11-06T15:30:52","date_gmt":"2023-11-06T14:30:52","guid":{"rendered":"https:\/\/healingofsouls.com\/no\/?post_type=product&#038;p=3677"},"modified":"2024-04-08T14:33:08","modified_gmt":"2024-04-08T12:33:08","slug":"chakra-armband","status":"publish","type":"product","link":"https:\/\/healingofsouls.com\/no\/produkt\/chakra-armband\/","title":{"rendered":"Chakra armb\u00e5nd"},"content":{"rendered":"","protected":false},"excerpt":{"rendered":"<p><strong>GRATIS FRAKT!<\/strong><br \/>\nDette er et chakra armb\u00e5nd du kan bruke for \u00e5 hjelpe deg \u00e5 balansere chakraene dine.<br \/>\n<strong>Kronechakra:<\/strong> Selenitt<br \/>\n<strong>3.\u00f8ye chakra:<\/strong> Amethyst, AB kvalitet<br \/>\n<strong>Halschakra:<\/strong> Sodalitt<br \/>\n<strong>Hjertechakra:<\/strong> Gr\u00f8nn aventurin<br \/>\n<strong>Solar plexus chakra:<\/strong> Aragonitt, A kvalitet<br \/>\n<strong>Sakral chakra:<\/strong> M\u00f8rkegul kalsitt,\u00a0 A kvalitet<br \/>\n<strong>Rot chakra:<\/strong> R\u00f8d jaspis, A kvalitet<\/p>\n","protected":false},"featured_media":3680,"template":"","meta":[],"product_brand":[],"product_cat":[39,57],"product_tag":[],"class_list":{"0":"post-3677","1":"product","2":"type-product","3":"status-publish","4":"has-post-thumbnail","6":"product_cat-chakra-armband","7":"product_cat-krystallsmykker","9":"first","10":"instock","11":"sale","12":"shipping-taxable","13":"purchasable","14":"product-type-simple"},"_links":{"self":[{"href":"https:\/\/healingofsouls.com\/no\/wp-json\/wp\/v2\/product\/3677","targetHints":{"allow":["GET"]}}],"collection":[{"href":"https:\/\/healingofsouls.com\/no\/wp-json\/wp\/v2\/product"}],"about":[{"href":"https:\/\/healingofsouls.com\/no\/wp-json\/wp\/v2\/types\/product"}],"version-history":[{"count":1,"href":"https:\/\/healingofsouls.com\/no\/wp-json\/wp\/v2\/product\/3677\/revisions"}],"predecessor-version":[{"id":3681,"href":"https:\/\/healingofsouls.com\/no\/wp-json\/wp\/v2\/product\/3677\/revisions\/3681"}],"wp:featuredmedia":[{"embeddable":true,"href":"https:\/\/healingofsouls.com\/no\/wp-json\/wp\/v2\/media\/3680"}],"wp:attachment":[{"href":"https:\/\/healingofsouls.com\/no\/wp-json\/wp\/v2\/media?parent=3677"}],"wp:term":[{"taxonomy":"product_brand","embeddable":true,"href":"https:\/\/healingofsouls.com\/no\/wp-json\/wp\/v2\/product_brand?post=3677"},{"taxonomy":"product_cat","embeddable":true,"href":"https:\/\/healingofsouls.com\/no\/wp-json\/wp\/v2\/product_cat?post=3677"},{"taxonomy":"product_tag","embeddable":true,"href":"https:\/\/healingofsouls.com\/no\/wp-json\/wp\/v2\/product_tag?post=3677"}],"curies":[{"name":"wp","href":"https:\/\/api.w.org\/{rel}","templated":true}]}}