{"id":3648,"date":"2023-11-05T21:44:53","date_gmt":"2023-11-05T20:44:53","guid":{"rendered":"https:\/\/healingofsouls.com\/no\/?post_type=product&#038;p=3648"},"modified":"2024-04-08T14:33:25","modified_gmt":"2024-04-08T12:33:25","slug":"3648","status":"publish","type":"product","link":"https:\/\/healingofsouls.com\/no\/produkt\/3648\/","title":{"rendered":"Chakra \u00f8repynt"},"content":{"rendered":"","protected":false},"excerpt":{"rendered":"<p><strong>GRATIS FRAKT<\/strong><br \/>\nDenne \u00f8repynten kan brukes for \u00e5 hjelpe deg \u00e5 balansere chakraene dine.<br \/>\nKrystallene er:<br \/>\nKronechakra: Bergkrystall<br \/>\n3.\u00f8ye chakra: Ametyst<br \/>\nHalschakra: Akvamarin<br \/>\nHjertechakra: Gr\u00f8nn aventurin<br \/>\nSolar plexus chakra: Gul jade<br \/>\nSakral chakra: Oransj jade<br \/>\nRotchakra: Jaspis<\/p>\n","protected":false},"featured_media":3649,"template":"","meta":[],"product_brand":[],"product_cat":[38,57],"product_tag":[],"class_list":{"0":"post-3648","1":"product","2":"type-product","3":"status-publish","4":"has-post-thumbnail","6":"product_cat-chakra-orepynt","7":"product_cat-krystallsmykker","9":"first","10":"instock","11":"sale","12":"shipping-taxable","13":"purchasable","14":"product-type-simple"},"_links":{"self":[{"href":"https:\/\/healingofsouls.com\/no\/wp-json\/wp\/v2\/product\/3648","targetHints":{"allow":["GET"]}}],"collection":[{"href":"https:\/\/healingofsouls.com\/no\/wp-json\/wp\/v2\/product"}],"about":[{"href":"https:\/\/healingofsouls.com\/no\/wp-json\/wp\/v2\/types\/product"}],"version-history":[{"count":2,"href":"https:\/\/healingofsouls.com\/no\/wp-json\/wp\/v2\/product\/3648\/revisions"}],"predecessor-version":[{"id":3651,"href":"https:\/\/healingofsouls.com\/no\/wp-json\/wp\/v2\/product\/3648\/revisions\/3651"}],"wp:featuredmedia":[{"embeddable":true,"href":"https:\/\/healingofsouls.com\/no\/wp-json\/wp\/v2\/media\/3649"}],"wp:attachment":[{"href":"https:\/\/healingofsouls.com\/no\/wp-json\/wp\/v2\/media?parent=3648"}],"wp:term":[{"taxonomy":"product_brand","embeddable":true,"href":"https:\/\/healingofsouls.com\/no\/wp-json\/wp\/v2\/product_brand?post=3648"},{"taxonomy":"product_cat","embeddable":true,"href":"https:\/\/healingofsouls.com\/no\/wp-json\/wp\/v2\/product_cat?post=3648"},{"taxonomy":"product_tag","embeddable":true,"href":"https:\/\/healingofsouls.com\/no\/wp-json\/wp\/v2\/product_tag?post=3648"}],"curies":[{"name":"wp","href":"https:\/\/api.w.org\/{rel}","templated":true}]}}