{"id":3623,"date":"2023-11-05T21:25:46","date_gmt":"2023-11-05T20:25:46","guid":{"rendered":"https:\/\/healingofsouls.com\/no\/?post_type=product&#038;p=3623"},"modified":"2024-04-08T14:33:42","modified_gmt":"2024-04-08T12:33:42","slug":"chakraoresett7","status":"publish","type":"product","link":"https:\/\/healingofsouls.com\/no\/produkt\/chakraoresett7\/","title":{"rendered":"Chakra \u00f8repyntsett med 7 \u00f8repynt"},"content":{"rendered":"","protected":false},"excerpt":{"rendered":"<p><strong>GRATIS FRAKT<\/strong><br \/>\nDette er et sett med hele syv chakra\u00f8repynt i en pakke. Hvert chakra korrensponderer med hver sin dag i uka, som betyr at du kan enklere jobbe med chakraene dine p\u00e5 sin ukedag. Ha p\u00e5 deg f.eks ametyst \u00f8repynten p\u00e5 torsdager for \u00e5 jobbe med 3.\u00f8ye chakra.<br \/>\nDu f\u00e5r hele 7 \u00f8repynt p\u00e5 kj\u00f8pet:<br \/>\n1 x Oransj jade<br \/>\n1 x bergkrystall<br \/>\n1 x ametyst<br \/>\n1 x akvamarin<br \/>\n1 x gr\u00f8nn aventurin<br \/>\n1 x jaspis<br \/>\n1 x gul jade<\/p>\n<p><strong>MANDAG<br \/>\n<\/strong><strong>Sakral chakra:<\/strong> Oransj jade<\/p>\n<p><strong>TIRSDAG<br \/>\n<\/strong><strong>Solar Plexus chakra:<\/strong> Gul jade<\/p>\n<p><strong>ONSDAG<br \/>\n<\/strong><strong>Hals chakra:<\/strong> Akvamarin<\/p>\n<p><strong>TORSDAG<br \/>\n3.\u00f8ye: <\/strong>Ametyst<\/p>\n<p><strong>FREDAG<br \/>\nHjertechakra:<\/strong> Gr\u00f8nn aventurin<\/p>\n<p><strong>L\u00d8RDAG:<br \/>\nRot chakra:<\/strong> Jaspis<\/p>\n<p><strong>S\u00d8NDAG:<br \/>\nKronechakra:<\/strong> Bergkrystall<\/p>\n","protected":false},"featured_media":3624,"template":"","meta":[],"product_brand":[],"product_cat":[38,57],"product_tag":[],"class_list":{"0":"post-3623","1":"product","2":"type-product","3":"status-publish","4":"has-post-thumbnail","6":"product_cat-chakra-orepynt","7":"product_cat-krystallsmykker","9":"first","10":"instock","11":"sale","12":"shipping-taxable","13":"purchasable","14":"product-type-simple"},"_links":{"self":[{"href":"https:\/\/healingofsouls.com\/no\/wp-json\/wp\/v2\/product\/3623","targetHints":{"allow":["GET"]}}],"collection":[{"href":"https:\/\/healingofsouls.com\/no\/wp-json\/wp\/v2\/product"}],"about":[{"href":"https:\/\/healingofsouls.com\/no\/wp-json\/wp\/v2\/types\/product"}],"version-history":[{"count":2,"href":"https:\/\/healingofsouls.com\/no\/wp-json\/wp\/v2\/product\/3623\/revisions"}],"predecessor-version":[{"id":3647,"href":"https:\/\/healingofsouls.com\/no\/wp-json\/wp\/v2\/product\/3623\/revisions\/3647"}],"wp:featuredmedia":[{"embeddable":true,"href":"https:\/\/healingofsouls.com\/no\/wp-json\/wp\/v2\/media\/3624"}],"wp:attachment":[{"href":"https:\/\/healingofsouls.com\/no\/wp-json\/wp\/v2\/media?parent=3623"}],"wp:term":[{"taxonomy":"product_brand","embeddable":true,"href":"https:\/\/healingofsouls.com\/no\/wp-json\/wp\/v2\/product_brand?post=3623"},{"taxonomy":"product_cat","embeddable":true,"href":"https:\/\/healingofsouls.com\/no\/wp-json\/wp\/v2\/product_cat?post=3623"},{"taxonomy":"product_tag","embeddable":true,"href":"https:\/\/healingofsouls.com\/no\/wp-json\/wp\/v2\/product_tag?post=3623"}],"curies":[{"name":"wp","href":"https:\/\/api.w.org\/{rel}","templated":true}]}}