{"id":2784,"date":"2023-10-30T21:23:49","date_gmt":"2023-10-30T20:23:49","guid":{"rendered":"https:\/\/healingofsouls.com\/no\/?post_type=product&#038;p=2784"},"modified":"2024-09-24T18:27:41","modified_gmt":"2024-09-24T16:27:41","slug":"manifester","status":"publish","type":"product","link":"https:\/\/healingofsouls.com\/no\/produkt\/manifester\/","title":{"rendered":"Manifester ditt 2024 workshop"},"content":{"rendered":"","protected":false},"excerpt":{"rendered":"<p><strong>M\u00f8t oss p\u00e5 Facebook videomessenger og bli med p\u00e5 manifestasjonsworkshop l\u00f8rdag 16\/12 kl. 10 &#8211; 14.<\/strong><br \/>\n(Workshopen blir tatt opp og lagt ut i en egen Facebookgruppe med masse bonus og muligheten til \u00e5 f\u00e5 personlig hjelp i en m\u00e5ned etter workshopen.)<\/p>\n<p><strong>Hva \u00f8nsker du i livet?<\/strong><br \/>\n\u00d8nsker du boligl\u00e5n?<br \/>\n\u00d8nsker du ny jobb?<br \/>\n\u00d8nsker du \u00e5 tiltrekke deg den store kj\u00e6rligheten?<br \/>\nKanskje du trenger \u00e5 jobbe med deg selv?<br \/>\nGJ\u00d8R NOE MED DET!<br \/>\nLa 2024 bli det ultimate \u00e5ret for deg!<\/p>\n<p>Mange av oss bruker mye tid p\u00e5 \u00e5 snakke om dr\u00f8mmer og tenke p\u00e5 livet vi \u00f8nsker og hvert fall p\u00e5 livet vi IKKE \u00f8nsker.<br \/>\nKanskje du kjenner inni deg selv at du virkelig \u00f8nsker mer i livet og har kommet til det punktet der du innser at du ikke kan vente p\u00e5 at ting skjer av seg selv.<br \/>\nKanskje du f\u00f8ler at du trenger s\u00e5rt \u00e5 g\u00e5 fremover, men du er usikker p\u00e5 neste skritt<br \/>\nHvis du er en person som er ferdig med \u00e5 tenke p\u00e5 dr\u00f8mmer, men heller vil ta tak i livet ditt, s\u00e5 har du kommet til det rette stedet. \ud83d\udc4d<br \/>\nDa vil vi invitere nettopp DEG til MANIFESTER DITT 2024 via Facebook, fra din trygge stue \ud83d\ude42 Ta tak i livet ditt og s\u00f8rg for at dine dr\u00f8mmer oppfylles.<\/p>\n<p><strong>Hvordan foreg\u00e5r denne workshopen?<\/strong><br \/>\nVi kommer p\u00e5 direkten og holder workshop for deg p\u00e5 Facebook som du kan delta i. Vi har satt av fire timer, men workshopen kan v\u00e6re b\u00e5de kortere og lenger avhengig av deres engasjement. Sendingen blir tatt opp for deg som ikke kan v\u00e6re med p\u00e5 direkten, slik at du kan se p\u00e5 alt i etterkant. Her l\u00e6rer du hvordan du kan rydde bort blokkeringer som hindrer flyten i deg og som hindrer dine \u00f8nsker \u00e5 lande hos deg. Du vil dermed forst\u00e5 i st\u00f8rre grad hvorfor du ikke har f\u00e5tt det du \u00f8nsker enn\u00e5.<br \/>\nVi gir deg verkt\u00f8y, slik at du kan jobbe for \u00e5 bli kvitt blokkeringene dine og finne fokuset ditt for 2024. Du skal finne ut hva du vil ta med videre og hva du vil legge fra deg, l\u00e6re hvordan du lager visjonstavle + m.m.<\/p>\n<p><strong>Bonus til alle deltakere:<\/strong><br \/>\nDere f\u00e5r bli medlem i en lukket Facebook gruppe til 11.desember, der vi legger ut Manifester ditt 2024 opptaket slik at du kan se p\u00e5 opptakene s\u00e5 mange ganger du \u00f8nsker. Vi vil ogs\u00e5, i denne Facebook gruppen, komme med enda flere tips og triks om manifestasjon for \u00e5 skape det livet man \u00f8nsker selv. Her f\u00e5r du st\u00f8tte og hjelp p\u00e5 veien for \u00e5 manifestere det du \u00f8nsker i livet. Sammen l\u00f8fter vi hverandre og hjelper hverandre frem.<\/p>\n<p><strong>Tid:<\/strong> L\u00f8rdag 16\/12 kl 10-14.<br \/>\n<strong>Sted:<\/strong> Facebook video<br \/>\nMEN! Skulle noe uventet skje og du ikke kan v\u00e6re med p\u00e5 direkten?<br \/>\nIkke fortvil. \ud83d\udc4d<br \/>\nSendingen blir tatt opp og du kan likevel se sendingen og likevel f\u00e5 verkt\u00f8yene til \u00e5 jobbe med deg selv og personlig st\u00f8tte i etterkant i en hel m\u00e5ned etter workshopen \ud83d\ude0a<\/p>\n<p>N\u00e5r betalingen er registrert i systemet v\u00e5rt, vil du f\u00e5 bekreftelse fra oss om veien videre. Ta ogs\u00e5 gjerne kontakt med en av oss p\u00e5 Facebook eller send e-post til hello@healingofsouls.com eller yvonn@wisdomfromthecards.com om du har sp\u00f8rsm\u00e5l.<br \/>\n\u00a9 Dette er et samarbeid mellom Healing of Souls (Eames Learning) og Yvonn Hansen &#8211; psychic medium (Wisdom from the cards)<\/p>\n","protected":false},"featured_media":6827,"template":"","meta":[],"product_brand":[],"product_cat":[33,24],"product_tag":[],"class_list":{"0":"post-2784","1":"product","2":"type-product","3":"status-publish","4":"has-post-thumbnail","6":"product_cat-manifester","7":"product_cat-nettkurs","9":"first","10":"outofstock","11":"virtual","12":"purchasable","13":"product-type-simple"},"_links":{"self":[{"href":"https:\/\/healingofsouls.com\/no\/wp-json\/wp\/v2\/product\/2784","targetHints":{"allow":["GET"]}}],"collection":[{"href":"https:\/\/healingofsouls.com\/no\/wp-json\/wp\/v2\/product"}],"about":[{"href":"https:\/\/healingofsouls.com\/no\/wp-json\/wp\/v2\/types\/product"}],"version-history":[{"count":4,"href":"https:\/\/healingofsouls.com\/no\/wp-json\/wp\/v2\/product\/2784\/revisions"}],"predecessor-version":[{"id":4254,"href":"https:\/\/healingofsouls.com\/no\/wp-json\/wp\/v2\/product\/2784\/revisions\/4254"}],"wp:featuredmedia":[{"embeddable":true,"href":"https:\/\/healingofsouls.com\/no\/wp-json\/wp\/v2\/media\/6827"}],"wp:attachment":[{"href":"https:\/\/healingofsouls.com\/no\/wp-json\/wp\/v2\/media?parent=2784"}],"wp:term":[{"taxonomy":"product_brand","embeddable":true,"href":"https:\/\/healingofsouls.com\/no\/wp-json\/wp\/v2\/product_brand?post=2784"},{"taxonomy":"product_cat","embeddable":true,"href":"https:\/\/healingofsouls.com\/no\/wp-json\/wp\/v2\/product_cat?post=2784"},{"taxonomy":"product_tag","embeddable":true,"href":"https:\/\/healingofsouls.com\/no\/wp-json\/wp\/v2\/product_tag?post=2784"}],"curies":[{"name":"wp","href":"https:\/\/api.w.org\/{rel}","templated":true}]}}