{"id":2746,"date":"2023-10-30T14:25:40","date_gmt":"2023-10-30T13:25:40","guid":{"rendered":"https:\/\/healingofsouls.com\/no\/?post_type=product&#038;p=2746"},"modified":"2025-05-24T15:13:26","modified_gmt":"2025-05-24T13:13:26","slug":"merintuitivitarot","status":"publish","type":"product","link":"https:\/\/healingofsouls.com\/no\/produkt\/merintuitivitarot\/","title":{"rendered":"NETTKURS: Tarotkurs med hjelp"},"content":{"rendered":"","protected":false},"excerpt":{"rendered":"<p class=\"tm7\">Dette kurset er det store kurset til <u><a href=\"https:\/\/healingofsouls.com\/no\/produkt\/nettkursintuitivtarot\/\">Intuitiv i tarot kurset selvstudium<\/a><\/u>.<\/p>\n<p class=\"tm7\"><strong><span class=\"tm8\">Er du for avhengig av tarotboka, lei av at alle tarotb\u00f8ker har ulik betydning og vil trene p\u00e5 \u00e5 lese tarotkort intuitivt ved \u00e5 l\u00e6re om symbolikken i kortene?<\/span><\/strong> Da er dette kurset for deg. Du kan starte kurset n\u00e5r p\u00e5meldingen er registrert.<\/p>\n<p class=\"tm7\"><strong><span class=\"tm8\">Om kurset:<br \/>\n<\/span><\/strong>I dette kurset g\u00e5r vi igjennom mye for \u00e5 l\u00e6re mer om tarot. F\u00f8rst starter vi med litt basiskunnskap om tarot for \u00e5 hjelpe deg \u00e5 velge riktige tarotkort, hjelpe deg \u00e5 f\u00e5 et forhold til tarotkortene og rense kortene dine. S\u00e5 har vi egne Store Arkana-, Mynter-, Sverd-, Staver-, Beger- og hoffkort moduler der vi ser p\u00e5 detaljene i kortet. Det er ogs\u00e5 egne moduler der jeg viser sm\u00e5 og st\u00f8rre kortlegg eksempler, kortlegg i rett posisjon, kortlegg i omvendt posisjon (opp-ned kort) og kortlegg med hoffkort. I tillegg f\u00e5r du sendinger med svar p\u00e5 dine sp\u00f8rsm\u00e5l og personlig hjelp. Dette er et stort kurs som l\u00e6rer deg detaljene til tarotkortene og andre triks slik at du lettere kan l\u00e6re hva tarotkortene betyr.<\/p>\n<p class=\"tm7\"><strong><span class=\"tm8\">Dette tarotkurset passer for deg:<br \/>\n<\/span><\/strong>-som er helt fersk i tarot, men vil l\u00e6re litt mer<br \/>\n-som vil ha personlig hjelp n\u00e5r du studerer tarot<br \/>\n-som allerede kan noe tarot, men vil l\u00e6re mer<br \/>\n-som med tid og stunder faktisk vil tolke kort selv i stedet for \u00e5 v\u00e6re totalt avhengig av veiledningsboka (selv om den er fin \u00e5 ha p\u00e5 lager)<br \/>\n-som er selvdreven og forst\u00e5r at studier\/\u00f8velse gj\u00f8r mester<\/p>\n<p class=\"tm7\"><strong><span class=\"tm8\">Kursets innhold:<br \/>\n<\/span><\/strong>&#8211; 12 moduler om Store Arkana, Stavene, Myntene, Sverdene, Beger, Hoffkort, numerologi, omvendt tarot og kortlegg eksempler.<br \/>\n&#8211; Quizzer<br \/>\n&#8211; Direktesendinger \/ Videoer der jeg svarer p\u00e5 deres sp\u00f8rsm\u00e5l (alt vil bli tatt opp og lagt ut i portalen).<br \/>\n&#8211; FAQ med sp\u00f8rsm\u00e5l og svar<br \/>\n&#8211; Utfordringer<br \/>\n&#8211; Mulighet til \u00e5 laste ned videodokumenter, videomanus og kortlegg mal.<br \/>\n&#8211; Mulighet til \u00e5 laste ned et lite repetisjonshefte med de viktigste punktene<\/p>\n<p class=\"tm7\"><strong><span class=\"tm8\">Mer om kurset:<br \/>\n<\/span><\/strong>Dette kurset gj\u00f8r tarot enkelt, men er likevel stort. Kurset best\u00e5r av flere timer med tarotvideoer der vi g\u00e5r igjennom hvert eneste kort, symbolene, fargene i kortene og hvordan du kan tolke kortene + flere tarotlegg og tarot tolkning eksempler. Du f\u00e5r ogs\u00e5 tilgang til en Facebook gruppe der andre kursdeltakere (kanskje) melder seg inn, der du kan finne noen som du kan legge kort p\u00e5 andre (dersom folk melder seg inn i gruppa, selvsagt). Du f\u00e5r ogs\u00e5 laste ned videodokumentene brukt i videoene dersom du vil printe dem ut og ta notater p\u00e5 dem og du f\u00e5r ogs\u00e5 laste ned teksten til videoene, dersom du heller vil lese teksten i stedet for \u00e5 se p\u00e5 videoene.<\/p>\n<p class=\"tm7\">Det er ogs\u00e5 en egen FAQ og videoportal der jeg legger ut videoer \/sendinger ved behov og skriftlig svar p\u00e5 sp\u00f8rsm\u00e5l. Her vil jeg vise ulike tips og triks og ta opp sp\u00f8rsm\u00e5l som kommer inn. Om det blir direkte sending, skriftlig eller video avhenger av sp\u00f8rsm\u00e5lene som kommer inn og hva jeg skal ta opp. Dette kommer i tillegg til FAQ som blir oppdatert med enkle sp\u00f8rsm\u00e5l og svar jeg f\u00e5r inn som alle kan f\u00e5 utbytte av.<\/p>\n<p class=\"tm7\"><strong><span class=\"tm8\">Kurset bakgrunn:<br \/>\n<\/span><\/strong>Jeg ble s\u00e5 lei av tarotkurs der du fikk servert massevis av un\u00f8dvendig informasjon om kortene. Hvordan skulle det hjelpe meg \u00e5 l\u00e6re om kortene og tolke f.eks et kj\u00e6rlighetslegg? I tillegg fikk du servert hva kortene betydde i ulike settinger, som f.eks \u00f8konomi, kj\u00e6rlighet osv. Leser du i tarotb\u00f8ker, s\u00e5 vil du se at de samme kortene har ulik forklaring i ulike b\u00f8ker. Derfor fungerte det ikke for meg \u00e5 f\u00e5 servert hva kortet betyr n\u00e5r det endrer seg fra bok til bok. Dessuten f\u00f8lte jeg det ble feil \u00e5 m\u00e5tte pugge betydningene til alle kortene, i rett posisjon og omvendt posisjon (kort som trekkes reverserte). Jeg bestemte meg for \u00e5 studere tarot n\u00e6rmere og ble kjent med symbolene i tarotkortene, fargene og flere tips og l\u00e6rte meg triks om hvordan du kan tolke tarot intuitivt. De sier det tar \u00e5revis \u00e5 l\u00e6re tarot, men da jeg l\u00e6rte mer om symbolene, fikk min tarotreise en ordentlig kickstart. I dette kurset deler jeg dette med dere og det krever minimalt med pugging. Har du skrevet notater p\u00e5 ditt eget vis, forst\u00e5r oppsettet og er villig til \u00e5 lytte til intuisjonen din, s\u00e5 klarer du \u00e5 tolke kort i alle slags situasjoner uten \u00e5 m\u00e5tte alltid bruke tarotboka som veiledning. Det er selvsagt helt i orden \u00e5 bruke tarotboka for \u00e5 f\u00e5 en kickstart p\u00e5 intuisjonen, men n\u00e5r du klarer \u00e5 forst\u00e5 kortene dine, s\u00e5 trenger du boka i mindre grad. Er det ikke det som er meningen? \ud83d\ude42<\/p>\n<p class=\"tm7\"><strong><span class=\"tm8\">Varighet:<br \/>\n<\/span><\/strong>Du har tilgang til kurset med en gang ditt kj\u00f8p er registrert i systemet i <strong><span class=\"tm8\">hele 18 m\u00e5neder.\u00a0<\/span><\/strong><\/p>\n<p><strong><span class=\"tm8\">Inkludert i kurset:<br \/>\n<\/span><\/strong>Du f\u00e5r personlig hjelp i dette kurset. Du kan be om hjelp p\u00e5 <u><a href=\"http:\/\/www.facebook.com\/healingofsoulsnorge\">Facebook pm<\/a><\/u> eller e-post hello@healingofsouls.com fra<strong>\u00a0startdato<\/strong> og i hele 15 m\u00e5neder. Jeg tolker ikke dine personlige kortlegg, men jeg kan hjelpe deg om du har sp\u00f8rsm\u00e5l om kursets innhold.<\/p>\n<p><strong><span class=\"tm8\">Hvordan f\u00e5r du tilgang til kurset:<br \/>\n<\/span><\/strong>N\u00e5r du kj\u00f8per kurset, kan du trykke p\u00e5 Opprett en konto (dersom du ikke allerede har en konto). Du vil f\u00e5 tilgang til kurset automantisk innen kort tid om du betaler med kort. Du vil motta en e-post n\u00e5r du er registrert i systemet og har f\u00e5tt tilgang til kurset om du betaler med PayPal da tilgang m\u00e5 gis manuelt. Har du ikke f\u00e5tt kurstilgang innen 48 timer, ta kontakt p\u00e5 e-post hello@healingofsouls.com eller p\u00e5 <u><a href=\"http:\/\/www.facebook.com\/healingofsoulsnorge\">Facebook.\u00a0 <\/a><\/u><\/p>\n<p>N\u00e5r du har kurstilgang, logger du deg inn via forsiden og klikker p\u00e5 <u><a href=\"https:\/\/healingofsouls.com\/no\/min-konto\/\">Kontoinnlogging<\/a><\/u> og <u><a href=\"https:\/\/healingofsouls.com\/no\/kurs\/\">Dine p\u00e5meldte kurs<\/a><\/u>. Da vil du se en oversikt over kursene du har tilgang p\u00e5.<\/p>\n","protected":false},"featured_media":6829,"template":"","meta":[],"product_brand":[],"product_cat":[24,31],"product_tag":[],"class_list":{"0":"post-2746","1":"product","2":"type-product","3":"status-publish","4":"has-post-thumbnail","6":"product_cat-nettkurs","7":"product_cat-tarotkurs","9":"first","10":"instock","11":"virtual","12":"purchasable","13":"product-type-simple"},"_links":{"self":[{"href":"https:\/\/healingofsouls.com\/no\/wp-json\/wp\/v2\/product\/2746","targetHints":{"allow":["GET"]}}],"collection":[{"href":"https:\/\/healingofsouls.com\/no\/wp-json\/wp\/v2\/product"}],"about":[{"href":"https:\/\/healingofsouls.com\/no\/wp-json\/wp\/v2\/types\/product"}],"version-history":[{"count":19,"href":"https:\/\/healingofsouls.com\/no\/wp-json\/wp\/v2\/product\/2746\/revisions"}],"predecessor-version":[{"id":6767,"href":"https:\/\/healingofsouls.com\/no\/wp-json\/wp\/v2\/product\/2746\/revisions\/6767"}],"wp:featuredmedia":[{"embeddable":true,"href":"https:\/\/healingofsouls.com\/no\/wp-json\/wp\/v2\/media\/6829"}],"wp:attachment":[{"href":"https:\/\/healingofsouls.com\/no\/wp-json\/wp\/v2\/media?parent=2746"}],"wp:term":[{"taxonomy":"product_brand","embeddable":true,"href":"https:\/\/healingofsouls.com\/no\/wp-json\/wp\/v2\/product_brand?post=2746"},{"taxonomy":"product_cat","embeddable":true,"href":"https:\/\/healingofsouls.com\/no\/wp-json\/wp\/v2\/product_cat?post=2746"},{"taxonomy":"product_tag","embeddable":true,"href":"https:\/\/healingofsouls.com\/no\/wp-json\/wp\/v2\/product_tag?post=2746"}],"curies":[{"name":"wp","href":"https:\/\/api.w.org\/{rel}","templated":true}]}}