{"id":2738,"date":"2023-10-29T21:12:32","date_gmt":"2023-10-29T20:12:32","guid":{"rendered":"https:\/\/healingofsouls.com\/no\/?post_type=product&#038;p=2738"},"modified":"2024-09-24T18:41:41","modified_gmt":"2024-09-24T16:41:41","slug":"pendelkurs","status":"publish","type":"product","link":"https:\/\/healingofsouls.com\/no\/produkt\/pendelkurs\/","title":{"rendered":"NETTKURS: Kurs i pendelbruk"},"content":{"rendered":"","protected":false},"excerpt":{"rendered":"<p class=\"tm7\"><strong><span class=\"tm8\">\u00d8nsker du \u00e5 bruke pendel til ditt \u00e5ndelige arbeid?<br \/>\n<\/span><\/strong>I dette lille selvstudiumkurset viser jeg deg hvordan du starter med dette.<\/p>\n<p class=\"tm7\"><strong><span class=\"tm8\">Dette kurset passer for deg som:<br \/>\n<\/span><\/strong>-vil finne energier rundt deg med pendel<br \/>\n-trenger et hjelpemiddel som har kontakt med intuisjonen din<br \/>\n-vil finne tapte gjenstander med pendel-som vil bruke pendel til \u00e5 f\u00e5 en bedre helse<br \/>\n-vil l\u00e6re om hvordan du balanserer chakra med pendel<\/p>\n<p class=\"tm7\"><strong><span class=\"tm8\">Om kurset:<br \/>\n<\/span><\/strong>I kursportalen finner du videoer og tekster om pendulering. Gjennom bilder, tekster og videoer vil du f\u00e5 innblikk i hvordan du kan bruke pendelen din for \u00e5 motta veiledning fra ditt h\u00f8yere selv, finne energier og hjelpe deg med yin yang og chakra balansering.<\/p>\n<p class=\"tm7\"><strong><span class=\"tm8\">Varighet:<br \/>\n<\/span><\/strong>Du har tilgang til kurset i <strong><span class=\"tm8\">hele 12 m\u00e5neder<\/span><\/strong> fra datoen ditt kj\u00f8p blir registrert i systemet og muligheten til \u00e5 be om hjelp i ett \u00e5r dersom du har sp\u00f8rsm\u00e5l om kursinnholdet eller generell pendelbruk.<\/p>\n<p><strong><span class=\"tm8\">Hvordan f\u00e5r du tilgang til kurset:<br \/>\n<\/span><\/strong>N\u00e5r du kj\u00f8per kurset, kan du trykke p\u00e5 Opprett en konto (dersom du ikke allerede har en konto). Du vil f\u00e5 tilgang til kurset automantisk innen kort tid om du betaler med kort. Du vil motta en e-post n\u00e5r du er registrert i systemet og har f\u00e5tt tilgang til kurset om du betaler med PayPal da tilgang m\u00e5 gis manuelt. Har du ikke f\u00e5tt kurstilgang innen 48 timer, ta kontakt p\u00e5 e-post hello@healingofsouls.com eller p\u00e5 <u><a href=\"http:\/\/www.facebook.com\/healingofsoulsnorge\">Facebook.\u00a0 <\/a><\/u><\/p>\n<p>N\u00e5r du har kurstilgang, logger du deg inn via forsiden og klikker p\u00e5 <u><a href=\"https:\/\/healingofsouls.com\/no\/min-konto\/\">Kontoinnlogging<\/a><\/u> og <u><a href=\"https:\/\/healingofsouls.com\/no\/kurs\/\">Dine p\u00e5meldte kurs<\/a><\/u>. Da vil du se en oversikt over kursene du har tilgang p\u00e5.<\/p>\n","protected":false},"featured_media":6830,"template":"","meta":[],"product_brand":[],"product_cat":[24,32],"product_tag":[],"class_list":{"0":"post-2738","1":"product","2":"type-product","3":"status-publish","4":"has-post-thumbnail","6":"product_cat-nettkurs","7":"product_cat-pendulering-og-sokepinnekurs","9":"first","10":"instock","11":"sale","12":"virtual","13":"sold-individually","14":"purchasable","15":"product-type-simple"},"_links":{"self":[{"href":"https:\/\/healingofsouls.com\/no\/wp-json\/wp\/v2\/product\/2738","targetHints":{"allow":["GET"]}}],"collection":[{"href":"https:\/\/healingofsouls.com\/no\/wp-json\/wp\/v2\/product"}],"about":[{"href":"https:\/\/healingofsouls.com\/no\/wp-json\/wp\/v2\/types\/product"}],"version-history":[{"count":10,"href":"https:\/\/healingofsouls.com\/no\/wp-json\/wp\/v2\/product\/2738\/revisions"}],"predecessor-version":[{"id":6744,"href":"https:\/\/healingofsouls.com\/no\/wp-json\/wp\/v2\/product\/2738\/revisions\/6744"}],"wp:featuredmedia":[{"embeddable":true,"href":"https:\/\/healingofsouls.com\/no\/wp-json\/wp\/v2\/media\/6830"}],"wp:attachment":[{"href":"https:\/\/healingofsouls.com\/no\/wp-json\/wp\/v2\/media?parent=2738"}],"wp:term":[{"taxonomy":"product_brand","embeddable":true,"href":"https:\/\/healingofsouls.com\/no\/wp-json\/wp\/v2\/product_brand?post=2738"},{"taxonomy":"product_cat","embeddable":true,"href":"https:\/\/healingofsouls.com\/no\/wp-json\/wp\/v2\/product_cat?post=2738"},{"taxonomy":"product_tag","embeddable":true,"href":"https:\/\/healingofsouls.com\/no\/wp-json\/wp\/v2\/product_tag?post=2738"}],"curies":[{"name":"wp","href":"https:\/\/api.w.org\/{rel}","templated":true}]}}