{"id":2733,"date":"2023-10-29T20:49:07","date_gmt":"2023-10-29T19:49:07","guid":{"rendered":"https:\/\/healingofsouls.com\/no\/?post_type=product&#038;p=2733"},"modified":"2024-09-24T18:23:37","modified_gmt":"2024-09-24T16:23:37","slug":"krystallkurs","status":"publish","type":"product","link":"https:\/\/healingofsouls.com\/no\/produkt\/krystallkurs\/","title":{"rendered":"NETTKURS: Krystallenes magiske verden"},"content":{"rendered":"","protected":false},"excerpt":{"rendered":"<p class=\"tm7\"><strong><span class=\"tm8\">Vil du l\u00e6re mer om krystallbruk i hverdagen?<br \/>\n<\/span><\/strong>F\u00e5 en innf\u00f8ring i krystallenes magiske verden.<\/p>\n<p><strong><span class=\"tm8\">Dette kurset passer for deg som:<\/span><span class=\"tm8\"><br \/>\n<\/span><\/strong>-vil l\u00e6re om krystallenes kraft<br \/>\n-vil jobbe med krystaller i hverdagen og vet ikke hvor du skal starte<br \/>\n-er interessert i krystaller som et verkt\u00f8y for \u00e5 bedre hverdagen<br \/>\n-vil bruke krystaller som et supplement i hverdagen<br \/>\n-vil l\u00e6re manifestering med krystaller<br \/>\n-vil jobbe med energier<\/p>\n<p class=\"tm7\"><strong><span class=\"tm8\">Kursets innhold:<br \/>\n<\/span><\/strong>&#8211; Se forskjell p\u00e5 ekte og falske krystaller<br \/>\n&#8211; Hvordan bruke krystaller til manifestasjon<br \/>\n&#8211; Hvordan bruke krystallpyntens energi<br \/>\n&#8211; Hva ulike krystaller kan hjelpe deg med<br \/>\n&#8211; Hvordan balansere energi med krystaller<br \/>\n&#8211; Hvordan manifestere med krystallys<br \/>\n+ mer.<br \/>\nDu f\u00e5r ogs\u00e5 laste ned tre e-b\u00f8ker med krystalloversikt og hva de kan hjelpe deg med i PDF til eget bruk.<\/p>\n<p class=\"tm7\"><strong><span class=\"tm8\">Varighet:<br \/>\n<\/span><\/strong>Du har tilgang til kurset i <strong><span class=\"tm8\">hele 12 m\u00e5neder<\/span><\/strong> fra datoen ditt kj\u00f8p blir registrert i systemet\u00a0og muligheten til \u00e5 be om hjelp p\u00e5 <u><a href=\"http:\/\/www.facebook.com\/healingofsoulsnorge\">Facebook pm<\/a><\/u> eller e-post hello@healingofsouls.com i ett \u00e5r.<\/p>\n<p class=\"tm7\"><strong><span class=\"tm8\">Inkludert i kurset:<br \/>\n<\/span><\/strong>Du f\u00e5r personlig hjelp og st\u00f8tte ved behov p\u00e5 hello@healingofsouls.com s\u00e5 lenge kursperioden din varer p\u00e5 e-post \/ <u><a href=\"http:\/\/www.facebook.com\/healingofsoulsnorge\">Facebook melding<\/a><\/u>. Jeg hjelper deg gjerne med krystalltips og innholdet i portalen dersom du trenger veiledning.<\/p>\n<p><strong><span class=\"tm8\">Hvordan f\u00e5r du tilgang til kurset:<br \/>\n<\/span><\/strong>N\u00e5r du kj\u00f8per kurset, kan du trykke p\u00e5 Opprett en konto (dersom du ikke allerede har en konto). Du vil f\u00e5 tilgang til kurset automantisk innen kort tid om du betaler med kort. Du vil motta en e-post n\u00e5r du er registrert i systemet og har f\u00e5tt tilgang til kurset om du betaler med PayPal da tilgang m\u00e5 gis manuelt. Har du ikke f\u00e5tt kurstilgang innen 48 timer, ta kontakt p\u00e5 e-post hello@healingofsouls.com eller p\u00e5 <u><a href=\"http:\/\/www.facebook.com\/healingofsoulsnorge\">Facebook.\u00a0 <\/a><\/u><\/p>\n<p>N\u00e5r du har kurstilgang, logger du deg inn via forsiden og klikker p\u00e5 <u><a href=\"https:\/\/healingofsouls.com\/no\/min-konto\/\">Kontoinnlogging<\/a><\/u> og <u><a href=\"https:\/\/healingofsouls.com\/no\/kurs\/\">Dine p\u00e5meldte kurs<\/a><\/u>. Da vil du se en oversikt over kursene du har tilgang p\u00e5.<\/p>\n","protected":false},"featured_media":6821,"template":"","meta":[],"product_brand":[],"product_cat":[29,24],"product_tag":[],"class_list":{"0":"post-2733","1":"product","2":"type-product","3":"status-publish","4":"has-post-thumbnail","6":"product_cat-krystallkurs","7":"product_cat-nettkurs","9":"first","10":"instock","11":"sale","12":"virtual","13":"sold-individually","14":"purchasable","15":"product-type-simple"},"_links":{"self":[{"href":"https:\/\/healingofsouls.com\/no\/wp-json\/wp\/v2\/product\/2733","targetHints":{"allow":["GET"]}}],"collection":[{"href":"https:\/\/healingofsouls.com\/no\/wp-json\/wp\/v2\/product"}],"about":[{"href":"https:\/\/healingofsouls.com\/no\/wp-json\/wp\/v2\/types\/product"}],"version-history":[{"count":8,"href":"https:\/\/healingofsouls.com\/no\/wp-json\/wp\/v2\/product\/2733\/revisions"}],"predecessor-version":[{"id":6742,"href":"https:\/\/healingofsouls.com\/no\/wp-json\/wp\/v2\/product\/2733\/revisions\/6742"}],"wp:featuredmedia":[{"embeddable":true,"href":"https:\/\/healingofsouls.com\/no\/wp-json\/wp\/v2\/media\/6821"}],"wp:attachment":[{"href":"https:\/\/healingofsouls.com\/no\/wp-json\/wp\/v2\/media?parent=2733"}],"wp:term":[{"taxonomy":"product_brand","embeddable":true,"href":"https:\/\/healingofsouls.com\/no\/wp-json\/wp\/v2\/product_brand?post=2733"},{"taxonomy":"product_cat","embeddable":true,"href":"https:\/\/healingofsouls.com\/no\/wp-json\/wp\/v2\/product_cat?post=2733"},{"taxonomy":"product_tag","embeddable":true,"href":"https:\/\/healingofsouls.com\/no\/wp-json\/wp\/v2\/product_tag?post=2733"}],"curies":[{"name":"wp","href":"https:\/\/api.w.org\/{rel}","templated":true}]}}