{"id":1881,"date":"2023-10-22T21:15:07","date_gmt":"2023-10-22T19:15:07","guid":{"rendered":"https:\/\/healingofsouls.com\/no\/?post_type=product&#038;p=1881"},"modified":"2024-09-24T18:42:07","modified_gmt":"2024-09-24T16:42:07","slug":"runekurs","status":"publish","type":"product","link":"https:\/\/healingofsouls.com\/no\/produkt\/runekurs\/","title":{"rendered":"NETTKURS: Intuitiv i runer"},"content":{"rendered":"","protected":false},"excerpt":{"rendered":"<p><strong>Er du interessert i \u00e5 tolke runer i sp\u00e5dom og vil l\u00e6re triks for \u00e5 forst\u00e5 runene intuitivt kun ved \u00e5 se p\u00e5 formen deres?<\/strong> Da er dette kurset for deg.<\/p>\n<p><strong>Om kurset:<\/strong><br \/>\nI dette kurset g\u00e5r vi igjennom litt basiskunnskap om runer. I tillegg blir du vist ulike triks om hvordan du kan l\u00e6re \u00e5 tolke runene i rett vei og omvendt posisjon (opp ned runer) ved \u00e5 se p\u00e5 navnet og formen p\u00e5 runen. Du f\u00e5r ogs\u00e5 se p\u00e5 runelegg eksempler og utfordret deg selv gjennom quizzer.<\/p>\n<p><strong><span class=\"tm8\">Dette kurset passer for deg som:<\/span><\/strong><strong><span class=\"tm8\"><br \/>\n<\/span><\/strong>-vil vil ha et enkelt kurs som g\u00e5r rett p\u00e5 sak<br \/>\n-vil jobbe med \u00e5 tolke runer intuitivt<br \/>\n-er interessert i runer<br \/>\n-vil bruke runer som et \u00e5ndelig verkt\u00f8y<br \/>\n-vil l\u00e6re triks om hvordan man ser hva runen betyr i stedet for \u00e5 pugge generelle tolkninger<br \/>\n-trenger et hjelpemiddel som har kontakt med intuisjonen din<\/p>\n<p><strong>Kursets innhold:<\/strong><br \/>\n\u2013 Videoer om runene der jeg forteller om runens bakgrunn og viser hvordan du kan g\u00e5 frem for \u00e5 l\u00e6re hva runen betyr utenat<br \/>\n\u2013 Quizzer<br \/>\n\u2013 Videoer som er tekstet<br \/>\n\u2013 Runelegg eksempler<br \/>\n\u2013 Mulighet til \u00e5 laste ned dokumenter<\/p>\n<p><strong>Kurset bakgrunn:<br \/>\n<\/strong>Jeg ble s\u00e5 lei av \u00e5 v\u00e6re avhengig av hefter og tekster som f\u00f8lger med runer n\u00e5r jeg skulle jobbe med runene. Jeg bestemte meg for \u00e5 sette meg godt inn i runetegnenes bakgrunn og l\u00e6rte dermed at runene trenger ikke \u00e5 bli gjort s\u00e5 kompliserte. Betydningen til runen er faktisk veldig logisk bare man ser litt ekstra p\u00e5 den. Derfor vil jeg gjerne l\u00e6re deg triksene jeg fant da jeg studerte runene for \u00e5 bli mer intuitiv og mindre avhengig av andre tekster. Det er helt i orden \u00e5 bruke runeheftet som f\u00f8lger med runene, men n\u00e5r du klarer \u00e5 forst\u00e5 runene dine, s\u00e5 trenger du runene i mindre grad.<\/p>\n<p><strong>Varighet:<\/strong><br \/>\nDu har tilgang til kurset i <strong>hele 12 m\u00e5neder<\/strong> fra datoen ditt kj\u00f8p blir registrert i systemet.<\/p>\n<p><strong>Inkludert i kurset:<\/strong><br \/>\nDu f\u00e5r muligheten til \u00e5 be om hjelp p\u00e5 <u><a href=\"http:\/\/www.facebook.com\/healingofsoulsnorge\">Facebook pm<\/a><\/u> eller e-post hello@healingofsouls.com dersom du har sp\u00f8rsm\u00e5l om kursets innhold i l\u00f8pet av det \u00e5ret du har tilgang til kurset. Jeg tolker ikke dine personlige runelegg, men du kan be om hjelp om du har sp\u00f8rsm\u00e5l om kursets innhold.<\/p>\n<p><strong><span class=\"tm8\">Hvordan f\u00e5r du tilgang til kurset:<br \/>\n<\/span><\/strong>N\u00e5r du kj\u00f8per kurset, kan du trykke p\u00e5 Opprett en konto (dersom du ikke allerede har en konto). Du vil f\u00e5 tilgang til kurset automantisk innen kort tid om du betaler med kort. Du vil motta en e-post n\u00e5r du er registrert i systemet og har f\u00e5tt tilgang til kurset om du betaler med PayPal da tilgang m\u00e5 gis manuelt. Har du ikke f\u00e5tt kurstilgang innen 48 timer, ta kontakt p\u00e5 e-post hello@healingofsouls.com eller p\u00e5 <u><a href=\"http:\/\/www.facebook.com\/healingofsoulsnorge\">Facebook.\u00a0 <\/a><\/u><\/p>\n<p>N\u00e5r du har kurstilgang, logger du deg inn via forsiden og klikker p\u00e5 <u><a href=\"https:\/\/healingofsouls.com\/no\/min-konto\/\">Kontoinnlogging<\/a><\/u> og <u><a href=\"https:\/\/healingofsouls.com\/no\/kurs\/\">Dine p\u00e5meldte kurs<\/a><\/u>. Da vil du se en oversikt over kursene du har tilgang p\u00e5.<\/p>\n","protected":false},"featured_media":6831,"template":"","meta":[],"product_brand":[],"product_cat":[24,30],"product_tag":[],"class_list":{"0":"post-1881","1":"product","2":"type-product","3":"status-publish","4":"has-post-thumbnail","6":"product_cat-nettkurs","7":"product_cat-runekurs","9":"first","10":"instock","11":"sale","12":"virtual","13":"sold-individually","14":"purchasable","15":"product-type-simple"},"_links":{"self":[{"href":"https:\/\/healingofsouls.com\/no\/wp-json\/wp\/v2\/product\/1881","targetHints":{"allow":["GET"]}}],"collection":[{"href":"https:\/\/healingofsouls.com\/no\/wp-json\/wp\/v2\/product"}],"about":[{"href":"https:\/\/healingofsouls.com\/no\/wp-json\/wp\/v2\/types\/product"}],"version-history":[{"count":5,"href":"https:\/\/healingofsouls.com\/no\/wp-json\/wp\/v2\/product\/1881\/revisions"}],"predecessor-version":[{"id":6745,"href":"https:\/\/healingofsouls.com\/no\/wp-json\/wp\/v2\/product\/1881\/revisions\/6745"}],"wp:featuredmedia":[{"embeddable":true,"href":"https:\/\/healingofsouls.com\/no\/wp-json\/wp\/v2\/media\/6831"}],"wp:attachment":[{"href":"https:\/\/healingofsouls.com\/no\/wp-json\/wp\/v2\/media?parent=1881"}],"wp:term":[{"taxonomy":"product_brand","embeddable":true,"href":"https:\/\/healingofsouls.com\/no\/wp-json\/wp\/v2\/product_brand?post=1881"},{"taxonomy":"product_cat","embeddable":true,"href":"https:\/\/healingofsouls.com\/no\/wp-json\/wp\/v2\/product_cat?post=1881"},{"taxonomy":"product_tag","embeddable":true,"href":"https:\/\/healingofsouls.com\/no\/wp-json\/wp\/v2\/product_tag?post=1881"}],"curies":[{"name":"wp","href":"https:\/\/api.w.org\/{rel}","templated":true}]}}