{"id":6754,"date":"2024-08-29T11:48:42","date_gmt":"2024-08-29T09:48:42","guid":{"rendered":"https:\/\/healingofsouls.com\/no\/?page_id=6754"},"modified":"2024-08-29T12:02:19","modified_gmt":"2024-08-29T10:02:19","slug":"tarot-spells","status":"publish","type":"page","link":"https:\/\/healingofsouls.com\/no\/tarot-spells\/","title":{"rendered":"Tarot spells"},"content":{"rendered":"\t\t<div data-elementor-type=\"wp-page\" data-elementor-id=\"6754\" class=\"elementor elementor-6754\">\n\t\t\t\t<div class=\"elementor-element elementor-element-e3cf3ad e-flex e-con-boxed e-con e-parent\" data-id=\"e3cf3ad\" data-element_type=\"container\" data-e-type=\"container\">\n\t\t\t\t\t<div class=\"e-con-inner\">\n\t\t\t\t<div class=\"elementor-element elementor-element-efb6c09 exad-sticky-section-no exad-glass-effect-no elementor-widget elementor-widget-text-editor\" data-id=\"efb6c09\" data-element_type=\"widget\" data-e-type=\"widget\" data-widget_type=\"text-editor.default\">\n\t\t\t\t<div class=\"elementor-widget-container\">\n\t\t\t\t\t\t\t\t\t<p>Tarot spell for \u00e5 tiltrekke penger<\/p><p>Dette trenger du:<br \/><br \/>Tarotkortstokk:<br \/>Magikeren: Representerer manifestasjon og kraften til \u00e5 bringe \u00f8nsker til virkelighet.<br \/>Myntenes ess: Symboliserer nye \u00f8konomiske muligheter, overflod og velstand.<br \/>10 mynter: Representerer rikdom, \u00f8konomisk sikkerhet og langsiktig suksess.<br \/>Gr\u00f8nt stearinlys: Gr\u00f8nt er fargen assosiert med penger, vekst og velstand.<br \/>Kanel: Kjent for sin evne til \u00e5 tiltrekke seg rikdom.<br \/>En liten sk\u00e5l med mynter eller penger: Dette representerer rikdommen du trekker inn.<br \/>Et stille rom: Hvor du ikke blir forstyrret.<br \/><br \/>Slik g\u00e5r du frem:<br \/>Gj\u00f8r alt klart. Finn et rolig sted hvor du kan utf\u00f8re trolldommen. Tenn det gr\u00f8nne lyset og plasser det foran deg. Legg mynter\/penger rundt stearinlyset.<\/p><p>Ordne tarotkortene:<br \/>Plasser The Magiker-kortet \u00f8verst i oppsettet ditt. Dette representerer din makt til \u00e5 manifestere dine \u00f8nsker.<br \/>Under Magikeren, plasser Myntenes Ess. Dette kortet vil trekke inn nye \u00f8konomiske muligheter.<br \/>Til slutt, plasser 10 Mynt-kortene nederst. Dette kortet vil sikre langsiktig rikdom og finansiell stabilitet.<br \/><br \/>Fokuser din intensjon: Lukk \u00f8ynene og ta noen dype \u00e5ndedrag. Fokuser p\u00e5 f\u00f8lelsen av \u00f8konomisk overflod. Visualiser penger som str\u00f8mmer inn i livet ditt enkelt og uanstrengt. Tenk deg hvordan disse pengene vil forbedre livet ditt, gi deg glede, tr\u00f8st og trygghet.<\/p><p>N\u00e5r du f\u00f8ler deg klar, si f\u00f8lgende ord (eller modifiser dem for \u00e5 passe dine intensjoner):<\/p><p>&laquo;Ved kraften til Magikeren manifesterer jeg \u00f8nsket mitt.<br \/>Med Myntenes Ess trekkes nye muligheter til meg.<br \/>Og gjennom kortet 10 Mynter er rikdom og overflod mitt.<br \/>Det jeg vil skal skje, skal det v\u00e6re.&raquo;<\/p><p>Lad tarotkortene: <br \/>Hold hendene over tarotkortene og forestill deg at de gl\u00f8der med et gr\u00f8nt, velst\u00e5ende lys. Visualiser denne energien som str\u00f8mmer inn i kortene, og lad dem med kraften til \u00e5 tiltrekke penger inn i livet ditt.<\/p><p>Dryss kanel: <br \/>Dryss litt kanel over kortene og pengesk\u00e5len. Kanel er et krydder assosiert med velstand og hastighet, s\u00e5 dette vil bidra til \u00e5 trekke inn penger raskt.<\/p><p>La lyset helst brenne ut, men dersom du ikke kan det, la det brenne i minst en time. La tarotkortene og pengesk\u00e5len st\u00e5 p\u00e5 plass over natten.<\/p><p>B\u00e6r energien med deg: <br \/>Neste dag, plasser tarotkortene tilbake i kortstokken din, vel vitende om at de er belastet med intensjonen din. Du kan b\u00e6re en mynt du har brukt i spellen i lommeboken som en lykkesjarm for \u00e5 tiltrekke deg penger.<\/p><p>Ytterligere tips:<br \/>Utf\u00f8r denne trolldommen p\u00e5 en torsdag, som styres av Jupiter, planeten for overflod og ekspansjon. Voksende m\u00e5nesigd er ogs\u00e5 ideell for staver av attraksjon.<br \/>Gjenta trolldommen: Du kan gjenta denne trolldommen s\u00e5 ofte du vil, spesielt n\u00e5r du f\u00f8ler behov for et \u00f8konomisk l\u00f8ft.<br \/>Med fokus og intensjon kan denne tarotformelen hjelpe deg \u00e5 trekke mer \u00f8konomisk overflod inn i livet ditt.<\/p>\t\t\t\t\t\t\t\t<\/div>\n\t\t\t\t<\/div>\n\t\t\t\t\t<\/div>\n\t\t\t\t<\/div>\n\t\t\t\t<\/div>\n\t\t","protected":false},"excerpt":{"rendered":"<p>Tarot spell for \u00e5 tiltrekke penger Dette trenger du: Tarotkortstokk:Magikeren: Representerer manifestasjon og kraften til \u00e5 bringe \u00f8nsker til virkelighet.Myntenes ess: Symboliserer nye \u00f8konomiske muligheter, overflod og velstand.10 mynter: Representerer rikdom, \u00f8konomisk sikkerhet og langsiktig suksess.Gr\u00f8nt stearinlys: Gr\u00f8nt er fargen assosiert med penger, vekst og velstand.Kanel: Kjent for sin evne til \u00e5 tiltrekke seg rikdom.En [&hellip;]<\/p>\n","protected":false},"author":1,"featured_media":0,"parent":0,"menu_order":0,"comment_status":"closed","ping_status":"closed","template":"template-fullwidth.php","meta":{"footnotes":""},"class_list":["post-6754","page","type-page","status-publish","hentry"],"_links":{"self":[{"href":"https:\/\/healingofsouls.com\/no\/wp-json\/wp\/v2\/pages\/6754","targetHints":{"allow":["GET"]}}],"collection":[{"href":"https:\/\/healingofsouls.com\/no\/wp-json\/wp\/v2\/pages"}],"about":[{"href":"https:\/\/healingofsouls.com\/no\/wp-json\/wp\/v2\/types\/page"}],"author":[{"embeddable":true,"href":"https:\/\/healingofsouls.com\/no\/wp-json\/wp\/v2\/users\/1"}],"replies":[{"embeddable":true,"href":"https:\/\/healingofsouls.com\/no\/wp-json\/wp\/v2\/comments?post=6754"}],"version-history":[{"count":4,"href":"https:\/\/healingofsouls.com\/no\/wp-json\/wp\/v2\/pages\/6754\/revisions"}],"predecessor-version":[{"id":6759,"href":"https:\/\/healingofsouls.com\/no\/wp-json\/wp\/v2\/pages\/6754\/revisions\/6759"}],"wp:attachment":[{"href":"https:\/\/healingofsouls.com\/no\/wp-json\/wp\/v2\/media?parent=6754"}],"curies":[{"name":"wp","href":"https:\/\/api.w.org\/{rel}","templated":true}]}}