{"id":6260,"date":"2024-02-26T06:48:38","date_gmt":"2024-02-26T05:48:38","guid":{"rendered":"https:\/\/healingofsouls.com\/no\/?page_id=6260"},"modified":"2024-02-26T06:56:49","modified_gmt":"2024-02-26T05:56:49","slug":"om-lenormand-kortsystemet","status":"publish","type":"page","link":"https:\/\/healingofsouls.com\/no\/om-lenormand-kortsystemet\/","title":{"rendered":"Om Lenormand kortsystemet"},"content":{"rendered":"\t\t<div data-elementor-type=\"wp-page\" data-elementor-id=\"6260\" class=\"elementor elementor-6260\">\n\t\t\t\t<div class=\"elementor-element elementor-element-934437f e-flex e-con-boxed e-con e-parent\" data-id=\"934437f\" data-element_type=\"container\" data-e-type=\"container\">\n\t\t\t\t\t<div class=\"e-con-inner\">\n\t\t\t\t<div class=\"elementor-element elementor-element-d4db7b1 exad-sticky-section-no exad-glass-effect-no elementor-widget elementor-widget-text-editor\" data-id=\"d4db7b1\" data-element_type=\"widget\" data-e-type=\"widget\" data-widget_type=\"text-editor.default\">\n\t\t\t\t<div class=\"elementor-widget-container\">\n\t\t\t\t\t\t\t\t\t<p>Lenormand er et kortsystemet som jeg personlig foretrekker fremfor tarot. Det er fordi det er kun 36 kort og symbolene p\u00e5 kortene er lettere \u00e5 kjenne igjen i hverdagen.<\/p><p>Her forteller jeg litt om Lenormand og viser hvordan dette kortsystemet fungerer. Du kan ta <a href=\"https:\/\/healingofsouls.com\/no\/produkt\/lenormandkurs\">Lenormandkurs<\/a> og kj\u00f8pe <a href=\"https:\/\/healingofsouls.com\/no\/produkt\/lenormand-e-boker\">Lenormand e-b\u00f8ker<\/a> p\u00e5 denne nettsiden ogs\u00e5.<\/p>\t\t\t\t\t\t\t\t<\/div>\n\t\t\t\t<\/div>\n\t\t\t\t\t<\/div>\n\t\t\t\t<\/div>\n\t\t<div class=\"elementor-element elementor-element-6dbd409 e-flex e-con-boxed e-con e-parent\" data-id=\"6dbd409\" data-element_type=\"container\" data-e-type=\"container\">\n\t\t\t\t\t<div class=\"e-con-inner\">\n\t\t\t\t<div class=\"elementor-element elementor-element-a0e6221 exad-sticky-section-no exad-glass-effect-no elementor-widget elementor-widget-video\" data-id=\"a0e6221\" data-element_type=\"widget\" data-e-type=\"widget\" data-settings=\"{&quot;video_type&quot;:&quot;vimeo&quot;}\" data-widget_type=\"video.default\">\n\t\t\t\t<div class=\"elementor-widget-container\">\n\t\t\t\t\t\t\t<div class=\"elementor-wrapper elementor-open-inline\">\n\t\t\t<iframe class=\"elementor-video-iframe\" allowfullscreen allow=\"clipboard-write\" title=\"vimeo videoavspiller\" src=\"https:\/\/player.vimeo.com\/video\/916592982?color&amp;autopause=0&amp;loop=0&amp;muted=0&amp;title=0&amp;portrait=0&amp;byline=0#t=\"><\/iframe>\t\t<\/div>\n\t\t\t\t\t\t<\/div>\n\t\t\t\t<\/div>\n\t\t\t\t\t<\/div>\n\t\t\t\t<\/div>\n\t\t\t\t<\/div>\n\t\t","protected":false},"excerpt":{"rendered":"<p>Lenormand er et kortsystemet som jeg personlig foretrekker fremfor tarot. Det er fordi det er kun 36 kort og symbolene p\u00e5 kortene er lettere \u00e5 kjenne igjen i hverdagen. Her forteller jeg litt om Lenormand og viser hvordan dette kortsystemet fungerer. Du kan ta Lenormandkurs og kj\u00f8pe Lenormand e-b\u00f8ker p\u00e5 denne nettsiden ogs\u00e5.<\/p>\n","protected":false},"author":1,"featured_media":0,"parent":0,"menu_order":0,"comment_status":"closed","ping_status":"closed","template":"template-fullwidth.php","meta":{"footnotes":""},"class_list":["post-6260","page","type-page","status-publish","hentry"],"_links":{"self":[{"href":"https:\/\/healingofsouls.com\/no\/wp-json\/wp\/v2\/pages\/6260","targetHints":{"allow":["GET"]}}],"collection":[{"href":"https:\/\/healingofsouls.com\/no\/wp-json\/wp\/v2\/pages"}],"about":[{"href":"https:\/\/healingofsouls.com\/no\/wp-json\/wp\/v2\/types\/page"}],"author":[{"embeddable":true,"href":"https:\/\/healingofsouls.com\/no\/wp-json\/wp\/v2\/users\/1"}],"replies":[{"embeddable":true,"href":"https:\/\/healingofsouls.com\/no\/wp-json\/wp\/v2\/comments?post=6260"}],"version-history":[{"count":4,"href":"https:\/\/healingofsouls.com\/no\/wp-json\/wp\/v2\/pages\/6260\/revisions"}],"predecessor-version":[{"id":6264,"href":"https:\/\/healingofsouls.com\/no\/wp-json\/wp\/v2\/pages\/6260\/revisions\/6264"}],"wp:attachment":[{"href":"https:\/\/healingofsouls.com\/no\/wp-json\/wp\/v2\/media?parent=6260"}],"curies":[{"name":"wp","href":"https:\/\/api.w.org\/{rel}","templated":true}]}}