{"id":5664,"date":"2023-12-18T08:44:39","date_gmt":"2023-12-18T07:44:39","guid":{"rendered":"https:\/\/healingofsouls.com\/no\/?page_id=5664"},"modified":"2023-12-18T09:10:19","modified_gmt":"2023-12-18T08:10:19","slug":"englenummer","status":"publish","type":"page","link":"https:\/\/healingofsouls.com\/no\/englenummer\/","title":{"rendered":"Englenummer"},"content":{"rendered":"\t\t<div data-elementor-type=\"wp-page\" data-elementor-id=\"5664\" class=\"elementor elementor-5664\">\n\t\t\t\t<div class=\"elementor-element elementor-element-fcb1a05 e-flex e-con-boxed e-con e-parent\" data-id=\"fcb1a05\" data-element_type=\"container\" data-e-type=\"container\">\n\t\t\t\t\t<div class=\"e-con-inner\">\n\t\t\t\t<div class=\"elementor-element elementor-element-e0d9784 exad-sticky-section-no exad-glass-effect-no elementor-widget elementor-widget-text-editor\" data-id=\"e0d9784\" data-element_type=\"widget\" data-e-type=\"widget\" data-widget_type=\"text-editor.default\">\n\t\t\t\t<div class=\"elementor-widget-container\">\n\t\t\t\t\t\t\t\t\t<div class=\"__fb-light-mode x1n2onr6\" role=\"row\"><div class=\"\"><div class=\"x78zum5 xdt5ytf x1n2onr6\" tabindex=\"-1\" role=\"gridcell\" data-release-focus-from=\"CLICK\" data-scope=\"messages_table\"><div class=\"x78zum5\" role=\"none\"><div class=\"x78zum5 x1iyjqo2 xs83m0k xeuugli x15zctf7\" role=\"none\"><div class=\"x1h91t0o xkh2ocl x78zum5 xdt5ytf x13a6bvl x1r145dm\" role=\"none\"><div class=\"x78zum5 xh8yej3\" role=\"none\"><div class=\"x78zum5 xdt5ytf x193iq5w x1n2onr6 x1kxipp6 xuk3077\"><div class=\"x78zum5 xh8yej3\" role=\"none\"><div class=\"html-div xe8uvvx xdj266r x11i5rnm xat24cr x1mh8g0r x1tlxs6b x1g8br2z x1gn5b1j x230xth x14ctfv x1okitfd x6ikm8r x10wlt62 x1y1aw1k xwib8y2 x1ye3gou xn6708d x1n2onr6 x1vjfegm x1mzt3pk x13faqbe\" role=\"presentation\"><div class=\"x9f619 x1n2onr6 x1ja2u2z __fb-light-mode\" role=\"none\"><div class=\"x1gslohp x11i5rnm x12nagc x1mh8g0r x1yc453h x126k92a\" dir=\"auto\"><h3>Engletall 0<\/h3>0 er begynnelsen og slutten fordi det er ingen slutt p\u00e5 tallet. Det er rundt og alt er uendelig. Du er p\u00e5 rett spor. Null er tallet til universelle energier og forsterker og forst\u00f8rrer vibrasjonene til tallene den vises med. Tallet null omfatter attributtene til alle andre tall, og bringer en n\u00e6rmere Kraften. 0 resonerer med vibrasjonene og energiene til evigheten, uendeligheten, enhet, helhet, kontinuerlige sykluser og flyt, og startpunktet. Tallet 0 st\u00e5r for potensial og\/eller valg, og n\u00e5r dette tallet presenteres og gjentar seg er det et budskap som har \u00e5 gj\u00f8re med \u00e5 utvikle sine \u00e5ndelige aspekter som null anses \u00e5 representere begynnelsen p\u00e5 en \u00e5ndelig reise og fremhever usikkerheten som kan medf\u00f8re. Dette tallet foresl\u00e5r at du lytter til din intuisjon og h\u00f8yere selv, siden det er her du finner alle svarene dine.<\/div><div dir=\"auto\">\u00a0<\/div><div class=\"x1gslohp x11i5rnm x12nagc x1mh8g0r x1yc453h x126k92a\" dir=\"auto\"><h3>Engletall 1<\/h3><p>1 handler om \u00e5 jobbe med deg selv. Her er det viktig med tillit til deg selv og vite at du vil lykkes med alt, uansett hvor vanskelig det er. Dette tallet kommer gjerne n\u00e5r det er noe nytt du vil starte.\u00a0<\/p><h3>Engletall 2<\/h3><p>2 kan bety at det er p\u00e5 tide \u00e5 tenke p\u00e5 deg selv og ditt forhold til andre \/ noe i livet ditt. Opplever du press fra andre, eller er samarbeid i fokus her?<\/p><h3>Engletall 3<\/h3><p>3 kan bety at noe holdes igjen og m\u00e5 komme ut. Kanskje det er noe du har holdt for deg selv og ikke vil fortelle noen. Kanskje det er noe du trenger \u00e5 bli kvitt \/ gi slipp p\u00e5. Det kan v\u00e6re utfordringer du ikke vet om du vil godta eller beholde. Akseptere at utfordringene finnes og finn l\u00f8sninger.<\/p><h3>Engletall 4<\/h3><p>4 viser at du trenger \u00e5 gjennomg\u00e5 grunnleggende ting i livet. Det kan handle om fysisk og mental helse. Prioriter dette i livet ditt.\u00a0<\/p><h3>Engeltall 5<\/h3><p>5 er et tall som viser til at det er behov for endringer i livet ditt. Det kommer tydelig frem dersom dette tallet dukker opp n\u00e5r du st\u00e5r i utfordringer eller situasjoner som ikke er heldige for deg.<\/p><h3>Engletall 6<\/h3><p>6 handler om hvordan du bruker tiden din. Sp\u00f8r deg selv om du balanserer arbeid og privatliv i stor grad. Balanse er viktig her.<\/p><h3>Engletall 7<\/h3><p>7 kommer med ro. Det er et tall som betyr at det er behov for ro. Kanskje du trenger \u00e5 roe ned tanker eller aktivitet du gj\u00f8r.\u00a0<\/p><h3>Engletall 8<\/h3><p>8 dukker opp n\u00e5r det er noe utfordrende eller tungt som skjer. Kanskje noe trenger avklaring, angrep eller sterk intervensjon.\u00a0<\/p><h3>Engletall 9<\/h3><p>9 er et kj\u00e6rlighetstall og kommer med budskap om medf\u00f8lelse n\u00e5r det gjelder deg selv og andre. Ikke d\u00f8m situasjoner eller deg selv hardt, men vis medf\u00f8lelse for \u00e5 lettere \u00e5pne opp for kj\u00e6rlighet.<\/p><p>\u00a0<\/p><\/div><\/div><\/div><\/div><\/div><\/div><\/div><\/div><\/div><\/div><\/div><\/div>\t\t\t\t\t\t\t\t<\/div>\n\t\t\t\t<\/div>\n\t\t\t\t\t<\/div>\n\t\t\t\t<\/div>\n\t\t\t\t<\/div>\n\t\t","protected":false},"excerpt":{"rendered":"<p>Engletall 0 0 er begynnelsen og slutten fordi det er ingen slutt p\u00e5 tallet. Det er rundt og alt er uendelig. Du er p\u00e5 rett spor. Null er tallet til universelle energier og forsterker og forst\u00f8rrer vibrasjonene til tallene den vises med. Tallet null omfatter attributtene til alle andre tall, og bringer en n\u00e6rmere Kraften. [&hellip;]<\/p>\n","protected":false},"author":1,"featured_media":0,"parent":0,"menu_order":0,"comment_status":"closed","ping_status":"closed","template":"template-fullwidth.php","meta":{"footnotes":""},"class_list":["post-5664","page","type-page","status-publish","hentry"],"_links":{"self":[{"href":"https:\/\/healingofsouls.com\/no\/wp-json\/wp\/v2\/pages\/5664","targetHints":{"allow":["GET"]}}],"collection":[{"href":"https:\/\/healingofsouls.com\/no\/wp-json\/wp\/v2\/pages"}],"about":[{"href":"https:\/\/healingofsouls.com\/no\/wp-json\/wp\/v2\/types\/page"}],"author":[{"embeddable":true,"href":"https:\/\/healingofsouls.com\/no\/wp-json\/wp\/v2\/users\/1"}],"replies":[{"embeddable":true,"href":"https:\/\/healingofsouls.com\/no\/wp-json\/wp\/v2\/comments?post=5664"}],"version-history":[{"count":4,"href":"https:\/\/healingofsouls.com\/no\/wp-json\/wp\/v2\/pages\/5664\/revisions"}],"predecessor-version":[{"id":5668,"href":"https:\/\/healingofsouls.com\/no\/wp-json\/wp\/v2\/pages\/5664\/revisions\/5668"}],"wp:attachment":[{"href":"https:\/\/healingofsouls.com\/no\/wp-json\/wp\/v2\/media?parent=5664"}],"curies":[{"name":"wp","href":"https:\/\/api.w.org\/{rel}","templated":true}]}}