{"id":5367,"date":"2023-11-26T20:56:24","date_gmt":"2023-11-26T19:56:24","guid":{"rendered":"https:\/\/healingofsouls.com\/no\/?page_id=5367"},"modified":"2023-11-26T20:59:48","modified_gmt":"2023-11-26T19:59:48","slug":"kraftdyr","status":"publish","type":"page","link":"https:\/\/healingofsouls.com\/no\/kraftdyr\/","title":{"rendered":"Kraftdyr"},"content":{"rendered":"\t\t<div data-elementor-type=\"wp-page\" data-elementor-id=\"5367\" class=\"elementor elementor-5367\">\n\t\t\t\t<div class=\"elementor-element elementor-element-c60d163 e-flex e-con-boxed e-con e-parent\" data-id=\"c60d163\" data-element_type=\"container\" data-e-type=\"container\">\n\t\t\t\t\t<div class=\"e-con-inner\">\n\t\t\t\t<div class=\"elementor-element elementor-element-1ff32b5 exad-sticky-section-no exad-glass-effect-no elementor-widget elementor-widget-text-editor\" data-id=\"1ff32b5\" data-element_type=\"widget\" data-e-type=\"widget\" data-widget_type=\"text-editor.default\">\n\t\t\t\t<div class=\"elementor-widget-container\">\n\t\t\t\t\t\t\t\t\t<h2 class=\"tm6\"><strong>Hva er et kraftdyr?<\/strong><\/h2><p class=\"tm7\">Kraftdyr, ogs\u00e5 kalt totemdyr, er slags \u00e5ndelige dyr som kommer til deg for \u00e5 hjelpe deg.<\/p><p class=\"tm7\">Alle dyr har ulike styrker og egenskaper, og kraftdyret l\u00e5ner deg sine egenskaper for at du skal vokse og l\u00e6re, f\u00e5 l\u00e6rdom, erfaring og veiledning. Du kan ha opp til flere kraftdyr, men det er som regel et dyr som vil vise seg tydeligere. Kraftdyrene kommer og g\u00e5r utifra hvilke behov for hjelp du har.<\/p><h2 class=\"tm6\"><strong>Hvordan f\u00e5 kontakt med kraftdyret ditt<\/strong><\/h2><p class=\"tm7\">Det h\u00f8res kanskje kjedelig ut, men gjennom meditasjoner kan du lettere f\u00e5 kontakt med kraftdyret ditt. Du kan sp\u00f8rre om kraftdyret ditt kan vise seg frem, mens du mediterer. Det kan hende du f\u00e5r vite et dyrnavn eller ser et bilde av dyret i ditt indre.\u00a0<\/p><p class=\"tm7\">F\u00f8ler du at du f.eks ser mange bj\u00f8rner p\u00e5 skogstur som titter p\u00e5 deg, kan det hende det er dine kraftdyr. V\u00e6r oppmerksom p\u00e5 dine omgivelser og inntrykk du f\u00e5r.<\/p><p class=\"tm7\">Du kan ogs\u00e5 ta trommereiser for \u00e5 komme i kontakt med kraftdyret ditt.\u00a0<\/p>\t\t\t\t\t\t\t\t<\/div>\n\t\t\t\t<\/div>\n\t\t\t\t\t<\/div>\n\t\t\t\t<\/div>\n\t\t<div class=\"elementor-element elementor-element-1b393d8 e-flex e-con-boxed e-con e-parent\" data-id=\"1b393d8\" data-element_type=\"container\" data-e-type=\"container\">\n\t\t\t\t\t<div class=\"e-con-inner\">\n\t\t\t\t<div class=\"elementor-element elementor-element-527ebb7 exad-sticky-section-no exad-glass-effect-no elementor-widget elementor-widget-image\" data-id=\"527ebb7\" data-element_type=\"widget\" data-e-type=\"widget\" data-widget_type=\"image.default\">\n\t\t\t\t<div class=\"elementor-widget-container\">\n\t\t\t\t\t\t\t\t\t\t\t\t\t\t\t<img fetchpriority=\"high\" decoding=\"async\" width=\"175\" height=\"300\" src=\"https:\/\/healingofsouls.com\/no\/wp-content\/uploads\/sites\/2\/2023\/11\/cosmos-1-e1701028766857-175x300.jpg\" class=\"attachment-medium size-medium wp-image-5369\" alt=\"\" srcset=\"https:\/\/healingofsouls.com\/no\/wp-content\/uploads\/sites\/2\/2023\/11\/cosmos-1-e1701028766857-175x300.jpg 175w, https:\/\/healingofsouls.com\/no\/wp-content\/uploads\/sites\/2\/2023\/11\/cosmos-1-e1701028766857-597x1024.jpg 597w, https:\/\/healingofsouls.com\/no\/wp-content\/uploads\/sites\/2\/2023\/11\/cosmos-1-e1701028766857-768x1317.jpg 768w, https:\/\/healingofsouls.com\/no\/wp-content\/uploads\/sites\/2\/2023\/11\/cosmos-1-e1701028766857-895x1536.jpg 895w, https:\/\/healingofsouls.com\/no\/wp-content\/uploads\/sites\/2\/2023\/11\/cosmos-1-e1701028766857-416x714.jpg 416w, https:\/\/healingofsouls.com\/no\/wp-content\/uploads\/sites\/2\/2023\/11\/cosmos-1-e1701028766857.jpg 945w\" sizes=\"(max-width: 175px) 100vw, 175px\" \/>\t\t\t\t\t\t\t\t\t\t\t\t\t\t\t<\/div>\n\t\t\t\t<\/div>\n\t\t\t\t\t<\/div>\n\t\t\t\t<\/div>\n\t\t\t\t<\/div>\n\t\t","protected":false},"excerpt":{"rendered":"<p>Hva er et kraftdyr? Kraftdyr, ogs\u00e5 kalt totemdyr, er slags \u00e5ndelige dyr som kommer til deg for \u00e5 hjelpe deg. Alle dyr har ulike styrker og egenskaper, og kraftdyret l\u00e5ner deg sine egenskaper for at du skal vokse og l\u00e6re, f\u00e5 l\u00e6rdom, erfaring og veiledning. Du kan ha opp til flere kraftdyr, men det er [&hellip;]<\/p>\n","protected":false},"author":1,"featured_media":0,"parent":0,"menu_order":0,"comment_status":"closed","ping_status":"closed","template":"template-fullwidth.php","meta":{"footnotes":""},"class_list":["post-5367","page","type-page","status-publish","hentry"],"_links":{"self":[{"href":"https:\/\/healingofsouls.com\/no\/wp-json\/wp\/v2\/pages\/5367","targetHints":{"allow":["GET"]}}],"collection":[{"href":"https:\/\/healingofsouls.com\/no\/wp-json\/wp\/v2\/pages"}],"about":[{"href":"https:\/\/healingofsouls.com\/no\/wp-json\/wp\/v2\/types\/page"}],"author":[{"embeddable":true,"href":"https:\/\/healingofsouls.com\/no\/wp-json\/wp\/v2\/users\/1"}],"replies":[{"embeddable":true,"href":"https:\/\/healingofsouls.com\/no\/wp-json\/wp\/v2\/comments?post=5367"}],"version-history":[{"count":4,"href":"https:\/\/healingofsouls.com\/no\/wp-json\/wp\/v2\/pages\/5367\/revisions"}],"predecessor-version":[{"id":5373,"href":"https:\/\/healingofsouls.com\/no\/wp-json\/wp\/v2\/pages\/5367\/revisions\/5373"}],"wp:attachment":[{"href":"https:\/\/healingofsouls.com\/no\/wp-json\/wp\/v2\/media?parent=5367"}],"curies":[{"name":"wp","href":"https:\/\/api.w.org\/{rel}","templated":true}]}}