{"id":5344,"date":"2023-11-26T20:42:21","date_gmt":"2023-11-26T19:42:21","guid":{"rendered":"https:\/\/healingofsouls.com\/no\/?page_id=5344"},"modified":"2023-11-26T20:43:27","modified_gmt":"2023-11-26T19:43:27","slug":"sjelekontrakt","status":"publish","type":"page","link":"https:\/\/healingofsouls.com\/no\/sjelekontrakt\/","title":{"rendered":"Sjelekontrakt"},"content":{"rendered":"\t\t<div data-elementor-type=\"wp-page\" data-elementor-id=\"5344\" class=\"elementor elementor-5344\">\n\t\t\t\t<div class=\"elementor-element elementor-element-34751b2 e-flex e-con-boxed e-con e-parent\" data-id=\"34751b2\" data-element_type=\"container\" data-e-type=\"container\">\n\t\t\t\t\t<div class=\"e-con-inner\">\n\t\t\t\t<div class=\"elementor-element elementor-element-6cad43b exad-sticky-section-no exad-glass-effect-no elementor-widget elementor-widget-text-editor\" data-id=\"6cad43b\" data-element_type=\"widget\" data-e-type=\"widget\" data-widget_type=\"text-editor.default\">\n\t\t\t\t<div class=\"elementor-widget-container\">\n\t\t\t\t\t\t\t\t\t<p class=\"tm6\">Gjennom livet m\u00f8ter vi mange mennesker. Noen etterlater et sterkt inntrykk og p\u00e5virker mange omr\u00e5der av v\u00e5r eksistens, utfordrer v\u00e5re emosjonelle og rasjonelle sider og p\u00e5virker v\u00e5r skjebne dypt. Dette er menneskene som m\u00f8ter oss av en spesifikk grunn, en grunn mange av oss ikke oppdager og kanskje ikke forst\u00e5r etter at forholdet har oppfylt form\u00e5let.<\/p><p class=\"tm6\">Du har kanskje f\u00f8lt at det var meningen \u00e5 treffe noen, fordi de l\u00e6rte deg noe p\u00e5 godt og vondt. Disse menneskene har hatt store roller i v\u00e5r l\u00e6re av selvrealisering og transformasjon. Dette kalles sjelekontrakter.<\/p><p class=\"tm6\">\u2013 Tidspunktet du ble f\u00f8dt var ikke tilfeldig<br \/>\u2013 Familien du ble f\u00f8dt i ble spesielt valgt for deg<br \/>\u2013 Enkelte mennesker er innstilt p\u00e5 \u00e5 komme inn i livet ditt for \u00e5 hjelpe deg med \u00e5 helbrede noe enten fra et tidligere liv eller i denne levetiden<br \/>\u2013 Uansett hva hendelser som utspiller seg i livet ditt, er her for \u00e5 hjelpe deg \u00e5 utvikle deg til en h\u00f8yere bevissthetstilstand<br \/>\u2013 D\u00f8den er ogs\u00e5 inkludert p\u00e5 sjelens kontrakt, men ikke som en dato \u2013 snarere er det i et \u00f8yeblikk i livet ditt \u2013 et \u00f8yeblikk n\u00e5r du innser hva det er som du trenger \u00e5 realisere for \u00e5 komme tilbake til \u00e5ndsform<br \/>\u2013 Du ble sendt til denne dimensjonen av jorden p\u00e5 et bestemt tidspunkt, til et bestemt sted og med et bestemt form\u00e5l.\u00a0<\/p><p class=\"tm6\"><strong><span class=\"tm7\">MEN \u2013 en ting som imidlertid ikke er forh\u00e5ndsbestemt, er din frie vilje.<\/span><\/strong><\/p><p class=\"tm6\">Livet er fullt av valg. Vi har alle fri vilje, vi er alle ansvarlige (til en viss grad) og vi har alle en mening om hvordan vi vil at livet v\u00e5rt skal utfolde seg n\u00e5r vi kommer hit.<\/p><p class=\"tm6\">Disse valgene blir sett p\u00e5 som v\u00e5r skjebne \u2013 vi kan velge hvilken vei vi skal g\u00e5 og unng\u00e5, men en ting vi ikke kan endre er v\u00e5r skjebne.\u00a0V\u00e5r skjebne er egentlig \u00e5 oppleve Universets ubetingede kj\u00e6rlighet, og ofte tar dette mange reiser, over mange levetider og dimensjoner, for fullt ut \u00e5 komme tilbake til denne energien.<\/p><p class=\"tm6\">Alle sjeler p\u00e5 jorden er her i forskjellige stadier av deres bevisste evolusjon, noen er mot slutten og noen har nettopp begynt, men uansett er vi alle \u201cinng\u00e5tt\u201d for \u00e5 v\u00e6re her.\u00a0I all hovedsak er sjelekontrakten din avtalen du har inng\u00e5tt med deg selv for \u00e5 hjelpe deg med \u00e5 vokse og utvikle seg til en h\u00f8yere bevissthetstilstand, men du er ikke alene. Du f\u00e5r ogs\u00e5 litt hjelp p\u00e5 veien av guider og engler.\u00a0For \u00e5 oppfylle din sjelekontrakt blir du ogs\u00e5 tildelt et sett \u00e5ndeguider, engler, vesner, dyr og mennesker som kan hjelpe deg. Hvis du er \u00e5pen nok, vil du stadig motta tegn, meldinger og ledetr\u00e5der for om du f\u00f8lger din vei.<\/p><p class=\"tm6\">En av de beste fysiske ledetr\u00e5dene p\u00e5 at du f\u00f8lger din sjelekontrakt eller den veien du er ment \u00e5 f\u00f8lge, er n\u00e5r synkronitet oppst\u00e5r eller rare tilfeldigheter oppst\u00e5r som f\u00f8rer deg fra en ting til den neste.<\/p><p class=\"tm6\">Et annet godt tegn p\u00e5 at du f\u00f8lger din vei er n\u00e5r du ser ut til \u00e5 m\u00f8te de rette menneskene til rett tid som kan tilby deg informasjon, veiledning og hjelp n\u00e5r du er i tvil eller \u00f8nsker \u00e5 l\u00e6re.<\/p><p class=\"tm6\">Det er en viss debatt om hvorvidt du kan bryte sjelekontrakten eller ikke. Noen hevder at alt du gj\u00f8r er en del av kontrakten din, og andre tror at du kan vandre fra din valgte vei. Men var det \u00e5 bryte kontrakten din en del av avtalen? Det kan godt hende.<\/p><p class=\"tm6\">Tenk p\u00e5 sjelkontrakten din som fjellet du ble plassert p\u00e5 \u2013 fjellet du var bestemt til \u00e5 klatre. Du kan velge hvordan du kommer til toppen, du kan velge hvilken vei du vil klatre p\u00e5; hvert av disse valgene medf\u00f8rer en helt annen opplevelse, men destinasjonen vil alltid v\u00e6re den samme. Fjellet ditt vil fortsette \u00e5 vokse, skifte og utvikle seg som du gj\u00f8r, men form\u00e5let ditt her i menneskelig form vil alltid forbli.<\/p><p class=\"tm6\">Det er ikke en konkurranse for \u00e5 se hvor fort du kan komme deg til toppen, det er ikke en n\u00f8dvendig utfordring \u00e5 pr\u00f8ve \u00e5 klatre noen andres fjell, utfordringen er \u00e5 v\u00e6re tro mot deg selv og klatre p\u00e5 fjellet ditt med letthet og n\u00e5de; begeistret over hvor reisen tar deg.<\/p>\t\t\t\t\t\t\t\t<\/div>\n\t\t\t\t<\/div>\n\t\t\t\t\t<\/div>\n\t\t\t\t<\/div>\n\t\t<div class=\"elementor-element elementor-element-32e6e8a e-flex e-con-boxed e-con e-parent\" data-id=\"32e6e8a\" data-element_type=\"container\" data-e-type=\"container\">\n\t\t\t\t\t<div class=\"e-con-inner\">\n\t\t\t\t<div class=\"elementor-element elementor-element-51cede8 exad-sticky-section-no exad-glass-effect-no elementor-widget elementor-widget-image\" data-id=\"51cede8\" data-element_type=\"widget\" data-e-type=\"widget\" data-widget_type=\"image.default\">\n\t\t\t\t<div class=\"elementor-widget-container\">\n\t\t\t\t\t\t\t\t\t\t\t\t\t\t\t<img fetchpriority=\"high\" decoding=\"async\" width=\"300\" height=\"200\" src=\"https:\/\/healingofsouls.com\/no\/wp-content\/uploads\/sites\/2\/2023\/11\/lykkekurs10-300x200.jpg\" class=\"attachment-medium size-medium wp-image-5301\" alt=\"\" srcset=\"https:\/\/healingofsouls.com\/no\/wp-content\/uploads\/sites\/2\/2023\/11\/lykkekurs10-300x200.jpg 300w, https:\/\/healingofsouls.com\/no\/wp-content\/uploads\/sites\/2\/2023\/11\/lykkekurs10-1024x683.jpg 1024w, https:\/\/healingofsouls.com\/no\/wp-content\/uploads\/sites\/2\/2023\/11\/lykkekurs10-768x512.jpg 768w, https:\/\/healingofsouls.com\/no\/wp-content\/uploads\/sites\/2\/2023\/11\/lykkekurs10-1536x1024.jpg 1536w, https:\/\/healingofsouls.com\/no\/wp-content\/uploads\/sites\/2\/2023\/11\/lykkekurs10-2048x1365.jpg 2048w, https:\/\/healingofsouls.com\/no\/wp-content\/uploads\/sites\/2\/2023\/11\/lykkekurs10-416x277.jpg 416w\" sizes=\"(max-width: 300px) 100vw, 300px\" \/>\t\t\t\t\t\t\t\t\t\t\t\t\t\t\t<\/div>\n\t\t\t\t<\/div>\n\t\t\t\t\t<\/div>\n\t\t\t\t<\/div>\n\t\t\t\t<\/div>\n\t\t","protected":false},"excerpt":{"rendered":"<p>Gjennom livet m\u00f8ter vi mange mennesker. Noen etterlater et sterkt inntrykk og p\u00e5virker mange omr\u00e5der av v\u00e5r eksistens, utfordrer v\u00e5re emosjonelle og rasjonelle sider og p\u00e5virker v\u00e5r skjebne dypt. Dette er menneskene som m\u00f8ter oss av en spesifikk grunn, en grunn mange av oss ikke oppdager og kanskje ikke forst\u00e5r etter at forholdet har oppfylt [&hellip;]<\/p>\n","protected":false},"author":1,"featured_media":0,"parent":0,"menu_order":0,"comment_status":"closed","ping_status":"closed","template":"template-fullwidth.php","meta":{"footnotes":""},"class_list":["post-5344","page","type-page","status-publish","hentry"],"_links":{"self":[{"href":"https:\/\/healingofsouls.com\/no\/wp-json\/wp\/v2\/pages\/5344","targetHints":{"allow":["GET"]}}],"collection":[{"href":"https:\/\/healingofsouls.com\/no\/wp-json\/wp\/v2\/pages"}],"about":[{"href":"https:\/\/healingofsouls.com\/no\/wp-json\/wp\/v2\/types\/page"}],"author":[{"embeddable":true,"href":"https:\/\/healingofsouls.com\/no\/wp-json\/wp\/v2\/users\/1"}],"replies":[{"embeddable":true,"href":"https:\/\/healingofsouls.com\/no\/wp-json\/wp\/v2\/comments?post=5344"}],"version-history":[{"count":7,"href":"https:\/\/healingofsouls.com\/no\/wp-json\/wp\/v2\/pages\/5344\/revisions"}],"predecessor-version":[{"id":5351,"href":"https:\/\/healingofsouls.com\/no\/wp-json\/wp\/v2\/pages\/5344\/revisions\/5351"}],"wp:attachment":[{"href":"https:\/\/healingofsouls.com\/no\/wp-json\/wp\/v2\/media?parent=5344"}],"curies":[{"name":"wp","href":"https:\/\/api.w.org\/{rel}","templated":true}]}}