{"id":5324,"date":"2023-11-26T20:33:12","date_gmt":"2023-11-26T19:33:12","guid":{"rendered":"https:\/\/healingofsouls.com\/no\/?page_id=5324"},"modified":"2023-11-26T20:35:58","modified_gmt":"2023-11-26T19:35:58","slug":"skytsengler","status":"publish","type":"page","link":"https:\/\/healingofsouls.com\/no\/skytsengler\/","title":{"rendered":"Skytsengler"},"content":{"rendered":"\t\t<div data-elementor-type=\"wp-page\" data-elementor-id=\"5324\" class=\"elementor elementor-5324\">\n\t\t\t\t<div class=\"elementor-element elementor-element-8386eea e-flex e-con-boxed e-con e-parent\" data-id=\"8386eea\" data-element_type=\"container\" data-e-type=\"container\">\n\t\t\t\t\t<div class=\"e-con-inner\">\n\t\t\t\t<div class=\"elementor-element elementor-element-d083bbb exad-sticky-section-no exad-glass-effect-no elementor-widget elementor-widget-text-editor\" data-id=\"d083bbb\" data-element_type=\"widget\" data-e-type=\"widget\" data-widget_type=\"text-editor.default\">\n\t\t\t\t<div class=\"elementor-widget-container\">\n\t\t\t\t\t\t\t\t\t<h2 class=\"tm6\"><strong>Hva er skytsengler?<\/strong><\/h2><p class=\"tm7\">Skytsengler finnes! De er med deg fra start til slutt og i motsetning til hjelpere s\u00e5 blir skytsengler hos deg hele veien. Se p\u00e5 de som mektige og guddommelige \u00e5ndelige guider som kan hjelpe deg med \u00e5 navigere i livet.\u00a0N\u00e5r du begynner \u00e5 bli kjent med dine skytsengler, blir det mye lettere \u00e5 f\u00f8le deres tilstedev\u00e6relse og kjenne igjen n\u00e5r de sender deg veiledning. Den beste m\u00e5ten \u00e5 bli kjent med dine skytsengler er rett og slett \u00e5 bare snakke til dem og v\u00e6re \u00e5pen for \u00e5 lytte til dine indre tanker. Tankene kan nemlig v\u00e6re fra skytsengelen din.<\/p><h2 class=\"tm6\"><strong>Hvordan ser skytsengler ut?<\/strong><\/h2><p class=\"tm7\">Din skytsengel kan v\u00e6re b\u00e5de hvit og brun. Du ser din skytsengel forskjellig ut ifra hvor lys eller m\u00f8rk du er. Ser du skygger rundt deg eller blinkende lys rundt deg, ikke v\u00e6r redd. Dette kan faktisk v\u00e6re skytsengelen din. Din skytsengel er ikke en av de store erkeengelene (Gabriel, Rafael osv) eller en slektning, selv om b\u00e5de erkeenglene og slektninger kan komme innom deg og hjelpe deg En skytsengel er \u00e5ndelige og gudommelige guider. For \u00e5 komme dypere inn i hvordan din skytsengel ser ut, kan du ta trommereiser der du mediterer og m\u00f8ter din skytsengel p\u00e5 et trygt sted. Du kan ogs\u00e5 be skytsengelen din vise seg i en dr\u00f8m eller be noen med lys energi om \u00e5 se etter engelen din.<\/p><h2 class=\"tm6\"><strong>Hva kan du sp\u00f8rre skytsengelen din om?<\/strong><\/h2><p class=\"tm7\">Du kan sp\u00f8rre skytsengelen din om ALT s\u00e5 lenge du sp\u00f8r fra hjertet. Du kan ikke sp\u00f8rre om ting som kommer fra ego. Din skytsengel vet alt om deg, vet alt om hva som er best for deg og vet alltid hva du tenker. Din skytsengel er din partner og vil alltid v\u00e6re der for \u00e5 st\u00f8tte deg. Men selve innsatsen og arbeidet m\u00e5 du gj\u00f8re selv.<\/p><h2 class=\"tm6\"><strong>Hvordan f\u00e5 kontakt med skytsengelen?<\/strong><\/h2><p class=\"tm7\">Prat til skytsengelen din.\u00a0<\/p><p class=\"tm7\">Begynn med \u00e5 si: \u201dKj\u00e6re, Skytsengel\u201d\u2026 og prat i vei. Skytsengelen vet alt om deg og kjenner deg bedre enn du kjenner deg selv, men n\u00e5r du prater h\u00f8yt til skytsengelen, s\u00e5 setter du energier ut.<\/p><p class=\"tm7\">Hver dag kan du f.eks si: \u201dGod morgen, skytsengel. Takk for at du beskyttet meg i natt.\u201d Og om kvelden: \u201dGod natt, kj\u00e6re Skytsengel. Takk for alt du\u00a0gj\u00f8r for meg\u201d + det du har p\u00e5 hjertet.<\/p><p class=\"tm7\">Prat til skytsengelen din om dine dr\u00f8mmer og \u00f8nsker og be om hjelp. Men husk: Det m\u00e5 komme fra ditt hjerte.<\/p><h2 class=\"tm6\"><strong>Hvordan kommuniserer skytsengler med oss?<\/strong><\/h2><p class=\"tm7\">De kommuniserer med oss gjennom synkroniteter. F.eks: Du lurer p\u00e5 om du b\u00f8r spise middag eller hoppe over middagen. Du velger \u00e5 slappe av i sofaen og h\u00f8re p\u00e5 musikk og du h\u00f8rer da \u2018Food, glorious food\u2019 synge \u00e5 Spotify-en din eller du ser overraskende mange matreklamer p\u00e5 TV. De kan ogs\u00e5 kommunisere gjennom tankene dine. F.eks en tanke du tror er din, kan v\u00e6re fra skytsengelen din. De kan ogs\u00e5 vise deg bilder eller sette igang en tankeprosess hos deg. De kan ogs\u00e5 komme med svar til dine b\u00f8nner\/utsagn i symbolske dr\u00f8mmer.<\/p><p class=\"tm7\">R\u00e5det her er \u00e5 v\u00e6re bevisst, v\u00e6re i ro og balanse for \u00e5 lytte og se etter dem.<\/p><h2 class=\"tm6\"><strong>Hvordan merker du n\u00e6rv\u00e6ret til din skytsengel?<\/strong><\/h2><p class=\"tm7\">Vi er aldri alene. V\u00e5re hjelpere og skytsengler er alltid med oss. N\u00e5r du snakker til din skytsengel, kan du kanskje merke prikking, energier og temperaturendring, f.eks p\u00e5 venstresiden av kroppen, foran eller bak. Eller kanskje du merker en energi, som om noen tar p\u00e5 deg eller setter seg inntil deg. Kanskje du ogs\u00e5 ser skygger eller blinkende lysglimt rundt deg.<\/p><p class=\"tm7\">Dette kan alts\u00e5 skje p\u00e5 flere m\u00e5ter.<\/p><h2 class=\"tm6\"><strong>Skytsengler og forholdet deres til oss<\/strong><\/h2><p class=\"tm7\">Skytsengler elsker oss, men de \u00f8nsker vi skal vokse og utvikle oss. Skytsengler vil ikke fikse hvert eneste problem du har. Tenk p\u00e5 alt du ikke hadde l\u00e6rt eller erfart hvis det ikke var for utfordringene dine? Be skytsengelen din om hjelp, men husk at du har ogs\u00e5 et ansvar for ditt eget\u00a0liv. Skytsengler kan v\u00e6re kj\u00e6rlige, men ogs\u00e5 strenge (og rettferdige) fordi vi trenger deres veiledning.<\/p><h2 class=\"tm6\"><strong>Min erfaring med min skytsengel<\/strong><\/h2><p class=\"tm7\">Jeg er ikke veldig lys i energien (vi er alle enten lyse, litt lyse, midt imellom, litt m\u00f8rke eller veldig m\u00f8rke i energien og alt dette er helt ok og normalt) s\u00e5 jeg ser ikke skytsengler s\u00e5 tydelig. Noe jeg l\u00e6rte fra kursene til Heidi Gunes fra <strong><u><a href=\"https:\/\/www.facebook.com\/Magisk-visdom-1569554073319459\"><span class=\"tm8\">Magisk Visdom<\/span><\/a><\/u><\/strong> og <strong><u><a href=\"https:\/\/www.facebook.com\/groups\/219225791515294\"><span class=\"tm8\">FB gruppen L\u00c5SH<\/span><\/a><\/u><\/strong> er at f.eks de som er lyse lettere ser engler, de som er m\u00f8rke lettere ser m\u00f8rke engler og m\u00f8rke vesener osv. If\u00f8lge min erfaring stemmer dette veldig bra. N\u00e5r jeg har glimtet min engel har det v\u00e6rt i form av et sterkt lys eller som en lys til gr\u00e5lig form i meditasjon. Da har jeg sett min skytsengel delvis. Min skytsengel heter Miranda og etter mitt syn er hun utrolig vakker. Hun er omsorgsfull, rettferdig og kommer frem n\u00e5r jeg ber om hennes tilstedev\u00e6relse. Hun kan ogs\u00e5 dukke opp i dr\u00f8mmene mine og stryke p\u00e5 meg hvis jeg g\u00e5r igjennom en t\u00f8ff periode.<\/p><p class=\"Normal\">\u00a0<\/p>\t\t\t\t\t\t\t\t<\/div>\n\t\t\t\t<\/div>\n\t\t\t\t\t<\/div>\n\t\t\t\t<\/div>\n\t\t<div class=\"elementor-element elementor-element-12c88a8 e-flex e-con-boxed e-con e-parent\" data-id=\"12c88a8\" data-element_type=\"container\" data-e-type=\"container\">\n\t\t\t\t\t<div class=\"e-con-inner\">\n\t\t\t\t<div class=\"elementor-element elementor-element-94cbee5 exad-sticky-section-no exad-glass-effect-no elementor-widget elementor-widget-image\" data-id=\"94cbee5\" data-element_type=\"widget\" data-e-type=\"widget\" data-widget_type=\"image.default\">\n\t\t\t\t<div class=\"elementor-widget-container\">\n\t\t\t\t\t\t\t\t\t\t\t\t\t\t\t<img decoding=\"async\" src=\"https:\/\/healingofsouls.com\/no\/wp-content\/plugins\/exclusive-addons-for-elementor\/assets\/img\/placeholder.png\" title=\"\" alt=\"\" loading=\"lazy\" \/>\t\t\t\t\t\t\t\t\t\t\t\t\t\t\t<\/div>\n\t\t\t\t<\/div>\n\t\t\t\t\t<\/div>\n\t\t\t\t<\/div>\n\t\t\t\t<\/div>\n\t\t","protected":false},"excerpt":{"rendered":"<p>Hva er skytsengler? Skytsengler finnes! De er med deg fra start til slutt og i motsetning til hjelpere s\u00e5 blir skytsengler hos deg hele veien. Se p\u00e5 de som mektige og guddommelige \u00e5ndelige guider som kan hjelpe deg med \u00e5 navigere i livet.\u00a0N\u00e5r du begynner \u00e5 bli kjent med dine skytsengler, blir det mye lettere [&hellip;]<\/p>\n","protected":false},"author":1,"featured_media":0,"parent":0,"menu_order":0,"comment_status":"closed","ping_status":"closed","template":"template-fullwidth.php","meta":{"footnotes":""},"class_list":["post-5324","page","type-page","status-publish","hentry"],"_links":{"self":[{"href":"https:\/\/healingofsouls.com\/no\/wp-json\/wp\/v2\/pages\/5324","targetHints":{"allow":["GET"]}}],"collection":[{"href":"https:\/\/healingofsouls.com\/no\/wp-json\/wp\/v2\/pages"}],"about":[{"href":"https:\/\/healingofsouls.com\/no\/wp-json\/wp\/v2\/types\/page"}],"author":[{"embeddable":true,"href":"https:\/\/healingofsouls.com\/no\/wp-json\/wp\/v2\/users\/1"}],"replies":[{"embeddable":true,"href":"https:\/\/healingofsouls.com\/no\/wp-json\/wp\/v2\/comments?post=5324"}],"version-history":[{"count":4,"href":"https:\/\/healingofsouls.com\/no\/wp-json\/wp\/v2\/pages\/5324\/revisions"}],"predecessor-version":[{"id":5329,"href":"https:\/\/healingofsouls.com\/no\/wp-json\/wp\/v2\/pages\/5324\/revisions\/5329"}],"wp:attachment":[{"href":"https:\/\/healingofsouls.com\/no\/wp-json\/wp\/v2\/media?parent=5324"}],"curies":[{"name":"wp","href":"https:\/\/api.w.org\/{rel}","templated":true}]}}