{"id":374,"date":"2023-10-19T19:40:46","date_gmt":"2023-10-19T17:40:46","guid":{"rendered":"https:\/\/new.healingofsouls.com\/no\/?page_id=374"},"modified":"2024-04-04T12:00:06","modified_gmt":"2024-04-04T10:00:06","slug":"kurs","status":"publish","type":"page","link":"https:\/\/healingofsouls.com\/no\/kurs\/","title":{"rendered":"Kursoversikt"},"content":{"rendered":"\n<p>Her finner du kursene du har tilgang til. For \u00e5 se alle kursene dine, m\u00e5 du v\u00e6re innlogget. <a href=\"https:\/\/healingofsouls.com\/no\/min-konto\">Du kan logge deg inn her.<\/a><\/p>\n\n\n\n\n\n\n\n\n\n\n\n\n\n\n\n\n\n\n\n\n\n\n\n\n\n\n\n","protected":false},"excerpt":{"rendered":"<p>Her finner du kursene du har tilgang til. For \u00e5 se alle kursene dine, m\u00e5 du v\u00e6re innlogget. Du kan logge deg inn her.<\/p>\n","protected":false},"author":1,"featured_media":0,"parent":0,"menu_order":0,"comment_status":"closed","ping_status":"closed","template":"template-fullwidth.php","meta":{"footnotes":""},"class_list":["post-374","page","type-page","status-publish","hentry"],"_links":{"self":[{"href":"https:\/\/healingofsouls.com\/no\/wp-json\/wp\/v2\/pages\/374","targetHints":{"allow":["GET"]}}],"collection":[{"href":"https:\/\/healingofsouls.com\/no\/wp-json\/wp\/v2\/pages"}],"about":[{"href":"https:\/\/healingofsouls.com\/no\/wp-json\/wp\/v2\/types\/page"}],"author":[{"embeddable":true,"href":"https:\/\/healingofsouls.com\/no\/wp-json\/wp\/v2\/users\/1"}],"replies":[{"embeddable":true,"href":"https:\/\/healingofsouls.com\/no\/wp-json\/wp\/v2\/comments?post=374"}],"version-history":[{"count":14,"href":"https:\/\/healingofsouls.com\/no\/wp-json\/wp\/v2\/pages\/374\/revisions"}],"predecessor-version":[{"id":6616,"href":"https:\/\/healingofsouls.com\/no\/wp-json\/wp\/v2\/pages\/374\/revisions\/6616"}],"wp:attachment":[{"href":"https:\/\/healingofsouls.com\/no\/wp-json\/wp\/v2\/media?parent=374"}],"curies":[{"name":"wp","href":"https:\/\/api.w.org\/{rel}","templated":true}]}}