{"id":3662,"date":"2023-11-06T15:12:44","date_gmt":"2023-11-06T14:12:44","guid":{"rendered":"https:\/\/healingofsouls.com\/no\/?page_id=3662"},"modified":"2023-11-06T15:15:26","modified_gmt":"2023-11-06T14:15:26","slug":"kort","status":"publish","type":"page","link":"https:\/\/healingofsouls.com\/no\/kort\/","title":{"rendered":"Kort"},"content":{"rendered":"\t\t<div data-elementor-type=\"wp-page\" data-elementor-id=\"3662\" class=\"elementor elementor-3662\">\n\t\t\t\t<div class=\"elementor-element elementor-element-5b4061b e-flex e-con-boxed e-con e-parent\" data-id=\"5b4061b\" data-element_type=\"container\" data-e-type=\"container\">\n\t\t\t\t\t<div class=\"e-con-inner\">\n\t\t\t\t<div class=\"elementor-element elementor-element-9650596 exad-sticky-section-no exad-glass-effect-no elementor-widget elementor-widget-text-editor\" data-id=\"9650596\" data-element_type=\"widget\" data-e-type=\"widget\" data-widget_type=\"text-editor.default\">\n\t\t\t\t<div class=\"elementor-widget-container\">\n\t\t\t\t\t\t\t\t\t<p>Her finner du kort du kan bruke for \u00e5 f\u00e5 \u00e5ndelig veiledning.<\/p>\t\t\t\t\t\t\t\t<\/div>\n\t\t\t\t<\/div>\n\t\t\t\t\t<\/div>\n\t\t\t\t<\/div>\n\t\t<div class=\"elementor-element elementor-element-350848e e-flex e-con-boxed e-con e-parent\" data-id=\"350848e\" data-element_type=\"container\" data-e-type=\"container\">\n\t\t\t\t\t<div class=\"e-con-inner\">\n\t\t\t\t<div class=\"elementor-element elementor-element-9df4806 eael-product-grid-column-4 exad-sticky-section-no exad-glass-effect-no elementor-widget elementor-widget-eicon-woocommerce\" data-id=\"9df4806\" data-element_type=\"widget\" data-e-type=\"widget\" data-widget_type=\"eicon-woocommerce.default\">\n\t\t\t\t<div class=\"elementor-widget-container\">\n\t\t\t\t\t\n        <div class=\"eael-product-grid eael-product-simple masonry\" id=\"eael-product-grid\" data-widget-id=\"9df4806\" data-page-id=\"3662\" data-nonce=\"9fdcea9d23\" >\n            <div class=\"woocommerce\">\n                <ul class=\"products eael-post-appender eael-post-appender-9df4806\" data-ssi-desktop=\"no\" data-ssi-tablet=\"no\" data-ssi-mobile=\"no\" data-layout-mode=\"masonry\"> <li class=\"product \">\n<div class=\"eael-product-wrap\" data-src=\"\" data-src-hover=\"\">\n    <a href=\"https:\/\/healingofsouls.com\/no\/produkt\/tarotkort\/\" class=\"woocommerce-LoopProduct-link woocommerce-loop-product__link\"><img fetchpriority=\"high\" decoding=\"async\" width=\"300\" height=\"169\" src=\"https:\/\/healingofsouls.com\/no\/wp-content\/uploads\/sites\/2\/2023\/11\/43-300x169.jpg\" class=\"attachment-woocommerce_thumbnail size-woocommerce_thumbnail wvs-archive-product-image\" alt=\"Tarotkort med stikkord\" loading=\"eager\" srcset=\"https:\/\/healingofsouls.com\/no\/wp-content\/uploads\/sites\/2\/2023\/11\/43-300x169.jpg 300w, https:\/\/healingofsouls.com\/no\/wp-content\/uploads\/sites\/2\/2023\/11\/43-1024x576.jpg 1024w, https:\/\/healingofsouls.com\/no\/wp-content\/uploads\/sites\/2\/2023\/11\/43-768x432.jpg 768w, https:\/\/healingofsouls.com\/no\/wp-content\/uploads\/sites\/2\/2023\/11\/43-1536x864.jpg 1536w, https:\/\/healingofsouls.com\/no\/wp-content\/uploads\/sites\/2\/2023\/11\/43-416x234.jpg 416w, https:\/\/healingofsouls.com\/no\/wp-content\/uploads\/sites\/2\/2023\/11\/43.jpg 1920w\" sizes=\"(max-width: 300px) 100vw, 300px\" \/><\/a><div class=\"eael-product-title\">\n    <a href=\"https:\/\/healingofsouls.com\/no\/produkt\/tarotkort\/\" class=\"woocommerce-LoopProduct-link woocommerce-loop-product__link\"><h2 class=\"woocommerce-loop-product__title\">Tarotkort med stikkord<\/h2><\/a>\n    <\/div><div class=\"eael-product-price\"><span class=\"woocommerce-Price-amount amount\"><bdi><span class=\"woocommerce-Price-currencySymbol\">&#107;&#114;<\/span>&nbsp;199,00<\/bdi><\/span><\/div>    <a href=\"\/no\/wp-json\/wp\/v2\/pages\/3662?add-to-cart=3617\" aria-describedby=\"woocommerce_loop_add_to_cart_link_describedby_3617\" data-quantity=\"1\" class=\"button product_type_simple add_to_cart_button ajax_add_to_cart\" data-product_id=\"3617\" data-product_sku=\"\" aria-label=\"Legg i handlekurv: \u00abTarotkort med stikkord\u00bb\" rel=\"nofollow\" data-success_message=\"\u00abTarotkort med stikkord\u00bb ble lagt til i handlekurven\">Legg i handlekurv<\/a>\t<span id=\"woocommerce_loop_add_to_cart_link_describedby_3617\" class=\"screen-reader-text\">\n\t\t\t<\/span>\n    \n<\/div>\n\n<\/li><\/ul>            <\/div>\n        <\/div>\n\n        <script type=\"text\/javascript\">\n            jQuery(document).ready(function($) {\n                var $scope = jQuery(\".elementor-element-9df4806\");\n                var $products = $('.products', $scope);\n                var $layout_mode = $products.data('layout-mode');\n                \n                if ( $layout_mode === 'masonry' ) {\n                    \/\/ init isotope\n                    var $isotope_products = $products.isotope({\n                        itemSelector: \"li.product\",\n                        layoutMode: $layout_mode,\n                        percentPosition: true\n                    });\n\n                    $isotope_products.imagesLoaded().progress( function() {\n                        $isotope_products.isotope('layout');\n                    })\n                    \n                }\n            });\n        <\/script>\n        \t\t\t\t<\/div>\n\t\t\t\t<\/div>\n\t\t\t\t\t<\/div>\n\t\t\t\t<\/div>\n\t\t\t\t<\/div>\n\t\t","protected":false},"excerpt":{"rendered":"<p>Her finner du kort du kan bruke for \u00e5 f\u00e5 \u00e5ndelig veiledning. Tarotkort med stikkord &#107;&#114;&nbsp;199,00 Legg til i handlekurv<\/p>\n","protected":false},"author":1,"featured_media":0,"parent":0,"menu_order":0,"comment_status":"closed","ping_status":"closed","template":"template-fullwidth.php","meta":{"footnotes":""},"class_list":["post-3662","page","type-page","status-publish","hentry"],"_links":{"self":[{"href":"https:\/\/healingofsouls.com\/no\/wp-json\/wp\/v2\/pages\/3662","targetHints":{"allow":["GET"]}}],"collection":[{"href":"https:\/\/healingofsouls.com\/no\/wp-json\/wp\/v2\/pages"}],"about":[{"href":"https:\/\/healingofsouls.com\/no\/wp-json\/wp\/v2\/types\/page"}],"author":[{"embeddable":true,"href":"https:\/\/healingofsouls.com\/no\/wp-json\/wp\/v2\/users\/1"}],"replies":[{"embeddable":true,"href":"https:\/\/healingofsouls.com\/no\/wp-json\/wp\/v2\/comments?post=3662"}],"version-history":[{"count":10,"href":"https:\/\/healingofsouls.com\/no\/wp-json\/wp\/v2\/pages\/3662\/revisions"}],"predecessor-version":[{"id":3673,"href":"https:\/\/healingofsouls.com\/no\/wp-json\/wp\/v2\/pages\/3662\/revisions\/3673"}],"wp:attachment":[{"href":"https:\/\/healingofsouls.com\/no\/wp-json\/wp\/v2\/media?parent=3662"}],"curies":[{"name":"wp","href":"https:\/\/api.w.org\/{rel}","templated":true}]}}