{"id":2842,"date":"2023-11-01T21:04:53","date_gmt":"2023-11-01T20:04:53","guid":{"rendered":"https:\/\/healingofsouls.com\/no\/?page_id=2842"},"modified":"2023-11-01T21:22:30","modified_gmt":"2023-11-01T20:22:30","slug":"om-oss","status":"publish","type":"page","link":"https:\/\/healingofsouls.com\/no\/om-oss\/","title":{"rendered":"Om oss"},"content":{"rendered":"\t\t<div data-elementor-type=\"wp-page\" data-elementor-id=\"2842\" class=\"elementor elementor-2842\">\n\t\t\t\t<div class=\"elementor-element elementor-element-547fec7 e-flex e-con-boxed e-con e-parent\" data-id=\"547fec7\" data-element_type=\"container\" data-e-type=\"container\">\n\t\t\t\t\t<div class=\"e-con-inner\">\n\t\t\t\t<div class=\"elementor-element elementor-element-0f4ada2 exad-sticky-section-no exad-glass-effect-no elementor-widget elementor-widget-text-editor\" data-id=\"0f4ada2\" data-element_type=\"widget\" data-e-type=\"widget\" data-widget_type=\"text-editor.default\">\n\t\t\t\t<div class=\"elementor-widget-container\">\n\t\t\t\t\t\t\t\t\t<p class=\"tm7\"><strong><span class=\"tm8\">Min bakgrunn og m\u00e5l med denne siden:<\/span><\/strong><\/p><p class=\"tm7\">Jeg er en f\u00f8lsom sjel som aldri har passet inn. Gjennom livet har jeg hatt flere \u00e5ndelige opplevelser og dette er noe som har fulgt meg i ulik grad. Som barn kunne jeg gjemme meg meg under dyna for \u00e5 slippe \u00e5 se \u2018farget\u00e5ken\u2019 rundt meg, men gjennom ungdomstiden kunne jeg stille et sp\u00f8rsm\u00e5l til hjelpere og f\u00e5 direkte svar, svar i dr\u00f8mmer og dr\u00f8mme om ting som skjedde eller kom til \u00e5 skje hvis jeg ikke endret kurs.<\/p><p class=\"tm7\">Dette var ikke noe jeg jobbet aktivt med, men da jeg deltok p\u00e5 kurs hos <u><a href=\"https:\/\/www.facebook.com\/Magisk-visdom-1569554073319459\">Magisk Visdom<\/a><\/u> og Sara\u2019s i 2016, s\u00e5 forstod jeg s\u00e5 mye mer om hvorfor jeg opplevde det jeg gjorde. Intuisjonen ble vekket og jeg begynte \u00e5 jobbe med energier.\u00a0<\/p><p class=\"tm7\">Jeg har i etterkant g\u00e5tt p\u00e5 ulike kurs, men jeg har ogs\u00e5 holdt ulike oppl\u00e6ringer selv, som f.eks undervisning i pendulering, tarot, krystaller og runer.<\/p><p class=\"tm7\">I dag driver jeg med <u><a href=\"http:\/\/www.facebook.com\/healingofsoulsnorge\">Healing of Souls <\/a><\/u>p\u00e5 si , driver med <u><a href=\"http:\/\/www.facebook.com\/mariposablanca-spansk\">spanskkurs p\u00e5 nett<\/a><\/u> og pedagogisk side.\u00a0Jeg er utdannet pedagog og har fag\/arbeidserfaring innen psykologi, ledelse, didaktikk og pedagogikk.<\/p><p class=\"tm7\">Jeg er krystallgal (kanskje man kan kalle det steingal) og ellers veldig glad i skriving, h\u00e5ndarbeid og ikke minst l\u00e6rdom \/ personlig utvikling. Derfor \u00f8nsker jeg denne siden skal v\u00e6re en personlig side der du kan l\u00e6re om det alternative, f\u00e5 inspirasjon til \u00e5 jobbe med deg selv og skaffe utstyr som kan hjelpe deg og din \u00e5ndelige vekst. Jeg har troen p\u00e5 at vi mennesker har en enorm kraft til \u00e5 f\u00e5 til s\u00e5 mye bare vi t\u00f8r \u00e5 jobbe med oss selv og t\u00f8r \u00e5 ta noen sjanser.<\/p><p>Denne siden driver jeg med mannen min Andrew, som veileder og hjelper meg med det tekniske.<\/p>\t\t\t\t\t\t\t\t<\/div>\n\t\t\t\t<\/div>\n\t\t\t\t\t<\/div>\n\t\t\t\t<\/div>\n\t\t<div class=\"elementor-element elementor-element-f89b7b8 e-flex e-con-boxed e-con e-parent\" data-id=\"f89b7b8\" data-element_type=\"container\" data-e-type=\"container\">\n\t\t\t\t\t<div class=\"e-con-inner\">\n\t\t\t\t<div class=\"elementor-element elementor-element-3ff587e exad-sticky-section-no exad-glass-effect-no elementor-widget elementor-widget-image\" data-id=\"3ff587e\" data-element_type=\"widget\" data-e-type=\"widget\" data-widget_type=\"image.default\">\n\t\t\t\t<div class=\"elementor-widget-container\">\n\t\t\t\t\t\t\t\t\t\t\t\t\t\t\t<img fetchpriority=\"high\" decoding=\"async\" width=\"768\" height=\"432\" src=\"https:\/\/healingofsouls.com\/no\/wp-content\/uploads\/sites\/2\/2023\/11\/meg-kort-og-krystall-med-link-768x432.jpg\" class=\"attachment-medium_large size-medium_large wp-image-2847\" alt=\"\" srcset=\"https:\/\/healingofsouls.com\/no\/wp-content\/uploads\/sites\/2\/2023\/11\/meg-kort-og-krystall-med-link-768x432.jpg 768w, https:\/\/healingofsouls.com\/no\/wp-content\/uploads\/sites\/2\/2023\/11\/meg-kort-og-krystall-med-link-300x169.jpg 300w, https:\/\/healingofsouls.com\/no\/wp-content\/uploads\/sites\/2\/2023\/11\/meg-kort-og-krystall-med-link-1024x576.jpg 1024w, https:\/\/healingofsouls.com\/no\/wp-content\/uploads\/sites\/2\/2023\/11\/meg-kort-og-krystall-med-link-1536x864.jpg 1536w, https:\/\/healingofsouls.com\/no\/wp-content\/uploads\/sites\/2\/2023\/11\/meg-kort-og-krystall-med-link-416x234.jpg 416w, https:\/\/healingofsouls.com\/no\/wp-content\/uploads\/sites\/2\/2023\/11\/meg-kort-og-krystall-med-link.jpg 1920w\" sizes=\"(max-width: 768px) 100vw, 768px\" \/>\t\t\t\t\t\t\t\t\t\t\t\t\t\t\t<\/div>\n\t\t\t\t<\/div>\n\t\t\t\t\t<\/div>\n\t\t\t\t<\/div>\n\t\t\t\t<\/div>\n\t\t","protected":false},"excerpt":{"rendered":"<p>Min bakgrunn og m\u00e5l med denne siden: Jeg er en f\u00f8lsom sjel som aldri har passet inn. Gjennom livet har jeg hatt flere \u00e5ndelige opplevelser og dette er noe som har fulgt meg i ulik grad. Som barn kunne jeg gjemme meg meg under dyna for \u00e5 slippe \u00e5 se \u2018farget\u00e5ken\u2019 rundt meg, men gjennom [&hellip;]<\/p>\n","protected":false},"author":1,"featured_media":0,"parent":0,"menu_order":0,"comment_status":"closed","ping_status":"closed","template":"template-fullwidth.php","meta":{"footnotes":""},"class_list":["post-2842","page","type-page","status-publish","hentry"],"_links":{"self":[{"href":"https:\/\/healingofsouls.com\/no\/wp-json\/wp\/v2\/pages\/2842","targetHints":{"allow":["GET"]}}],"collection":[{"href":"https:\/\/healingofsouls.com\/no\/wp-json\/wp\/v2\/pages"}],"about":[{"href":"https:\/\/healingofsouls.com\/no\/wp-json\/wp\/v2\/types\/page"}],"author":[{"embeddable":true,"href":"https:\/\/healingofsouls.com\/no\/wp-json\/wp\/v2\/users\/1"}],"replies":[{"embeddable":true,"href":"https:\/\/healingofsouls.com\/no\/wp-json\/wp\/v2\/comments?post=2842"}],"version-history":[{"count":7,"href":"https:\/\/healingofsouls.com\/no\/wp-json\/wp\/v2\/pages\/2842\/revisions"}],"predecessor-version":[{"id":2850,"href":"https:\/\/healingofsouls.com\/no\/wp-json\/wp\/v2\/pages\/2842\/revisions\/2850"}],"wp:attachment":[{"href":"https:\/\/healingofsouls.com\/no\/wp-json\/wp\/v2\/media?parent=2842"}],"curies":[{"name":"wp","href":"https:\/\/api.w.org\/{rel}","templated":true}]}}