{"id":1130,"date":"2023-10-20T22:25:32","date_gmt":"2023-10-20T20:25:32","guid":{"rendered":"https:\/\/new.healingofsouls.com\/no\/?page_id=1130"},"modified":"2023-12-04T19:46:46","modified_gmt":"2023-12-04T18:46:46","slug":"personvernerklaering","status":"publish","type":"page","link":"https:\/\/healingofsouls.com\/no\/personvernerklaering\/","title":{"rendered":"Personvernerkl\u00e6ring"},"content":{"rendered":"\n<p><strong>PERSONVERN OG DIN TRYGGHET:<\/strong><br>Din informasjon brukes kun til<br>-kommunikasjon der det er behov for det<br>-til tredjeparter som posten, DHL, Sendmybag osv der varer skal sendes<br>Vi vil ellers beholde din informasjon hemmelig med mindre lovens lange arm ber om informasjonen av ulike \u00e5rsaker.<\/p>\n\n\n\n<p>Du har, som europeisk borger, rett til \u00e5 motta informasjonen vi har registrert om deg, og hvis du mener at den er feil eller irrelevant, kan du be om rettelse eller fjerning fra v\u00e5rt kunderegister. Kontakt i s\u00e5 fall kundeservice p\u00e5 hello@healingofsouls.com.<\/p>\n\n\n\n<p><strong>PERSONLIG INFORMASJON:<\/strong><br>Personlig informasjon i lesninger (f.eks informasjon som trengs for \u00e5 gj\u00f8re en kortlesning, f\u00f8dselsdato eller navn til numerologilesning) vil ikke deles med noen andre enn veileder (Healing of Souls) og mottaker (deg). Taushetsplikt holdes hellig, med mindre det dukker opp informasjon som kan skade noen (f.eks du sier du vil bombe slottet p\u00e5 fredag eller planlegger \u00e5 ta livet ditt) eller med mindre lovens lange arm ber om informasjonen.<br><br><strong>BETALING:<\/strong><br>All betaling skjer trygt og kryptert med SSL ( Secure Sockets Layer ) med Stripe eller Paypal. Vi garanterer at din informasjon er trygg og vi bruker kun kjente betalingsmidler. Vi har ingen tilgang til dine betalingsmidler eller kortinformasjon n\u00e5r du legger inn bestilling. Du mottar ingen kurs\/vare\/tjeneste f\u00f8r du fremviser bevis p\u00e5 vellykket bankoverf\u00f8ring\/f\u00f8r bankoverf\u00f8ringen er registrert.<\/p>\n\n\n\n<p><strong>COOKIES\/SPORING:<\/strong><br>Vi sjekker kun hvor det er mest aktivitet her p\u00e5 denne siden for \u00e5 tilpasse innholdet p\u00e5 best mulig m\u00e5te. Vi f\u00e5r ingen informasjon om hvem du er og hva du gj\u00f8r, men det kan hende det legges igjen spor fra v\u00e5r side p\u00e5 din bruker. Dette vil forsvinne automatisk om 30 dager.<\/p>\n\n\n\n<p><strong>RESERVASJON:<\/strong><br>Vi kan ta kontakt med deg p\u00e5 e-post eller telefon hvis det er forsinkelser eller andre typer utfordringer med bestillingen din, for \u00e5 f\u00e5 mer informasjon ang\u00e5ende bestillingen din eller for \u00e5 sende invitasjoner til arrangementer\/grupper som er relevant til kj\u00f8pe ditt (eksempel: Invitere deg som har kj\u00f8pt tarotkurs til en lukket Facebook gruppe for \u00e5 l\u00e6re mer tarot gratis med andre kursdeltakere). Uten om dette, vil vi ikke kontakte deg privat p\u00e5 noen som helst m\u00e5te som vil oppleves som krenkende for deg og vi vil ikke be om verken penger eller oppfordre til annen kj\u00f8p.&nbsp;<\/p>\n\n\n\n<p><strong>KONTAKTINFORMASJON:<\/strong><br>hello@healingofsouls.com<\/p>\n","protected":false},"excerpt":{"rendered":"<p>PERSONVERN OG DIN TRYGGHET:Din informasjon brukes kun til-kommunikasjon der det er behov for det-til tredjeparter som posten, DHL, Sendmybag osv der varer skal sendesVi vil ellers beholde din informasjon hemmelig med mindre lovens lange arm ber om informasjonen av ulike \u00e5rsaker. Du har, som europeisk borger, rett til \u00e5 motta informasjonen vi har registrert om [&hellip;]<\/p>\n","protected":false},"author":1,"featured_media":0,"parent":0,"menu_order":0,"comment_status":"closed","ping_status":"closed","template":"template-fullwidth.php","meta":{"footnotes":""},"class_list":["post-1130","page","type-page","status-publish","hentry"],"_links":{"self":[{"href":"https:\/\/healingofsouls.com\/no\/wp-json\/wp\/v2\/pages\/1130","targetHints":{"allow":["GET"]}}],"collection":[{"href":"https:\/\/healingofsouls.com\/no\/wp-json\/wp\/v2\/pages"}],"about":[{"href":"https:\/\/healingofsouls.com\/no\/wp-json\/wp\/v2\/types\/page"}],"author":[{"embeddable":true,"href":"https:\/\/healingofsouls.com\/no\/wp-json\/wp\/v2\/users\/1"}],"replies":[{"embeddable":true,"href":"https:\/\/healingofsouls.com\/no\/wp-json\/wp\/v2\/comments?post=1130"}],"version-history":[{"count":4,"href":"https:\/\/healingofsouls.com\/no\/wp-json\/wp\/v2\/pages\/1130\/revisions"}],"predecessor-version":[{"id":5611,"href":"https:\/\/healingofsouls.com\/no\/wp-json\/wp\/v2\/pages\/1130\/revisions\/5611"}],"wp:attachment":[{"href":"https:\/\/healingofsouls.com\/no\/wp-json\/wp\/v2\/media?parent=1130"}],"curies":[{"name":"wp","href":"https:\/\/api.w.org\/{rel}","templated":true}]}}