{"id":1129,"date":"2023-10-20T22:22:09","date_gmt":"2023-10-20T20:22:09","guid":{"rendered":"https:\/\/new.healingofsouls.com\/no\/?page_id=1129"},"modified":"2023-12-04T14:54:51","modified_gmt":"2023-12-04T13:54:51","slug":"kjopsvilkar","status":"publish","type":"page","link":"https:\/\/healingofsouls.com\/no\/kjopsvilkar\/","title":{"rendered":"Kj\u00f8psvilk\u00e5r og vilk\u00e5r for bruk av siden"},"content":{"rendered":"\n<h6 class=\"wp-block-heading\">Copyright \u00a9 2019-document.write(new Date().getFullYear()) 2023 Eames Learning (Healing of Souls :tidligere Sjelehealing)<br><br>Alle rettigheter er beskyttet. <\/h6>\n\n\n\n<p><\/p>\n\n\n\n<p><strong>HJEMMESIDENS INNHOLD OG V\u00c5RE RETTIGHETER:<br><\/strong>Healing of Souls (tidligere Sjelehealing) h\u00f8rer under Eames Learning (ogs\u00e5 kalt selskapet). Hjemmesidens \/ kursinnholdet er beskyttet av opphavsrett og er kun ment for personlig, ikke-kommersiell bruk. Du kan ikke bruke produktet, varer eller materialene som er tilgjengelige via nettsiden p\u00e5 en m\u00e5te som utgj\u00f8r en krenkelse av v\u00e5re rettigheter, eller p\u00e5 en m\u00e5te som ikke er godkjent av Eames Learning. Duplisering, deling eller opplasting av produktfiler for deling p\u00e5 andre nettsteder eller til andre mennesker, anses \u00e5 stjele og vil bli tiltalt i den grad loven tillater det. Du kan ikke endre, kopiere, reprodusere, publisere, laste opp, poste, overf\u00f8re, oversette, selge, lage deriverte verk, utnytte eller distribuere p\u00e5 noen m\u00e5te eller gi bort kurstilgang (inkludert e-post eller andre elektroniske midler). Dette vil bli anmeldt. Ta kontakt om du har sp\u00f8rsm\u00e5l ang\u00e5ende dette eller trenger skriftlig tillatelse til \u00e5 bruke sidens innhold.<\/p>\n\n\n\n<p class=\"has-black-color has-pale-pink-background-color has-text-color has-background has-link-color has-normal-font-size wp-elements-9b4fc779de341f41a12f3b60e73e2956\"><strong>NETTKURS OG MEDLEMSSIDER: <\/strong><br><strong>Endringer i kursvilk\u00e5r: <\/strong>Ved evt bevisst nedlegging av nettsiden mens du har tilgang til tidsbegrenset kurs, f\u00e5r du skriftlig beskjed p\u00e5 e-post 12 uker i forkant. Ved krisetilfeller (krig, d\u00f8dsfall, naturkatastrofer, brann etc) som f\u00f8rer til at nettsiden\/kursinnhold forsvinner, fraskriver selskapet all ansvar. <br><br><strong>Endringer i kursinnhold:<\/strong> Selskapet er stadig i endring, l\u00e6rer nye ting og dette kan p\u00e5virke kursinnholdet. Endres kursinnholdet, vil i s\u00e5fall kun v\u00e6re forbedringer, endring av kursoppsett eller bonus og selskapet tar oss friheten til \u00e5 flytte kurs til andre plattform ved behov. Du vil ikke bli informert om endringer i kursinnhold, men vil selvsagt bli informert om kurset m\u00e5 flyttes pga ulike \u00e5rsaker selskapet ikke kan kontrollere.<br><br><strong>Ved mangel p\u00e5 kurstilgang pga feil hos selskapet: <\/strong>Har du ikke kurstilgang pga feil med nettsiden, feil med utvidelser, andre tekniske feil eller virus\/malware p\u00e5 nettsiden, s\u00e5 vil du f\u00e5 forlenget kurstilgangen n\u00e5r problemet er ordnet.<br><br><strong>Ved mangel p\u00e5 kurstilgang pga sykdom \/ feil hos deg:<\/strong> Selskapet hjelper deg gjerne hvis du har problemer med \u00e5 komme inn p\u00e5 kursportalen, men det er ditt ansvar (ikke selskapets) \u00e5 s\u00f8rge for at din PC\/mobil\/nettbrett er fri for malware\/virus, at alle programmer er oppdaterte og at du bruker en oppdatert og anbefalt nettleser. Du har ikke rett p\u00e5 ekstra tilgang eller andre goder n\u00e5r teknisk feil, mangel p\u00e5 vedlikehold, virus\/malware o.l, eller n\u00e5r mangel p\u00e5 teknisk kunnskap ligger hos deg. Du har heller ikke rett p\u00e5 ekstra hjelp\/goder om det skjer uventede hendelser i ditt liv, men du har absolutt lov til \u00e5 ta kontakt med selskapet for \u00e5 diskutere dette \ud83d\ude09<br><br><strong>Nettveiledninger\/nettkurs innhold: <\/strong>Det st\u00e5r hvor lenge du har tilgang til nettkurs\/nettveiledninger n\u00e5r du skal kj\u00f8pe produktet. Det st\u00e5r p\u00e5 produktet om du har personlig hjelp inkludert. Du er fri til \u00e5 laste ned dokumenter fra kursene til personlig bruk, men du forplikter deg til \u00e5 ivareta Eames selskapets rettigheter til produktet.<br><br><strong>Forlengelse av kurs: <\/strong>Har du tidligere kj\u00f8pt et kurs og tilgangen har g\u00e5tt ut? Det er fullt forst\u00e5elig at livet kan komme i veien i blant. Eller kanskje du f\u00f8ler for \u00e5 repetere stoffet? Da kan du kj\u00f8pe forlenget tilgang til kurs. Samme vilk\u00e5r for fornyelse av kurs gjelder, men kursene som inkluderer personlig hjelp vil ikke ha personlig hjelp ved kursforlengelse.<br><br><strong>Manifesteringsworkshop:<\/strong> N\u00e5r du melder deg p\u00e5 denne workshopen godtar du at andre kursdeltakere kan se hva du skriver\/ deler p\u00e5 workshop og i medlemsgruppen. Du velger selv hvor mye du vil dele og hvor aktiv du vil v\u00e6re \u2013 alt p\u00e5 eget ansvar. Vi tar opp sendingen og inviterer til FB gruppe f\u00f8r kursstart. Det er din jobb \u00e5 s\u00f8rge for at du f\u00f8lger instrukser du f\u00e5r dersom du vil v\u00e6re med p\u00e5 workshop. Er du for sent til workshop eller ikke godtar Facebook gruppe invitasjonen, s\u00e5 er det ikke v\u00e5r plikt \u00e5 rette opp i dette for deg. Du har tilgang til gruppen\/opptak av workshop i en m\u00e5ned etter workshop dato.<br><br><strong>Fjernet fra medlemsider\/kurs\/workshop:<\/strong><br>N\u00e5r du melder deg p\u00e5 workshops, nettkurs eller medlemssider, godtar du at Eames Learning kan fjerne deg fra disse dersom du ikke betaler\/truer\/krenker selskapet eller andre deltakere\/har d\u00e5rlig oppf\u00f8rsel uten at du f\u00e5r pengene refundert.  Har du betalt for innehavende m\u00e5ned hvis du har et abonnement, blir medlemskapet ditt stoppet umiddelbart og ikke fornyet.<br><br><strong>Ved mangel p\u00e5 betaling:<br><\/strong>Har du en privat betalingsavtale med oss du ikke overholder eller abonnement, s\u00e5 vil du bli fjernet fra medlemssider\/miste kurstilgang dersom betaling uteblir. Har du betalt for innehavende m\u00e5ned blir medlemskapet ditt stoppet umiddelbart og ikke fornyet.<br><\/p>\n\n\n\n<p class=\"has-luminous-vivid-orange-color has-text-color has-link-color wp-elements-28df8710e795893798d0a834e76713be\"><strong>IKKE FORN\u00d8YD GARANTI:<\/strong><br>Ikke forn\u00f8yd garantien dekkes kun av fysiske produkter som er defekte. Dersom tilsendte produkter er \u00f8delagte eller ikke fungerer, ta kontakt p\u00e5 e-post hello@healingofsouls.com. Garantien gjelder ikke for sp\u00e5domstjenester, healing, nettveiledninger\/kurs\/portaler eller nedlastede produkter.<\/p>\n\n\n\n<p class=\"has-vivid-purple-color has-text-color has-link-color wp-elements-84244ba91bfaeeff2e501615901d27f0\"><strong>AVBESTILLING OG UTSETTELSE :<\/strong><br>Eames Learning forbeholder seg retten til \u00e5 avbryte eller utsette planlagte kurs og workshop av grunner utenfor selskapets kontroll. Ved avbestilling fra selskapets initiativ, vil kursavgiften bli tilbakebetalt. Ved utsettelse fra selskapets initiativ, kan kursdeltakeren f\u00e5 tilbud om \u00e5 delta p\u00e5 et senere tidspunkt eller f\u00e5 penger refundert.<\/p>\n\n\n\n<p><br><strong>FORCE MAJEOUR: <\/strong><br>Hvis Eames Learning eller dets tilknyttede selskaper (Posten, PostNord, Bring, WordPress, sosiale medier, add-ons, andre leveringsselskaper, domene hostingselskaper, leverand\u00f8rer) blir forhindret i \u00e5 levere eller foreta noen obligatorisk omlevering som f\u00f8lge av arbeidskonflikt eller annen omstendighet der partene ikke har kontroll, for eksempel ulykker, pandemi, krig, alvorlig sykdom, streik, terror, naturkatastrofer, mobilisering eller uforutsette milit\u00e6re innkallinger med tilsvarende omfang, rekvisisjon, beslag, valutabegrensninger, oppr\u00f8r og oppt\u00f8yer, mangel p\u00e5 transportmidler, generell r\u00e5vareknapphet, begrensning i str\u00f8mforsyningen og mangler ved\/forsinkelser i leveranser fra underleverand\u00f8rer eller produsenter p\u00e5 grunn av slike omtalte omstendigheter, er Eames Learning fritatt for alt annet ansvar.<br>Hvis vi ikke f\u00e5r levert kursinnhold pga teknisk feil p\u00e5 hjemmesiden eller portal, eller pga en oppdatering p\u00e5 WordPress som har g\u00e5tt galt som gj\u00f8r at medlemssidene endres, vennligst si ifra og vi vil finne en l\u00f8sning som gj\u00f8r at du skal f\u00e5 kursproduktet ditt p\u00e5 en eller annen m\u00e5te. Hvis du har tilgang til kurs for en begrenset periode vil perioden utvides for \u00e5 dekke den tiden du mistet tilgang.<\/p>\n\n\n\n<p class=\"has-black-color has-vivid-green-cyan-background-color has-text-color has-background has-link-color wp-elements-ff0a7063e114bb25abf85ff614f5d48f\"><strong>ANGRERETT<\/strong><br>Vi f\u00f8lger internasjonal angrerettslov. Du har rett til \u00e5 angre kj\u00f8pet av fysiske varer 14 dager etter kj\u00f8pet og har 30 dager p\u00e5 \u00e5 returnere fysiske defekte varer for \u00e5 kunne motta full refusjon. Etter Forbrukerloven paragraf 15 betaler du som kj\u00f8per returfrakt n\u00e5r det ubrukte produktet returneres i sin originale emballasje. Du har rett til \u00e5 be om tilbakebetaling eller prisavslag etter ett mislykket fors\u00f8k fra forhandleren p\u00e5 \u00e5 reparere eller erstatte en defekt vare. Ta kontakt med kundeservice p\u00e5 hello@healingofsouls.com<br><strong>Nettveiledninger\/nettkurs\/workshop\/medlemskap i portaler\/nedlastninger faller ikke under angrerett.<\/strong><\/p>\n\n\n\n<p class=\"has-black-color has-luminous-vivid-orange-background-color has-text-color has-background has-link-color wp-elements-b416f5fb14a051e090122361604fe3c3\"><strong>OM OSS:<\/strong><br>Healing of Souls (tidligere Sjelehealing) er en gren av ENK bedriften Eames Learning og best\u00e5r av L.E.T Eames (og hennes hjelpsomme engelske gentleman ektemann, som har bygget denne siden \/ er IT ansvarlig.)<br><\/p>\n\n\n\n<p class=\"has-vivid-cyan-blue-color has-text-color has-link-color wp-elements-91373c5351ad0e10ea7c4340f16d1fef\"><strong>KONTAKT:<\/strong><br>For \u00e5 kontakte kundeservice \/ Eames Learning, send e-post til hello@healingofsouls.com, ta kontakt p\u00e5 Facebook www.facebook.com\/healingofsoulsnorge eller p\u00e5 Instagram @healingofsoulsnorge.<\/p>\n\n\n\n<p class=\"has-black-color has-luminous-vivid-amber-background-color has-text-color has-background has-link-color wp-elements-1141917bc5edb2ee50edbc0a2ccc1697\"><strong>ANSVARSFRASKRIVELSE:<\/strong><br>Eames Learning tar ikke ansvar for kunders \/ f\u00f8lgeres fysiske og mentale helse og velv\u00e6re uansett i hvilket tilfelle det gjelder. Eames Learning stiller ikke diagnoser, sp\u00e5r ikke i fysisk helse og gir ikke r\u00e5dgivning innen vestlig medisinbruk. Ingen blir tvunget til \u00e5 gj\u00f8re.<br><br><strong>Ansvarsfraskrivelse ved kurskj\u00f8p \/ medlemskap:<\/strong> Ved \u00e5 kj\u00f8pe kurs, tjenester og produkter aksepterer du og godtar at du er fullt ansvarlig for din egen personlige fremdrift. Eames Learning tilbyr ingen garanti for resultater eller forn\u00f8ydshetsgaranti. Vi er alle forskjellige og kommer med ulik bagasje og behov. Du alene er ansvarlig for handlingene dine, og resultatene avhenger av personlige faktorer, inkludert dine ferdigheter, kunnskaper, evner og engasjement. \u00d8velse gj\u00f8r mester og du godtar at du tar ansvaret selv for din l\u00e6ring og fremgang.<br><br><strong>Ansvarsfraskrivelser artikler\/videoer\/sosiale medier: <\/strong>Eames Learning fraskriver seg all ansvar og \u00f8konomiske krav knyttet til v\u00e5re nettsteder, videoer, nyhetsbrev, kursportal, innhold i sosiale medier eller annet innhold. Vi har gjort alt vi kan for at innholdet skal v\u00e6re av h\u00f8y kvalitet og s\u00e5 originalt som mulig. Det har ikke v\u00e6rt en bevisst handling \u00e5 kopiere noen eller komme med farlig inspirasjon\/r\u00e5d.<br><br><strong>Ansvarsfraskrivelse healing:<\/strong> Eames Learning tar ikke ansvar for healing som ikke &#8216;lindrer&#8217; eller &#8216;kurerer&#8217;. Healing fungerer ulikt fra person til person, men det er kun ment som lindring \/ tilleggsbehandling i tillegg til kunders helsetjenester. Dessuten er det avhengig av energiene v\u00e5re matcher og du er villig til \u00e5 motta. Ta alltid kontakt med kvalifisert helsepersonell hvis du har helseutfordringer.<br><br><strong>Ansvarsfraskrivelse sp\u00e5dom:<\/strong> Eames Learning tar ikke ansvar for sp\u00e5dom som ikke g\u00e5r i oppfyllelse. Du f\u00e5r h\u00f8re om energien i det \u00f8yeblikket du\/din situasjon blir lest og du tar selv valg om hvilken retning du vil ta i livet. Du tar valg hver dag som endrer livsretningen din og det kan p\u00e5virke sp\u00e5dom p\u00e5 godt og vondt. Ta all sp\u00e5dom som veiledning \/ r\u00e5dgivning om du fortsetter p\u00e5 den veien du er p\u00e5 n\u00e5. Eames Learning tar ikke ansvar for tap eller noen form for skade eller uheldige hendelser, som en konsekvens av \u00e5 f\u00f8lge r\u00e5d, veiledning eller sp\u00e5dommer gitt til deg. Du har fri vilje og rett til \u00e5 bruke den.<\/p>\n\n\n\n<p class=\"has-black-color has-text-color has-link-color wp-elements-3f0311dc7590dc2338733787ea9bf93b\"><br><strong>Slik kan du f\u00e5 hjelp:<\/strong><\/p>\n\n\n\n<figure class=\"wp-block-image size-full\"><img fetchpriority=\"high\" decoding=\"async\" width=\"1024\" height=\"576\" src=\"https:\/\/healingofsouls.com\/no\/wp-content\/uploads\/sites\/2\/2023\/12\/Lysbilde1-1024x576-1.jpg\" alt=\"\" class=\"wp-image-5603\" srcset=\"https:\/\/healingofsouls.com\/no\/wp-content\/uploads\/sites\/2\/2023\/12\/Lysbilde1-1024x576-1.jpg 1024w, https:\/\/healingofsouls.com\/no\/wp-content\/uploads\/sites\/2\/2023\/12\/Lysbilde1-1024x576-1-300x169.jpg 300w, https:\/\/healingofsouls.com\/no\/wp-content\/uploads\/sites\/2\/2023\/12\/Lysbilde1-1024x576-1-768x432.jpg 768w, https:\/\/healingofsouls.com\/no\/wp-content\/uploads\/sites\/2\/2023\/12\/Lysbilde1-1024x576-1-416x234.jpg 416w\" sizes=\"(max-width: 1024px) 100vw, 1024px\" \/><\/figure>\n","protected":false},"excerpt":{"rendered":"<p>Copyright \u00a9 2019-document.write(new Date().getFullYear()) 2023 Eames Learning (Healing of Souls :tidligere Sjelehealing) Alle rettigheter er beskyttet. HJEMMESIDENS INNHOLD OG V\u00c5RE RETTIGHETER:Healing of Souls (tidligere Sjelehealing) h\u00f8rer under Eames Learning (ogs\u00e5 kalt selskapet). Hjemmesidens \/ kursinnholdet er beskyttet av opphavsrett og er kun ment for personlig, ikke-kommersiell bruk. Du kan ikke bruke produktet, varer eller materialene [&hellip;]<\/p>\n","protected":false},"author":1,"featured_media":0,"parent":0,"menu_order":0,"comment_status":"closed","ping_status":"closed","template":"template-fullwidth.php","meta":{"footnotes":""},"class_list":["post-1129","page","type-page","status-publish","hentry"],"_links":{"self":[{"href":"https:\/\/healingofsouls.com\/no\/wp-json\/wp\/v2\/pages\/1129","targetHints":{"allow":["GET"]}}],"collection":[{"href":"https:\/\/healingofsouls.com\/no\/wp-json\/wp\/v2\/pages"}],"about":[{"href":"https:\/\/healingofsouls.com\/no\/wp-json\/wp\/v2\/types\/page"}],"author":[{"embeddable":true,"href":"https:\/\/healingofsouls.com\/no\/wp-json\/wp\/v2\/users\/1"}],"replies":[{"embeddable":true,"href":"https:\/\/healingofsouls.com\/no\/wp-json\/wp\/v2\/comments?post=1129"}],"version-history":[{"count":14,"href":"https:\/\/healingofsouls.com\/no\/wp-json\/wp\/v2\/pages\/1129\/revisions"}],"predecessor-version":[{"id":5612,"href":"https:\/\/healingofsouls.com\/no\/wp-json\/wp\/v2\/pages\/1129\/revisions\/5612"}],"wp:attachment":[{"href":"https:\/\/healingofsouls.com\/no\/wp-json\/wp\/v2\/media?parent=1129"}],"curies":[{"name":"wp","href":"https:\/\/api.w.org\/{rel}","templated":true}]}}